{"id":1953,"date":"2020-11-07T02:33:02","date_gmt":"2020-11-07T02:33:02","guid":{"rendered":"https:\/\/torebunia.pl\/sklep\/produkt\/furla-torebka-skorzana-1927\/"},"modified":"2021-01-25T14:16:04","modified_gmt":"2021-01-25T14:16:04","slug":"furla-torebka-skorzana-1927","status":"publish","type":"product","link":"https:\/\/torebunia.pl\/sklep\/produkt\/furla-torebka-skorzana-1927\/","title":{"rendered":"Furla &#8211; Torebka sk\u00f3rzana 1927"},"content":{"rendered":"<p>Parametry produktu:<\/p>\n<ul>\n<li>cena: <strong>1759.0 PLN<\/strong><\/li>\n<li>marka: <strong>FURLA<\/strong><\/li>\n<li>p\u0142e\u0107: <strong>Female<\/strong><\/li>\n<li>kategoria: <strong>ONA \/ Akcesoria \/ Torebki \/ Crossbody i listonoszki<\/strong><\/li>\n<li>kolor: <strong>czarny<\/strong><\/li>\n<\/ul>\n<p>Opis:<br \/>\nMa\u0142a torebka z kolekcji Furla. Model zapinany wykonany ze sk\u00f3ry naturalnej. &#8211; Zapi\u0119cie na zatrzask. &#8211; Torebka do noszenia w r\u0119ku lub na ramieniu. &#8211; Nieodpinany d\u0142ugi pasek bez regulacji. &#8211; Nie mie\u015bci formatu A4. &#8211; Do\u0142\u0105czony pokrowiec. &#8211; D\u0142ugo\u015b\u0107 paska: 133 cm. &#8211; G\u0142\u0119boko\u015b\u0107: 8 cm. &#8211; Wysoko\u015b\u0107: 16 cm. &#8211; Szeroko\u015b\u0107 u podstawy: 24 cm. Wz\u00f3r: g\u0142adkie Wielko\u015b\u0107: nie mie\u015bci A4 Materia\u0142: sk\u00f3ra licowa Sk\u0142ad: Materia\u0142 zasadniczy: 100 % Sk\u00f3ra naturalna, Inne materia\u0142y: 22 % Nylon, 78 % Wiskoza ID produktu: 4900-TOD1PZ Kod producenta: BAFIACO.KO0000.O6000<\/p>\n","protected":false},"excerpt":{"rendered":"<p>Parametry produktu: cena: 1759.0 PLN marka: FURLA p\u0142e\u0107: Female kategoria: ONA \/ Akcesoria \/ Torebki \/ Crossbody i listonoszki kolor: czarny Opis: Ma\u0142a torebka z kolekcji Furla. Model zapinany wykonany<\/p>\n","protected":false},"featured_media":1954,"comment_status":"closed","ping_status":"open","template":"","meta":[],"class_list":{"0":"post-1953","1":"product","2":"type-product","3":"status-publish","5":"hentry","6":"product_cat-akcesoria","7":"product_cat-crossbody-i-listonoszki","8":"product_cat-ona","9":"product_cat-torebki","10":"product_tag-furla","11":"product_tag-furla-torebka-skorzana-1927"},"yoast_head":"<!-- This site is optimized with the Yoast SEO plugin v15.6.2 - https:\/\/yoast.com\/wordpress\/plugins\/seo\/ -->\n<title>Furla - Torebka sk\u00f3rzana 1927<\/title>\n<meta name=\"robots\" content=\"index, follow, max-snippet:-1, max-image-preview:large, max-video-preview:-1\" \/>\n<link rel=\"canonical\" href=\"https:\/\/torebunia.pl\/sklep\/produkt\/furla-torebka-skorzana-1927\/\" \/>\n<meta property=\"og:locale\" content=\"pl_PL\" \/>\n<meta property=\"og:type\" content=\"article\" \/>\n<meta property=\"og:title\" content=\"Furla - Torebka sk\u00f3rzana 1927\" \/>\n<meta property=\"og:description\" content=\"Parametry produktu: cena: 1759.0 PLN marka: FURLA p\u0142e\u0107: Female kategoria: ONA \/ Akcesoria \/ Torebki \/ Crossbody i listonoszki kolor: czarny Opis: Ma\u0142a torebka z kolekcji Furla. Model zapinany wykonany\" \/>\n<meta property=\"og:url\" content=\"https:\/\/torebunia.pl\/sklep\/produkt\/furla-torebka-skorzana-1927\/\" \/>\n<meta property=\"og:site_name\" content=\"Moje Blog\" \/>\n<meta property=\"article:modified_time\" content=\"2021-01-25T14:16:04+00:00\" \/>\n<meta property=\"og:image\" content=\"https:\/\/torebunia.pl\/sklep\/wp-content\/uploads\/2021\/01\/88fa5da0c450f8427987fb8a94b611b3b91ee2ac.jpg\" \/>\n\t<meta property=\"og:image:width\" content=\"855\" \/>\n\t<meta property=\"og:image:height\" content=\"1290\" \/>\n<meta name=\"twitter:card\" content=\"summary_large_image\" \/>\n<meta name=\"twitter:label1\" content=\"Est. reading time\">\n\t<meta name=\"twitter:data1\" content=\"1 minuta\">\n<script type=\"application\/ld+json\" class=\"yoast-schema-graph\">{\"@context\":\"https:\/\/schema.org\",\"@graph\":[{\"@type\":\"WebSite\",\"@id\":\"https:\/\/torebunia.pl\/sklep\/#website\",\"url\":\"https:\/\/torebunia.pl\/sklep\/\",\"name\":\"Moje Blog\",\"description\":\"Kolejna witryna WordPress\",\"potentialAction\":[{\"@type\":\"SearchAction\",\"target\":\"https:\/\/torebunia.pl\/sklep\/?s={search_term_string}\",\"query-input\":\"required name=search_term_string\"}],\"inLanguage\":\"pl-PL\"},{\"@type\":\"ImageObject\",\"@id\":\"https:\/\/torebunia.pl\/sklep\/produkt\/furla-torebka-skorzana-1927\/#primaryimage\",\"inLanguage\":\"pl-PL\",\"url\":\"https:\/\/torebunia.pl\/sklep\/wp-content\/uploads\/2021\/01\/88fa5da0c450f8427987fb8a94b611b3b91ee2ac.jpg\",\"width\":855,\"height\":1290,\"caption\":\"Furla - Torebka sk\\u00f3rzana 1927\"},{\"@type\":\"WebPage\",\"@id\":\"https:\/\/torebunia.pl\/sklep\/produkt\/furla-torebka-skorzana-1927\/#webpage\",\"url\":\"https:\/\/torebunia.pl\/sklep\/produkt\/furla-torebka-skorzana-1927\/\",\"name\":\"Furla - Torebka sk\\u00f3rzana 1927\",\"isPartOf\":{\"@id\":\"https:\/\/torebunia.pl\/sklep\/#website\"},\"primaryImageOfPage\":{\"@id\":\"https:\/\/torebunia.pl\/sklep\/produkt\/furla-torebka-skorzana-1927\/#primaryimage\"},\"datePublished\":\"2020-11-07T02:33:02+00:00\",\"dateModified\":\"2021-01-25T14:16:04+00:00\",\"inLanguage\":\"pl-PL\",\"potentialAction\":[{\"@type\":\"ReadAction\",\"target\":[\"https:\/\/torebunia.pl\/sklep\/produkt\/furla-torebka-skorzana-1927\/\"]}]}]}<\/script>\n<!-- \/ Yoast SEO plugin. -->","_links":{"self":[{"href":"https:\/\/torebunia.pl\/sklep\/wp-json\/wp\/v2\/product\/1953","targetHints":{"allow":["GET"]}}],"collection":[{"href":"https:\/\/torebunia.pl\/sklep\/wp-json\/wp\/v2\/product"}],"about":[{"href":"https:\/\/torebunia.pl\/sklep\/wp-json\/wp\/v2\/types\/product"}],"replies":[{"embeddable":true,"href":"https:\/\/torebunia.pl\/sklep\/wp-json\/wp\/v2\/comments?post=1953"}],"wp:featuredmedia":[{"embeddable":true,"href":"https:\/\/torebunia.pl\/sklep\/wp-json\/wp\/v2\/media\/1954"}],"wp:attachment":[{"href":"https:\/\/torebunia.pl\/sklep\/wp-json\/wp\/v2\/media?parent=1953"}],"curies":[{"name":"wp","href":"https:\/\/api.w.org\/{rel}","templated":true}]}}