{"id":1945,"date":"2020-10-08T19:15:55","date_gmt":"2020-10-08T19:15:55","guid":{"rendered":"https:\/\/torebunia.pl\/sklep\/produkt\/undiz-biustonosz-anonymiz\/"},"modified":"2021-01-25T14:15:50","modified_gmt":"2021-01-25T14:15:50","slug":"undiz-biustonosz-anonymiz","status":"publish","type":"product","link":"https:\/\/torebunia.pl\/sklep\/produkt\/undiz-biustonosz-anonymiz\/","title":{"rendered":"Undiz &#8211; Biustonosz Anonymiz"},"content":{"rendered":"<p>Parametry produktu:<\/p>\n<ul>\n<li>cena: <strong>49.9 PLN<\/strong><\/li>\n<li>marka: <strong>Undiz<\/strong><\/li>\n<li>p\u0142e\u0107: <strong>Female<\/strong><\/li>\n<li>kategoria: <strong>ONA \/ Odzie\u017c \/ Bielizna \/ Biustonosze<\/strong><\/li>\n<li>kolor: <strong>bia\u0142y<\/strong><\/li>\n<\/ul>\n<p>Opis:<br \/>\nBiustonosz w fasonie klasycznym z kolekcji Undiz. Model wykonany z koronkowego materia\u0142u. &#8211; Regulowane zapi\u0119cie na haftki. &#8211; Regulowane, nieodpinane rami\u0105czka. &#8211; G\u0142adka miseczka. &#8211; Mi\u0119kka miseczka. Wz\u00f3r: g\u0142adkie Miseczka: mi\u0119kka Miseczka: bez fiszbin\u00f3w Materia\u0142: koronka Materia\u0142: tkanina Sk\u0142ad: Materia\u0142 1: 14 % Elastan, 86 % Poliamid, Materia\u0142 2: 100 % Bawe\u0142na ID produktu: 4900-BID0Z2 Kod producenta: 652109701<\/p>\n","protected":false},"excerpt":{"rendered":"<p>Parametry produktu: cena: 49.9 PLN marka: Undiz p\u0142e\u0107: Female kategoria: ONA \/ Odzie\u017c \/ Bielizna \/ Biustonosze kolor: bia\u0142y Opis: Biustonosz w fasonie klasycznym z kolekcji Undiz. Model wykonany z<\/p>\n","protected":false},"featured_media":1946,"comment_status":"closed","ping_status":"open","template":"","meta":[],"class_list":{"0":"post-1945","1":"product","2":"type-product","3":"status-publish","5":"hentry","6":"product_cat-bielizna","7":"product_cat-biustonosze","8":"product_cat-odziez","9":"product_cat-ona","10":"product_tag-undiz","11":"product_tag-undiz-biustonosz-anonymiz"},"yoast_head":"<!-- This site is optimized with the Yoast SEO plugin v15.6.2 - https:\/\/yoast.com\/wordpress\/plugins\/seo\/ -->\n<title>Undiz - Biustonosz Anonymiz<\/title>\n<meta name=\"robots\" content=\"index, follow, max-snippet:-1, max-image-preview:large, max-video-preview:-1\" \/>\n<link rel=\"canonical\" href=\"https:\/\/torebunia.pl\/sklep\/produkt\/undiz-biustonosz-anonymiz\/\" \/>\n<meta property=\"og:locale\" content=\"pl_PL\" \/>\n<meta property=\"og:type\" content=\"article\" \/>\n<meta property=\"og:title\" content=\"Undiz - Biustonosz Anonymiz\" \/>\n<meta property=\"og:description\" content=\"Parametry produktu: cena: 49.9 PLN marka: Undiz p\u0142e\u0107: Female kategoria: ONA \/ Odzie\u017c \/ Bielizna \/ Biustonosze kolor: bia\u0142y Opis: Biustonosz w fasonie klasycznym z kolekcji Undiz. Model wykonany z\" \/>\n<meta property=\"og:url\" content=\"https:\/\/torebunia.pl\/sklep\/produkt\/undiz-biustonosz-anonymiz\/\" \/>\n<meta property=\"og:site_name\" content=\"Moje Blog\" \/>\n<meta property=\"article:modified_time\" content=\"2021-01-25T14:15:50+00:00\" \/>\n<meta property=\"og:image\" content=\"https:\/\/torebunia.pl\/sklep\/wp-content\/uploads\/2021\/01\/348ff0264941028497af501c2aa8e7c44fcf9b47.jpg\" \/>\n\t<meta property=\"og:image:width\" content=\"855\" \/>\n\t<meta property=\"og:image:height\" content=\"1290\" \/>\n<meta name=\"twitter:card\" content=\"summary_large_image\" \/>\n<script type=\"application\/ld+json\" class=\"yoast-schema-graph\">{\"@context\":\"https:\/\/schema.org\",\"@graph\":[{\"@type\":\"WebSite\",\"@id\":\"https:\/\/torebunia.pl\/sklep\/#website\",\"url\":\"https:\/\/torebunia.pl\/sklep\/\",\"name\":\"Moje Blog\",\"description\":\"Kolejna witryna WordPress\",\"potentialAction\":[{\"@type\":\"SearchAction\",\"target\":\"https:\/\/torebunia.pl\/sklep\/?s={search_term_string}\",\"query-input\":\"required name=search_term_string\"}],\"inLanguage\":\"pl-PL\"},{\"@type\":\"ImageObject\",\"@id\":\"https:\/\/torebunia.pl\/sklep\/produkt\/undiz-biustonosz-anonymiz\/#primaryimage\",\"inLanguage\":\"pl-PL\",\"url\":\"https:\/\/torebunia.pl\/sklep\/wp-content\/uploads\/2021\/01\/348ff0264941028497af501c2aa8e7c44fcf9b47.jpg\",\"width\":855,\"height\":1290,\"caption\":\"Undiz - Biustonosz Anonymiz\"},{\"@type\":\"WebPage\",\"@id\":\"https:\/\/torebunia.pl\/sklep\/produkt\/undiz-biustonosz-anonymiz\/#webpage\",\"url\":\"https:\/\/torebunia.pl\/sklep\/produkt\/undiz-biustonosz-anonymiz\/\",\"name\":\"Undiz - Biustonosz Anonymiz\",\"isPartOf\":{\"@id\":\"https:\/\/torebunia.pl\/sklep\/#website\"},\"primaryImageOfPage\":{\"@id\":\"https:\/\/torebunia.pl\/sklep\/produkt\/undiz-biustonosz-anonymiz\/#primaryimage\"},\"datePublished\":\"2020-10-08T19:15:55+00:00\",\"dateModified\":\"2021-01-25T14:15:50+00:00\",\"inLanguage\":\"pl-PL\",\"potentialAction\":[{\"@type\":\"ReadAction\",\"target\":[\"https:\/\/torebunia.pl\/sklep\/produkt\/undiz-biustonosz-anonymiz\/\"]}]}]}<\/script>\n<!-- \/ Yoast SEO plugin. -->","_links":{"self":[{"href":"https:\/\/torebunia.pl\/sklep\/wp-json\/wp\/v2\/product\/1945","targetHints":{"allow":["GET"]}}],"collection":[{"href":"https:\/\/torebunia.pl\/sklep\/wp-json\/wp\/v2\/product"}],"about":[{"href":"https:\/\/torebunia.pl\/sklep\/wp-json\/wp\/v2\/types\/product"}],"replies":[{"embeddable":true,"href":"https:\/\/torebunia.pl\/sklep\/wp-json\/wp\/v2\/comments?post=1945"}],"wp:featuredmedia":[{"embeddable":true,"href":"https:\/\/torebunia.pl\/sklep\/wp-json\/wp\/v2\/media\/1946"}],"wp:attachment":[{"href":"https:\/\/torebunia.pl\/sklep\/wp-json\/wp\/v2\/media?parent=1945"}],"curies":[{"name":"wp","href":"https:\/\/api.w.org\/{rel}","templated":true}]}}