{"id":1941,"date":"2020-04-25T18:27:10","date_gmt":"2020-04-25T18:27:10","guid":{"rendered":"https:\/\/torebunia.pl\/sklep\/produkt\/love-moschino-plecak\/"},"modified":"2021-01-25T14:15:43","modified_gmt":"2021-01-25T14:15:43","slug":"love-moschino-plecak","status":"publish","type":"product","link":"https:\/\/torebunia.pl\/sklep\/produkt\/love-moschino-plecak\/","title":{"rendered":"Love Moschino &#8211; Plecak"},"content":{"rendered":"<p>Parametry produktu:<\/p>\n<ul>\n<li>cena: <strong>929.9 PLN<\/strong><\/li>\n<li>marka: <strong>Love Moschino<\/strong><\/li>\n<li>p\u0142e\u0107: <strong>Female<\/strong><\/li>\n<li>kategoria: <strong>ONA \/ Akcesoria \/ Plecaki<\/strong><\/li>\n<li>kolor: <strong>czarny<\/strong><\/li>\n<\/ul>\n<p>Opis:<br \/>\nPlecak z kolekcji Love Moschino. Model wykonany z sk\u00f3ry ekologicznej. &#8211; Jednokomorowy model. &#8211; Kiesze\u0144 z przodu. &#8211; Uchwyt do r\u0119ki. &#8211; Regulowana d\u0142ugo\u015b\u0107 pask\u00f3w. &#8211; Nie mie\u015bci formatu A4. &#8211; Model z aplikacj\u0105. &#8211; G\u0142\u0119boko\u015b\u0107: 13 cm. &#8211; Szeroko\u015b\u0107 u podstawy: 24 cm. &#8211; Wysoko\u015b\u0107: 33 cm. Rodzaj: eleganckie Wz\u00f3r: aplikacja Wielko\u015b\u0107: nie mie\u015bci A4 Materia\u0142: imitacja sk\u00f3ry licowej Sk\u0142ad: Materia\u0142 syntetyczny ID produktu: 4900-PKD046 Kod producenta: JC4215PP0BKB0000<\/p>\n","protected":false},"excerpt":{"rendered":"<p>Parametry produktu: cena: 929.9 PLN marka: Love Moschino p\u0142e\u0107: Female kategoria: ONA \/ Akcesoria \/ Plecaki kolor: czarny Opis: Plecak z kolekcji Love Moschino. Model wykonany z sk\u00f3ry ekologicznej. &#8211;<\/p>\n","protected":false},"featured_media":1942,"comment_status":"closed","ping_status":"open","template":"","meta":[],"class_list":{"0":"post-1941","1":"product","2":"type-product","3":"status-publish","5":"hentry","6":"product_cat-akcesoria","7":"product_cat-ona","8":"product_cat-plecaki","9":"product_tag-love-moschino","10":"product_tag-love-moschino-plecak"},"yoast_head":"<!-- This site is optimized with the Yoast SEO plugin v15.6.2 - https:\/\/yoast.com\/wordpress\/plugins\/seo\/ -->\n<title>Love Moschino - Plecak<\/title>\n<meta name=\"robots\" content=\"index, follow, max-snippet:-1, max-image-preview:large, max-video-preview:-1\" \/>\n<link rel=\"canonical\" href=\"https:\/\/torebunia.pl\/sklep\/produkt\/love-moschino-plecak\/\" \/>\n<meta property=\"og:locale\" content=\"pl_PL\" \/>\n<meta property=\"og:type\" content=\"article\" \/>\n<meta property=\"og:title\" content=\"Love Moschino - Plecak\" \/>\n<meta property=\"og:description\" content=\"Parametry produktu: cena: 929.9 PLN marka: Love Moschino p\u0142e\u0107: Female kategoria: ONA \/ Akcesoria \/ Plecaki kolor: czarny Opis: Plecak z kolekcji Love Moschino. Model wykonany z sk\u00f3ry ekologicznej. &#8211;\" \/>\n<meta property=\"og:url\" content=\"https:\/\/torebunia.pl\/sklep\/produkt\/love-moschino-plecak\/\" \/>\n<meta property=\"og:site_name\" content=\"Moje Blog\" \/>\n<meta property=\"article:modified_time\" content=\"2021-01-25T14:15:43+00:00\" \/>\n<meta property=\"og:image\" content=\"https:\/\/torebunia.pl\/sklep\/wp-content\/uploads\/2021\/01\/42fbfba4bf2f2b91e9abfd04f2b12fc6cb23a7cf.jpg\" \/>\n\t<meta property=\"og:image:width\" content=\"855\" \/>\n\t<meta property=\"og:image:height\" content=\"1290\" \/>\n<meta name=\"twitter:card\" content=\"summary_large_image\" \/>\n<script type=\"application\/ld+json\" class=\"yoast-schema-graph\">{\"@context\":\"https:\/\/schema.org\",\"@graph\":[{\"@type\":\"WebSite\",\"@id\":\"https:\/\/torebunia.pl\/sklep\/#website\",\"url\":\"https:\/\/torebunia.pl\/sklep\/\",\"name\":\"Moje Blog\",\"description\":\"Kolejna witryna WordPress\",\"potentialAction\":[{\"@type\":\"SearchAction\",\"target\":\"https:\/\/torebunia.pl\/sklep\/?s={search_term_string}\",\"query-input\":\"required name=search_term_string\"}],\"inLanguage\":\"pl-PL\"},{\"@type\":\"ImageObject\",\"@id\":\"https:\/\/torebunia.pl\/sklep\/produkt\/love-moschino-plecak\/#primaryimage\",\"inLanguage\":\"pl-PL\",\"url\":\"https:\/\/torebunia.pl\/sklep\/wp-content\/uploads\/2021\/01\/42fbfba4bf2f2b91e9abfd04f2b12fc6cb23a7cf.jpg\",\"width\":855,\"height\":1290,\"caption\":\"Love Moschino - Plecak\"},{\"@type\":\"WebPage\",\"@id\":\"https:\/\/torebunia.pl\/sklep\/produkt\/love-moschino-plecak\/#webpage\",\"url\":\"https:\/\/torebunia.pl\/sklep\/produkt\/love-moschino-plecak\/\",\"name\":\"Love Moschino - Plecak\",\"isPartOf\":{\"@id\":\"https:\/\/torebunia.pl\/sklep\/#website\"},\"primaryImageOfPage\":{\"@id\":\"https:\/\/torebunia.pl\/sklep\/produkt\/love-moschino-plecak\/#primaryimage\"},\"datePublished\":\"2020-04-25T18:27:10+00:00\",\"dateModified\":\"2021-01-25T14:15:43+00:00\",\"inLanguage\":\"pl-PL\",\"potentialAction\":[{\"@type\":\"ReadAction\",\"target\":[\"https:\/\/torebunia.pl\/sklep\/produkt\/love-moschino-plecak\/\"]}]}]}<\/script>\n<!-- \/ Yoast SEO plugin. -->","_links":{"self":[{"href":"https:\/\/torebunia.pl\/sklep\/wp-json\/wp\/v2\/product\/1941","targetHints":{"allow":["GET"]}}],"collection":[{"href":"https:\/\/torebunia.pl\/sklep\/wp-json\/wp\/v2\/product"}],"about":[{"href":"https:\/\/torebunia.pl\/sklep\/wp-json\/wp\/v2\/types\/product"}],"replies":[{"embeddable":true,"href":"https:\/\/torebunia.pl\/sklep\/wp-json\/wp\/v2\/comments?post=1941"}],"wp:featuredmedia":[{"embeddable":true,"href":"https:\/\/torebunia.pl\/sklep\/wp-json\/wp\/v2\/media\/1942"}],"wp:attachment":[{"href":"https:\/\/torebunia.pl\/sklep\/wp-json\/wp\/v2\/media?parent=1941"}],"curies":[{"name":"wp","href":"https:\/\/api.w.org\/{rel}","templated":true}]}}