{"id":19394,"date":"2020-12-27T12:39:19","date_gmt":"2020-12-27T12:39:19","guid":{"rendered":"https:\/\/torebunia.pl\/sklep\/produkt\/brave-soul-kombinezon-pizamowy-4\/"},"modified":"2021-01-27T15:12:41","modified_gmt":"2021-01-27T15:12:41","slug":"brave-soul-kombinezon-pizamowy-4","status":"publish","type":"product","link":"https:\/\/torebunia.pl\/sklep\/produkt\/brave-soul-kombinezon-pizamowy-4\/","title":{"rendered":"Brave Soul &#8211; Kombinezon pi\u017camowy"},"content":{"rendered":"<p>Parametry produktu:<\/p>\n<ul>\n<li>cena: <strong>129.9 PLN<\/strong><\/li>\n<li>marka: <strong>Brave Soul<\/strong><\/li>\n<li>p\u0142e\u0107: <strong>Female<\/strong><\/li>\n<li>kategoria: <strong>ONA \/ Odzie\u017c \/ Bielizna \/ Pi\u017camy<\/strong><\/li>\n<li>kolor: <strong>br\u0105zowy<\/strong><\/li>\n<\/ul>\n<p>Opis:<br \/>\nKombinezon pi\u017camowy z kolekcji Brave Soul. Model wykonany z g\u0142adkiej dzianiny. &#8211; Model z kapturem. &#8211; Zapi\u0119cie na suwak. &#8211; Prosty fason. &#8211; Gruby materia\u0142. &#8211; D\u0142ugo\u015b\u0107 r\u0119kawa: 68 cm. &#8211; Szeroko\u015b\u0107 w pasie: 49 cm. &#8211; D\u0142ugo\u015b\u0107: 152 cm. &#8211; Szeroko\u015b\u0107 pod pachami: 50 cm. &#8211; Wymiary podane dla rozmiaru: S. Wz\u00f3r: g\u0142adkie Rodzaj: komplet Materia\u0142: dzianina Sk\u0142ad: 100 % Poliester ID produktu: 4900-BID0IA Kod producenta: LPJ.463MONKEYONE<\/p>\n","protected":false},"excerpt":{"rendered":"<p>Parametry produktu: cena: 129.9 PLN marka: Brave Soul p\u0142e\u0107: Female kategoria: ONA \/ Odzie\u017c \/ Bielizna \/ Pi\u017camy kolor: br\u0105zowy Opis: Kombinezon pi\u017camowy z kolekcji Brave Soul. Model wykonany z<\/p>\n","protected":false},"featured_media":19395,"comment_status":"closed","ping_status":"open","template":"","meta":[],"class_list":{"0":"post-19394","1":"product","2":"type-product","3":"status-publish","5":"hentry","6":"product_cat-bielizna","7":"product_cat-odziez","8":"product_cat-ona","9":"product_cat-pizamy","10":"product_tag-brave-soul","11":"product_tag-brave-soul-kombinezon-pizamowy"},"yoast_head":"<!-- This site is optimized with the Yoast SEO plugin v15.6.2 - https:\/\/yoast.com\/wordpress\/plugins\/seo\/ -->\n<title>Brave Soul - Kombinezon pi\u017camowy<\/title>\n<meta name=\"robots\" content=\"index, follow, max-snippet:-1, max-image-preview:large, max-video-preview:-1\" \/>\n<link rel=\"canonical\" href=\"https:\/\/torebunia.pl\/sklep\/produkt\/brave-soul-kombinezon-pizamowy-4\/\" \/>\n<meta property=\"og:locale\" content=\"pl_PL\" \/>\n<meta property=\"og:type\" content=\"article\" \/>\n<meta property=\"og:title\" content=\"Brave Soul - Kombinezon pi\u017camowy\" \/>\n<meta property=\"og:description\" content=\"Parametry produktu: cena: 129.9 PLN marka: Brave Soul p\u0142e\u0107: Female kategoria: ONA \/ Odzie\u017c \/ Bielizna \/ Pi\u017camy kolor: br\u0105zowy Opis: Kombinezon pi\u017camowy z kolekcji Brave Soul. Model wykonany z\" \/>\n<meta property=\"og:url\" content=\"https:\/\/torebunia.pl\/sklep\/produkt\/brave-soul-kombinezon-pizamowy-4\/\" \/>\n<meta property=\"og:site_name\" content=\"Moje Blog\" \/>\n<meta property=\"article:modified_time\" content=\"2021-01-27T15:12:41+00:00\" \/>\n<meta property=\"og:image\" content=\"https:\/\/torebunia.pl\/sklep\/wp-content\/uploads\/2021\/01\/a5eb759e0b20071ad4a57ad6008ff20a2ad3ffba-2.jpg\" \/>\n\t<meta property=\"og:image:width\" content=\"855\" \/>\n\t<meta property=\"og:image:height\" content=\"1290\" \/>\n<meta name=\"twitter:card\" content=\"summary_large_image\" \/>\n<script type=\"application\/ld+json\" class=\"yoast-schema-graph\">{\"@context\":\"https:\/\/schema.org\",\"@graph\":[{\"@type\":\"WebSite\",\"@id\":\"https:\/\/torebunia.pl\/sklep\/#website\",\"url\":\"https:\/\/torebunia.pl\/sklep\/\",\"name\":\"Moje Blog\",\"description\":\"Kolejna witryna WordPress\",\"potentialAction\":[{\"@type\":\"SearchAction\",\"target\":\"https:\/\/torebunia.pl\/sklep\/?s={search_term_string}\",\"query-input\":\"required name=search_term_string\"}],\"inLanguage\":\"pl-PL\"},{\"@type\":\"ImageObject\",\"@id\":\"https:\/\/torebunia.pl\/sklep\/produkt\/brave-soul-kombinezon-pizamowy-4\/#primaryimage\",\"inLanguage\":\"pl-PL\",\"url\":\"https:\/\/torebunia.pl\/sklep\/wp-content\/uploads\/2021\/01\/a5eb759e0b20071ad4a57ad6008ff20a2ad3ffba-2.jpg\",\"width\":855,\"height\":1290,\"caption\":\"Brave Soul - Kombinezon pi\\u017camowy\"},{\"@type\":\"WebPage\",\"@id\":\"https:\/\/torebunia.pl\/sklep\/produkt\/brave-soul-kombinezon-pizamowy-4\/#webpage\",\"url\":\"https:\/\/torebunia.pl\/sklep\/produkt\/brave-soul-kombinezon-pizamowy-4\/\",\"name\":\"Brave Soul - Kombinezon pi\\u017camowy\",\"isPartOf\":{\"@id\":\"https:\/\/torebunia.pl\/sklep\/#website\"},\"primaryImageOfPage\":{\"@id\":\"https:\/\/torebunia.pl\/sklep\/produkt\/brave-soul-kombinezon-pizamowy-4\/#primaryimage\"},\"datePublished\":\"2020-12-27T12:39:19+00:00\",\"dateModified\":\"2021-01-27T15:12:41+00:00\",\"inLanguage\":\"pl-PL\",\"potentialAction\":[{\"@type\":\"ReadAction\",\"target\":[\"https:\/\/torebunia.pl\/sklep\/produkt\/brave-soul-kombinezon-pizamowy-4\/\"]}]}]}<\/script>\n<!-- \/ Yoast SEO plugin. -->","_links":{"self":[{"href":"https:\/\/torebunia.pl\/sklep\/wp-json\/wp\/v2\/product\/19394","targetHints":{"allow":["GET"]}}],"collection":[{"href":"https:\/\/torebunia.pl\/sklep\/wp-json\/wp\/v2\/product"}],"about":[{"href":"https:\/\/torebunia.pl\/sklep\/wp-json\/wp\/v2\/types\/product"}],"replies":[{"embeddable":true,"href":"https:\/\/torebunia.pl\/sklep\/wp-json\/wp\/v2\/comments?post=19394"}],"wp:featuredmedia":[{"embeddable":true,"href":"https:\/\/torebunia.pl\/sklep\/wp-json\/wp\/v2\/media\/19395"}],"wp:attachment":[{"href":"https:\/\/torebunia.pl\/sklep\/wp-json\/wp\/v2\/media?parent=19394"}],"curies":[{"name":"wp","href":"https:\/\/api.w.org\/{rel}","templated":true}]}}