{"id":19382,"date":"2020-11-16T00:27:25","date_gmt":"2020-11-16T00:27:25","guid":{"rendered":"https:\/\/torebunia.pl\/sklep\/produkt\/mango-bluzka-elegance\/"},"modified":"2021-01-27T15:12:18","modified_gmt":"2021-01-27T15:12:18","slug":"mango-bluzka-elegance","status":"publish","type":"product","link":"https:\/\/torebunia.pl\/sklep\/produkt\/mango-bluzka-elegance\/","title":{"rendered":"Mango &#8211; Bluzka Elegance"},"content":{"rendered":"<p>Parametry produktu:<\/p>\n<ul>\n<li>cena: <strong>119.99 PLN<\/strong><\/li>\n<li>marka: <strong>Mango<\/strong><\/li>\n<li>p\u0142e\u0107: <strong>Female<\/strong><\/li>\n<li>kategoria: <strong>ONA \/ Odzie\u017c \/ Bluzki i koszule \/ Bluzki<\/strong><\/li>\n<li>kolor: <strong>bia\u0142y<\/strong><\/li>\n<\/ul>\n<p>Opis:<br \/>\nBluzka z kolekcji Mango. Model wykonany z g\u0142adkiej tkaniny. Posiada spiczasty dekolt. &#8211; Spiczasty dekolt. &#8211; Lu\u017any fason. &#8211; Obni\u017cona linia ramion. &#8211; G\u0142adka tkanina. Wz\u00f3r: g\u0142adkie Dekolt: szpic R\u0119kaw: d\u0142ugi Materia\u0142: wiskoza Okazje: eleganckie Fason: relaxed Sk\u0142ad: 100 % Wiskoza ID produktu: -100-BDD002 Kod producenta: 77094420<\/p>\n","protected":false},"excerpt":{"rendered":"<p>Parametry produktu: cena: 119.99 PLN marka: Mango p\u0142e\u0107: Female kategoria: ONA \/ Odzie\u017c \/ Bluzki i koszule \/ Bluzki kolor: bia\u0142y Opis: Bluzka z kolekcji Mango. Model wykonany z g\u0142adkiej<\/p>\n","protected":false},"featured_media":19383,"comment_status":"closed","ping_status":"open","template":"","meta":[],"class_list":{"0":"post-19382","1":"product","2":"type-product","3":"status-publish","5":"hentry","6":"product_cat-bluzki","7":"product_cat-bluzki-i-koszule","8":"product_cat-odziez","9":"product_cat-ona","10":"product_tag-mango","11":"product_tag-mango-bluzka-elegance"},"yoast_head":"<!-- This site is optimized with the Yoast SEO plugin v15.6.2 - https:\/\/yoast.com\/wordpress\/plugins\/seo\/ -->\n<title>Mango - Bluzka Elegance<\/title>\n<meta name=\"robots\" content=\"index, follow, max-snippet:-1, max-image-preview:large, max-video-preview:-1\" \/>\n<link rel=\"canonical\" href=\"https:\/\/torebunia.pl\/sklep\/produkt\/mango-bluzka-elegance\/\" \/>\n<meta property=\"og:locale\" content=\"pl_PL\" \/>\n<meta property=\"og:type\" content=\"article\" \/>\n<meta property=\"og:title\" content=\"Mango - Bluzka Elegance\" \/>\n<meta property=\"og:description\" content=\"Parametry produktu: cena: 119.99 PLN marka: Mango p\u0142e\u0107: Female kategoria: ONA \/ Odzie\u017c \/ Bluzki i koszule \/ Bluzki kolor: bia\u0142y Opis: Bluzka z kolekcji Mango. Model wykonany z g\u0142adkiej\" \/>\n<meta property=\"og:url\" content=\"https:\/\/torebunia.pl\/sklep\/produkt\/mango-bluzka-elegance\/\" \/>\n<meta property=\"og:site_name\" content=\"Moje Blog\" \/>\n<meta property=\"article:modified_time\" content=\"2021-01-27T15:12:18+00:00\" \/>\n<meta property=\"og:image\" content=\"https:\/\/torebunia.pl\/sklep\/wp-content\/uploads\/2021\/01\/fd03e9553d824630d13cb7b30eb132e8ce6a194a.jpg\" \/>\n\t<meta property=\"og:image:width\" content=\"855\" \/>\n\t<meta property=\"og:image:height\" content=\"1290\" \/>\n<meta name=\"twitter:card\" content=\"summary_large_image\" \/>\n<script type=\"application\/ld+json\" class=\"yoast-schema-graph\">{\"@context\":\"https:\/\/schema.org\",\"@graph\":[{\"@type\":\"WebSite\",\"@id\":\"https:\/\/torebunia.pl\/sklep\/#website\",\"url\":\"https:\/\/torebunia.pl\/sklep\/\",\"name\":\"Moje Blog\",\"description\":\"Kolejna witryna WordPress\",\"potentialAction\":[{\"@type\":\"SearchAction\",\"target\":\"https:\/\/torebunia.pl\/sklep\/?s={search_term_string}\",\"query-input\":\"required name=search_term_string\"}],\"inLanguage\":\"pl-PL\"},{\"@type\":\"ImageObject\",\"@id\":\"https:\/\/torebunia.pl\/sklep\/produkt\/mango-bluzka-elegance\/#primaryimage\",\"inLanguage\":\"pl-PL\",\"url\":\"https:\/\/torebunia.pl\/sklep\/wp-content\/uploads\/2021\/01\/fd03e9553d824630d13cb7b30eb132e8ce6a194a.jpg\",\"width\":855,\"height\":1290,\"caption\":\"Mango - Bluzka Elegance\"},{\"@type\":\"WebPage\",\"@id\":\"https:\/\/torebunia.pl\/sklep\/produkt\/mango-bluzka-elegance\/#webpage\",\"url\":\"https:\/\/torebunia.pl\/sklep\/produkt\/mango-bluzka-elegance\/\",\"name\":\"Mango - Bluzka Elegance\",\"isPartOf\":{\"@id\":\"https:\/\/torebunia.pl\/sklep\/#website\"},\"primaryImageOfPage\":{\"@id\":\"https:\/\/torebunia.pl\/sklep\/produkt\/mango-bluzka-elegance\/#primaryimage\"},\"datePublished\":\"2020-11-16T00:27:25+00:00\",\"dateModified\":\"2021-01-27T15:12:18+00:00\",\"inLanguage\":\"pl-PL\",\"potentialAction\":[{\"@type\":\"ReadAction\",\"target\":[\"https:\/\/torebunia.pl\/sklep\/produkt\/mango-bluzka-elegance\/\"]}]}]}<\/script>\n<!-- \/ Yoast SEO plugin. -->","_links":{"self":[{"href":"https:\/\/torebunia.pl\/sklep\/wp-json\/wp\/v2\/product\/19382","targetHints":{"allow":["GET"]}}],"collection":[{"href":"https:\/\/torebunia.pl\/sklep\/wp-json\/wp\/v2\/product"}],"about":[{"href":"https:\/\/torebunia.pl\/sklep\/wp-json\/wp\/v2\/types\/product"}],"replies":[{"embeddable":true,"href":"https:\/\/torebunia.pl\/sklep\/wp-json\/wp\/v2\/comments?post=19382"}],"wp:featuredmedia":[{"embeddable":true,"href":"https:\/\/torebunia.pl\/sklep\/wp-json\/wp\/v2\/media\/19383"}],"wp:attachment":[{"href":"https:\/\/torebunia.pl\/sklep\/wp-json\/wp\/v2\/media?parent=19382"}],"curies":[{"name":"wp","href":"https:\/\/api.w.org\/{rel}","templated":true}]}}