{"id":1935,"date":"2020-06-02T15:14:00","date_gmt":"2020-06-02T15:14:00","guid":{"rendered":"https:\/\/torebunia.pl\/sklep\/produkt\/answear-mokasyny\/"},"modified":"2021-01-27T11:35:30","modified_gmt":"2021-01-27T11:35:30","slug":"answear-mokasyny","status":"publish","type":"product","link":"https:\/\/torebunia.pl\/sklep\/produkt\/answear-mokasyny\/","title":{"rendered":"Answear &#8211; Mokasyny"},"content":{"rendered":"<p>Parametry produktu:<\/p>\n<ul>\n<li>cena: <strong>129.9 PLN<\/strong><\/li>\n<li>marka: <strong>ANSWEAR<\/strong><\/li>\n<li>p\u0142e\u0107: <strong>Female<\/strong><\/li>\n<li>kategoria: <strong>ONA \/ Obuwie \/ Mokasyny i p\u00f3\u0142buty \/ Mokasyny<\/strong><\/li>\n<li>kolor: <strong>czarny<\/strong><\/li>\n<\/ul>\n<p>Opis:<br \/>\nMokasyny z kolekcji Answear. Model wykonany ze sk\u00f3ry ekologicznej. &#8211; Gumowa podeszwa. &#8211; Usztywniony ko\u0142nierz cholewki. &#8211; Lekko usztywniony nosek. &#8211; Ozdobne detale. &#8211; D\u0142ugo\u015b\u0107 wk\u0142adki wynosi: 23 cm. &#8211; Wymiary podane dla rozmiaru: 37. Obcas: p\u0142aski Materia\u0142: imitacja sk\u00f3ry licowej Sk\u0142ad: Cholewka: Materia\u0142 syntetyczny, Wn\u0119trze: Materia\u0142 syntetyczny, Podeszwa: Materia\u0142 syntetyczny ID produktu: -100-OBD01W Kod producenta: FM31103A.P<\/p>\n","protected":false},"excerpt":{"rendered":"<p>Parametry produktu: cena: 129.9 PLN marka: ANSWEAR p\u0142e\u0107: Female kategoria: ONA \/ Obuwie \/ Mokasyny i p\u00f3\u0142buty \/ Mokasyny kolor: czarny Opis: Mokasyny z kolekcji Answear. Model wykonany ze sk\u00f3ry<\/p>\n","protected":false},"featured_media":1936,"comment_status":"closed","ping_status":"open","template":"","meta":[],"class_list":{"0":"post-1935","1":"product","2":"type-product","3":"status-publish","5":"hentry","6":"product_cat-mokasyny","7":"product_cat-mokasyny-i-polbuty","8":"product_cat-obuwie","9":"product_cat-ona","10":"product_tag-answear","11":"product_tag-answear-mokasyny"},"yoast_head":"<!-- This site is optimized with the Yoast SEO plugin v15.6.2 - https:\/\/yoast.com\/wordpress\/plugins\/seo\/ -->\n<title>Answear - Mokasyny<\/title>\n<meta name=\"robots\" content=\"index, follow, max-snippet:-1, max-image-preview:large, max-video-preview:-1\" \/>\n<link rel=\"canonical\" href=\"https:\/\/torebunia.pl\/sklep\/produkt\/answear-mokasyny\/\" \/>\n<meta property=\"og:locale\" content=\"pl_PL\" \/>\n<meta property=\"og:type\" content=\"article\" \/>\n<meta property=\"og:title\" content=\"Answear - Mokasyny\" \/>\n<meta property=\"og:description\" content=\"Parametry produktu: cena: 129.9 PLN marka: ANSWEAR p\u0142e\u0107: Female kategoria: ONA \/ Obuwie \/ Mokasyny i p\u00f3\u0142buty \/ Mokasyny kolor: czarny Opis: Mokasyny z kolekcji Answear. Model wykonany ze sk\u00f3ry\" \/>\n<meta property=\"og:url\" content=\"https:\/\/torebunia.pl\/sklep\/produkt\/answear-mokasyny\/\" \/>\n<meta property=\"og:site_name\" content=\"Moje Blog\" \/>\n<meta property=\"article:modified_time\" content=\"2021-01-27T11:35:30+00:00\" \/>\n<meta property=\"og:image\" content=\"https:\/\/torebunia.pl\/sklep\/wp-content\/uploads\/2021\/01\/6c139a37fc0bd274102c7e7fc9aba19c2c11d714.jpg\" \/>\n\t<meta property=\"og:image:width\" content=\"855\" \/>\n\t<meta property=\"og:image:height\" content=\"1290\" \/>\n<meta name=\"twitter:card\" content=\"summary_large_image\" \/>\n<script type=\"application\/ld+json\" class=\"yoast-schema-graph\">{\"@context\":\"https:\/\/schema.org\",\"@graph\":[{\"@type\":\"WebSite\",\"@id\":\"https:\/\/torebunia.pl\/sklep\/#website\",\"url\":\"https:\/\/torebunia.pl\/sklep\/\",\"name\":\"Moje Blog\",\"description\":\"Kolejna witryna WordPress\",\"potentialAction\":[{\"@type\":\"SearchAction\",\"target\":\"https:\/\/torebunia.pl\/sklep\/?s={search_term_string}\",\"query-input\":\"required name=search_term_string\"}],\"inLanguage\":\"pl-PL\"},{\"@type\":\"ImageObject\",\"@id\":\"https:\/\/torebunia.pl\/sklep\/produkt\/answear-mokasyny\/#primaryimage\",\"inLanguage\":\"pl-PL\",\"url\":\"https:\/\/torebunia.pl\/sklep\/wp-content\/uploads\/2021\/01\/6c139a37fc0bd274102c7e7fc9aba19c2c11d714.jpg\",\"width\":855,\"height\":1290,\"caption\":\"Answear - Mokasyny\"},{\"@type\":\"WebPage\",\"@id\":\"https:\/\/torebunia.pl\/sklep\/produkt\/answear-mokasyny\/#webpage\",\"url\":\"https:\/\/torebunia.pl\/sklep\/produkt\/answear-mokasyny\/\",\"name\":\"Answear - Mokasyny\",\"isPartOf\":{\"@id\":\"https:\/\/torebunia.pl\/sklep\/#website\"},\"primaryImageOfPage\":{\"@id\":\"https:\/\/torebunia.pl\/sklep\/produkt\/answear-mokasyny\/#primaryimage\"},\"datePublished\":\"2020-06-02T15:14:00+00:00\",\"dateModified\":\"2021-01-27T11:35:30+00:00\",\"inLanguage\":\"pl-PL\",\"potentialAction\":[{\"@type\":\"ReadAction\",\"target\":[\"https:\/\/torebunia.pl\/sklep\/produkt\/answear-mokasyny\/\"]}]}]}<\/script>\n<!-- \/ Yoast SEO plugin. -->","_links":{"self":[{"href":"https:\/\/torebunia.pl\/sklep\/wp-json\/wp\/v2\/product\/1935","targetHints":{"allow":["GET"]}}],"collection":[{"href":"https:\/\/torebunia.pl\/sklep\/wp-json\/wp\/v2\/product"}],"about":[{"href":"https:\/\/torebunia.pl\/sklep\/wp-json\/wp\/v2\/types\/product"}],"replies":[{"embeddable":true,"href":"https:\/\/torebunia.pl\/sklep\/wp-json\/wp\/v2\/comments?post=1935"}],"wp:featuredmedia":[{"embeddable":true,"href":"https:\/\/torebunia.pl\/sklep\/wp-json\/wp\/v2\/media\/1936"}],"wp:attachment":[{"href":"https:\/\/torebunia.pl\/sklep\/wp-json\/wp\/v2\/media?parent=1935"}],"curies":[{"name":"wp","href":"https:\/\/api.w.org\/{rel}","templated":true}]}}