{"id":19286,"date":"2020-05-27T17:38:22","date_gmt":"2020-05-27T17:38:22","guid":{"rendered":"https:\/\/torebunia.pl\/sklep\/produkt\/coach-torebka-skorzana\/"},"modified":"2021-01-27T15:09:11","modified_gmt":"2021-01-27T15:09:11","slug":"coach-torebka-skorzana","status":"publish","type":"product","link":"https:\/\/torebunia.pl\/sklep\/produkt\/coach-torebka-skorzana\/","title":{"rendered":"Coach &#8211; Torebka sk\u00f3rzana"},"content":{"rendered":"<p>Parametry produktu:<\/p>\n<ul>\n<li>cena: <strong>1499.0 PLN<\/strong><\/li>\n<li>marka: <strong>COACH<\/strong><\/li>\n<li>p\u0142e\u0107: <strong>Female<\/strong><\/li>\n<li>kategoria: <strong>ONA \/ Akcesoria \/ Torebki \/ Crossbody i listonoszki<\/strong><\/li>\n<li>kolor: <strong>czarny<\/strong><\/li>\n<\/ul>\n<p>Opis:<br \/>\nMa\u0142a torebka z kolekcji Coach. Zapinany model wykonany ze sk\u00f3ry naturalnej. &#8211; Wewn\u0105trz zapinane przegrody. &#8211; Zapi\u0119cie na zatrzask. &#8211; Torebka do noszenia na ramieniu. &#8211; Dopinany d\u0142u\u017cszy pasek z regulacj\u0105. &#8211; Nie mie\u015bci formatu A4. &#8211; Do\u0142\u0105czony pokrowiec. &#8211; G\u0142\u0119boko\u015b\u0107: 7 cm. &#8211; Wysoko\u015b\u0107: 14 cm. &#8211; Szeroko\u015b\u0107 u podstawy: 26 cm. Wz\u00f3r: g\u0142adkie Wielko\u015b\u0107: nie mie\u015bci A4 Materia\u0142: sk\u00f3ra licowa Pasek: odpinany pasek Sk\u0142ad: 100 % Sk\u00f3ra naturalna ID produktu: 4901-TOD0DI Kod producenta: 73995<\/p>\n","protected":false},"excerpt":{"rendered":"<p>Parametry produktu: cena: 1499.0 PLN marka: COACH p\u0142e\u0107: Female kategoria: ONA \/ Akcesoria \/ Torebki \/ Crossbody i listonoszki kolor: czarny Opis: Ma\u0142a torebka z kolekcji Coach. Zapinany model wykonany<\/p>\n","protected":false},"featured_media":19287,"comment_status":"closed","ping_status":"open","template":"","meta":[],"class_list":{"0":"post-19286","1":"product","2":"type-product","3":"status-publish","5":"hentry","6":"product_cat-akcesoria","7":"product_cat-crossbody-i-listonoszki","8":"product_cat-ona","9":"product_cat-torebki","10":"product_tag-coach","11":"product_tag-coach-torebka-skorzana"},"yoast_head":"<!-- This site is optimized with the Yoast SEO plugin v15.6.2 - https:\/\/yoast.com\/wordpress\/plugins\/seo\/ -->\n<title>Coach - Torebka sk\u00f3rzana<\/title>\n<meta name=\"robots\" content=\"index, follow, max-snippet:-1, max-image-preview:large, max-video-preview:-1\" \/>\n<link rel=\"canonical\" href=\"https:\/\/torebunia.pl\/sklep\/produkt\/coach-torebka-skorzana\/\" \/>\n<meta property=\"og:locale\" content=\"pl_PL\" \/>\n<meta property=\"og:type\" content=\"article\" \/>\n<meta property=\"og:title\" content=\"Coach - Torebka sk\u00f3rzana\" \/>\n<meta property=\"og:description\" content=\"Parametry produktu: cena: 1499.0 PLN marka: COACH p\u0142e\u0107: Female kategoria: ONA \/ Akcesoria \/ Torebki \/ Crossbody i listonoszki kolor: czarny Opis: Ma\u0142a torebka z kolekcji Coach. Zapinany model wykonany\" \/>\n<meta property=\"og:url\" content=\"https:\/\/torebunia.pl\/sklep\/produkt\/coach-torebka-skorzana\/\" \/>\n<meta property=\"og:site_name\" content=\"Moje Blog\" \/>\n<meta property=\"article:modified_time\" content=\"2021-01-27T15:09:11+00:00\" \/>\n<meta property=\"og:image\" content=\"https:\/\/torebunia.pl\/sklep\/wp-content\/uploads\/2021\/01\/3a8eda511caa6c28b58436c8266f749d2b09caaf.jpg\" \/>\n\t<meta property=\"og:image:width\" content=\"855\" \/>\n\t<meta property=\"og:image:height\" content=\"1290\" \/>\n<meta name=\"twitter:card\" content=\"summary_large_image\" \/>\n<meta name=\"twitter:label1\" content=\"Est. reading time\">\n\t<meta name=\"twitter:data1\" content=\"1 minuta\">\n<script type=\"application\/ld+json\" class=\"yoast-schema-graph\">{\"@context\":\"https:\/\/schema.org\",\"@graph\":[{\"@type\":\"WebSite\",\"@id\":\"https:\/\/torebunia.pl\/sklep\/#website\",\"url\":\"https:\/\/torebunia.pl\/sklep\/\",\"name\":\"Moje Blog\",\"description\":\"Kolejna witryna WordPress\",\"potentialAction\":[{\"@type\":\"SearchAction\",\"target\":\"https:\/\/torebunia.pl\/sklep\/?s={search_term_string}\",\"query-input\":\"required name=search_term_string\"}],\"inLanguage\":\"pl-PL\"},{\"@type\":\"ImageObject\",\"@id\":\"https:\/\/torebunia.pl\/sklep\/produkt\/coach-torebka-skorzana\/#primaryimage\",\"inLanguage\":\"pl-PL\",\"url\":\"https:\/\/torebunia.pl\/sklep\/wp-content\/uploads\/2021\/01\/3a8eda511caa6c28b58436c8266f749d2b09caaf.jpg\",\"width\":855,\"height\":1290,\"caption\":\"Coach - Torebka sk\\u00f3rzana\"},{\"@type\":\"WebPage\",\"@id\":\"https:\/\/torebunia.pl\/sklep\/produkt\/coach-torebka-skorzana\/#webpage\",\"url\":\"https:\/\/torebunia.pl\/sklep\/produkt\/coach-torebka-skorzana\/\",\"name\":\"Coach - Torebka sk\\u00f3rzana\",\"isPartOf\":{\"@id\":\"https:\/\/torebunia.pl\/sklep\/#website\"},\"primaryImageOfPage\":{\"@id\":\"https:\/\/torebunia.pl\/sklep\/produkt\/coach-torebka-skorzana\/#primaryimage\"},\"datePublished\":\"2020-05-27T17:38:22+00:00\",\"dateModified\":\"2021-01-27T15:09:11+00:00\",\"inLanguage\":\"pl-PL\",\"potentialAction\":[{\"@type\":\"ReadAction\",\"target\":[\"https:\/\/torebunia.pl\/sklep\/produkt\/coach-torebka-skorzana\/\"]}]}]}<\/script>\n<!-- \/ Yoast SEO plugin. -->","_links":{"self":[{"href":"https:\/\/torebunia.pl\/sklep\/wp-json\/wp\/v2\/product\/19286","targetHints":{"allow":["GET"]}}],"collection":[{"href":"https:\/\/torebunia.pl\/sklep\/wp-json\/wp\/v2\/product"}],"about":[{"href":"https:\/\/torebunia.pl\/sklep\/wp-json\/wp\/v2\/types\/product"}],"replies":[{"embeddable":true,"href":"https:\/\/torebunia.pl\/sklep\/wp-json\/wp\/v2\/comments?post=19286"}],"wp:featuredmedia":[{"embeddable":true,"href":"https:\/\/torebunia.pl\/sklep\/wp-json\/wp\/v2\/media\/19287"}],"wp:attachment":[{"href":"https:\/\/torebunia.pl\/sklep\/wp-json\/wp\/v2\/media?parent=19286"}],"curies":[{"name":"wp","href":"https:\/\/api.w.org\/{rel}","templated":true}]}}