{"id":19238,"date":"2020-07-29T06:45:37","date_gmt":"2020-07-29T06:45:37","guid":{"rendered":"https:\/\/torebunia.pl\/sklep\/produkt\/adidas-originals-czapka-6\/"},"modified":"2021-01-27T15:07:45","modified_gmt":"2021-01-27T15:07:45","slug":"adidas-originals-czapka-6","status":"publish","type":"product","link":"https:\/\/torebunia.pl\/sklep\/produkt\/adidas-originals-czapka-6\/","title":{"rendered":"adidas Originals &#8211; Czapka"},"content":{"rendered":"<p>Parametry produktu:<\/p>\n<ul>\n<li>cena: <strong>79.9 PLN<\/strong><\/li>\n<li>marka: <strong>adidas Originals<\/strong><\/li>\n<li>p\u0142e\u0107: <strong>Female<\/strong><\/li>\n<li>kategoria: <strong>ONA \/ Akcesoria \/ Czapki i kapelusze \/ Czapki<\/strong><\/li>\n<li>kolor: <strong>jasny szary<\/strong><\/li>\n<\/ul>\n<p>Opis:<br \/>\nCzapka z kolekcji adidas Originals. Model wykonany z g\u0142adkiej dzianiny. &#8211; Model beanie. &#8211; Wywijana kraw\u0119d\u017a. &#8211; Elastyczna dzianina. Wz\u00f3r: g\u0142adkie Dzianina: \u015bredniej grubo\u015bci Sk\u0142ad: 100 % Akryl ID produktu: 4900-CAD064 Kod producenta: GD4563.D<\/p>\n","protected":false},"excerpt":{"rendered":"<p>Parametry produktu: cena: 79.9 PLN marka: adidas Originals p\u0142e\u0107: Female kategoria: ONA \/ Akcesoria \/ Czapki i kapelusze \/ Czapki kolor: jasny szary Opis: Czapka z kolekcji adidas Originals. Model<\/p>\n","protected":false},"featured_media":19239,"comment_status":"closed","ping_status":"open","template":"","meta":[],"class_list":{"0":"post-19238","1":"product","2":"type-product","3":"status-publish","5":"hentry","6":"product_cat-akcesoria","7":"product_cat-czapki","8":"product_cat-czapki-i-kapelusze","9":"product_cat-ona","10":"product_tag-adidas-originals","11":"product_tag-adidas-originals-czapka"},"yoast_head":"<!-- This site is optimized with the Yoast SEO plugin v15.6.2 - https:\/\/yoast.com\/wordpress\/plugins\/seo\/ -->\n<title>adidas Originals - Czapka<\/title>\n<meta name=\"robots\" content=\"index, follow, max-snippet:-1, max-image-preview:large, max-video-preview:-1\" \/>\n<link rel=\"canonical\" href=\"https:\/\/torebunia.pl\/sklep\/produkt\/adidas-originals-czapka-6\/\" \/>\n<meta property=\"og:locale\" content=\"pl_PL\" \/>\n<meta property=\"og:type\" content=\"article\" \/>\n<meta property=\"og:title\" content=\"adidas Originals - Czapka\" \/>\n<meta property=\"og:description\" content=\"Parametry produktu: cena: 79.9 PLN marka: adidas Originals p\u0142e\u0107: Female kategoria: ONA \/ Akcesoria \/ Czapki i kapelusze \/ Czapki kolor: jasny szary Opis: Czapka z kolekcji adidas Originals. Model\" \/>\n<meta property=\"og:url\" content=\"https:\/\/torebunia.pl\/sklep\/produkt\/adidas-originals-czapka-6\/\" \/>\n<meta property=\"og:site_name\" content=\"Moje Blog\" \/>\n<meta property=\"article:modified_time\" content=\"2021-01-27T15:07:45+00:00\" \/>\n<meta property=\"og:image\" content=\"https:\/\/torebunia.pl\/sklep\/wp-content\/uploads\/2021\/01\/9588161d658f301f14cdf367696d33172cfce5dd.jpg\" \/>\n\t<meta property=\"og:image:width\" content=\"855\" \/>\n\t<meta property=\"og:image:height\" content=\"1290\" \/>\n<meta name=\"twitter:card\" content=\"summary_large_image\" \/>\n<script type=\"application\/ld+json\" class=\"yoast-schema-graph\">{\"@context\":\"https:\/\/schema.org\",\"@graph\":[{\"@type\":\"WebSite\",\"@id\":\"https:\/\/torebunia.pl\/sklep\/#website\",\"url\":\"https:\/\/torebunia.pl\/sklep\/\",\"name\":\"Moje Blog\",\"description\":\"Kolejna witryna WordPress\",\"potentialAction\":[{\"@type\":\"SearchAction\",\"target\":\"https:\/\/torebunia.pl\/sklep\/?s={search_term_string}\",\"query-input\":\"required name=search_term_string\"}],\"inLanguage\":\"pl-PL\"},{\"@type\":\"ImageObject\",\"@id\":\"https:\/\/torebunia.pl\/sklep\/produkt\/adidas-originals-czapka-6\/#primaryimage\",\"inLanguage\":\"pl-PL\",\"url\":\"https:\/\/torebunia.pl\/sklep\/wp-content\/uploads\/2021\/01\/9588161d658f301f14cdf367696d33172cfce5dd.jpg\",\"width\":855,\"height\":1290,\"caption\":\"adidas Originals - Czapka\"},{\"@type\":\"WebPage\",\"@id\":\"https:\/\/torebunia.pl\/sklep\/produkt\/adidas-originals-czapka-6\/#webpage\",\"url\":\"https:\/\/torebunia.pl\/sklep\/produkt\/adidas-originals-czapka-6\/\",\"name\":\"adidas Originals - Czapka\",\"isPartOf\":{\"@id\":\"https:\/\/torebunia.pl\/sklep\/#website\"},\"primaryImageOfPage\":{\"@id\":\"https:\/\/torebunia.pl\/sklep\/produkt\/adidas-originals-czapka-6\/#primaryimage\"},\"datePublished\":\"2020-07-29T06:45:37+00:00\",\"dateModified\":\"2021-01-27T15:07:45+00:00\",\"inLanguage\":\"pl-PL\",\"potentialAction\":[{\"@type\":\"ReadAction\",\"target\":[\"https:\/\/torebunia.pl\/sklep\/produkt\/adidas-originals-czapka-6\/\"]}]}]}<\/script>\n<!-- \/ Yoast SEO plugin. -->","_links":{"self":[{"href":"https:\/\/torebunia.pl\/sklep\/wp-json\/wp\/v2\/product\/19238","targetHints":{"allow":["GET"]}}],"collection":[{"href":"https:\/\/torebunia.pl\/sklep\/wp-json\/wp\/v2\/product"}],"about":[{"href":"https:\/\/torebunia.pl\/sklep\/wp-json\/wp\/v2\/types\/product"}],"replies":[{"embeddable":true,"href":"https:\/\/torebunia.pl\/sklep\/wp-json\/wp\/v2\/comments?post=19238"}],"wp:featuredmedia":[{"embeddable":true,"href":"https:\/\/torebunia.pl\/sklep\/wp-json\/wp\/v2\/media\/19239"}],"wp:attachment":[{"href":"https:\/\/torebunia.pl\/sklep\/wp-json\/wp\/v2\/media?parent=19238"}],"curies":[{"name":"wp","href":"https:\/\/api.w.org\/{rel}","templated":true}]}}