{"id":19078,"date":"2020-07-09T19:39:27","date_gmt":"2020-07-09T19:39:27","guid":{"rendered":"https:\/\/torebunia.pl\/sklep\/produkt\/gap-spodnie\/"},"modified":"2021-01-27T15:03:11","modified_gmt":"2021-01-27T15:03:11","slug":"gap-spodnie","status":"publish","type":"product","link":"https:\/\/torebunia.pl\/sklep\/produkt\/gap-spodnie\/","title":{"rendered":"GAP &#8211; Spodnie"},"content":{"rendered":"<p>Parametry produktu:<\/p>\n<ul>\n<li>cena: <strong>199.9 PLN<\/strong><\/li>\n<li>marka: <strong>GAP<\/strong><\/li>\n<li>p\u0142e\u0107: <strong>Female<\/strong><\/li>\n<li>kategoria: <strong>ONA \/ Odzie\u017c \/ Spodnie i legginsy \/ Dresowe<\/strong><\/li>\n<li>kolor: <strong>granatowy<\/strong><\/li>\n<\/ul>\n<p>Opis:<br \/>\nInformujemy, \u017ce modele posiadaj\u0105 zawy\u017con\u0105 rozmiar\u00f3wk\u0119. Spodnie z kolekcji GAP. Model wykonany z grubej, lekko elastycznej dzianiny. &#8211; Mi\u0119kko wy\u015bcie\u0142any model. &#8211; Elastyczna listwa w pasie. &#8211; W pasie troczki. &#8211; Wsuwane kieszenie. &#8211; Nogawki wyko\u0144czone \u015bci\u0105gaczem. &#8211; Szeroko\u015b\u0107 w pasie: 39 cm. &#8211; Szeroko\u015b\u0107 w biodrach: 52 cm. &#8211; Wysoko\u015b\u0107 stanu: 29 cm. &#8211; Szeroko\u015b\u0107 nogawki na dole: 12 cm. &#8211; Szeroko\u015b\u0107 nogawki: 32 cm. &#8211; D\u0142ugo\u015b\u0107: 95,5 cm. &#8211; Wymiary podane dla rozmiaru: S. Wz\u00f3r: aplikacja Materia\u0142: dzianina Sk\u0142ad: 90 % Bawe\u0142na, 10 % Poliester ID produktu: 4900-SPD0GT Kod producenta: 619145<\/p>\n","protected":false},"excerpt":{"rendered":"<p>Parametry produktu: cena: 199.9 PLN marka: GAP p\u0142e\u0107: Female kategoria: ONA \/ Odzie\u017c \/ Spodnie i legginsy \/ Dresowe kolor: granatowy Opis: Informujemy, \u017ce modele posiadaj\u0105 zawy\u017con\u0105 rozmiar\u00f3wk\u0119. Spodnie z<\/p>\n","protected":false},"featured_media":19079,"comment_status":"closed","ping_status":"open","template":"","meta":[],"class_list":{"0":"post-19078","1":"product","2":"type-product","3":"status-publish","5":"hentry","6":"product_cat-dresowe","7":"product_cat-odziez","8":"product_cat-ona","9":"product_cat-spodnie-i-legginsy","10":"product_tag-gap","11":"product_tag-gap-spodnie"},"yoast_head":"<!-- This site is optimized with the Yoast SEO plugin v15.6.2 - https:\/\/yoast.com\/wordpress\/plugins\/seo\/ -->\n<title>GAP - Spodnie<\/title>\n<meta name=\"robots\" content=\"index, follow, max-snippet:-1, max-image-preview:large, max-video-preview:-1\" \/>\n<link rel=\"canonical\" href=\"https:\/\/torebunia.pl\/sklep\/produkt\/gap-spodnie\/\" \/>\n<meta property=\"og:locale\" content=\"pl_PL\" \/>\n<meta property=\"og:type\" content=\"article\" \/>\n<meta property=\"og:title\" content=\"GAP - Spodnie\" \/>\n<meta property=\"og:description\" content=\"Parametry produktu: cena: 199.9 PLN marka: GAP p\u0142e\u0107: Female kategoria: ONA \/ Odzie\u017c \/ Spodnie i legginsy \/ Dresowe kolor: granatowy Opis: Informujemy, \u017ce modele posiadaj\u0105 zawy\u017con\u0105 rozmiar\u00f3wk\u0119. Spodnie z\" \/>\n<meta property=\"og:url\" content=\"https:\/\/torebunia.pl\/sklep\/produkt\/gap-spodnie\/\" \/>\n<meta property=\"og:site_name\" content=\"Moje Blog\" \/>\n<meta property=\"article:modified_time\" content=\"2021-01-27T15:03:11+00:00\" \/>\n<meta property=\"og:image\" content=\"https:\/\/torebunia.pl\/sklep\/wp-content\/uploads\/2021\/01\/e21b85885d65a9832db08caf37ad7d743440247c.jpg\" \/>\n\t<meta property=\"og:image:width\" content=\"855\" \/>\n\t<meta property=\"og:image:height\" content=\"1290\" \/>\n<meta name=\"twitter:card\" content=\"summary_large_image\" \/>\n<meta name=\"twitter:label1\" content=\"Est. reading time\">\n\t<meta name=\"twitter:data1\" content=\"1 minuta\">\n<script type=\"application\/ld+json\" class=\"yoast-schema-graph\">{\"@context\":\"https:\/\/schema.org\",\"@graph\":[{\"@type\":\"WebSite\",\"@id\":\"https:\/\/torebunia.pl\/sklep\/#website\",\"url\":\"https:\/\/torebunia.pl\/sklep\/\",\"name\":\"Moje Blog\",\"description\":\"Kolejna witryna WordPress\",\"potentialAction\":[{\"@type\":\"SearchAction\",\"target\":\"https:\/\/torebunia.pl\/sklep\/?s={search_term_string}\",\"query-input\":\"required name=search_term_string\"}],\"inLanguage\":\"pl-PL\"},{\"@type\":\"ImageObject\",\"@id\":\"https:\/\/torebunia.pl\/sklep\/produkt\/gap-spodnie\/#primaryimage\",\"inLanguage\":\"pl-PL\",\"url\":\"https:\/\/torebunia.pl\/sklep\/wp-content\/uploads\/2021\/01\/e21b85885d65a9832db08caf37ad7d743440247c.jpg\",\"width\":855,\"height\":1290,\"caption\":\"GAP - Spodnie\"},{\"@type\":\"WebPage\",\"@id\":\"https:\/\/torebunia.pl\/sklep\/produkt\/gap-spodnie\/#webpage\",\"url\":\"https:\/\/torebunia.pl\/sklep\/produkt\/gap-spodnie\/\",\"name\":\"GAP - Spodnie\",\"isPartOf\":{\"@id\":\"https:\/\/torebunia.pl\/sklep\/#website\"},\"primaryImageOfPage\":{\"@id\":\"https:\/\/torebunia.pl\/sklep\/produkt\/gap-spodnie\/#primaryimage\"},\"datePublished\":\"2020-07-09T19:39:27+00:00\",\"dateModified\":\"2021-01-27T15:03:11+00:00\",\"inLanguage\":\"pl-PL\",\"potentialAction\":[{\"@type\":\"ReadAction\",\"target\":[\"https:\/\/torebunia.pl\/sklep\/produkt\/gap-spodnie\/\"]}]}]}<\/script>\n<!-- \/ Yoast SEO plugin. -->","_links":{"self":[{"href":"https:\/\/torebunia.pl\/sklep\/wp-json\/wp\/v2\/product\/19078","targetHints":{"allow":["GET"]}}],"collection":[{"href":"https:\/\/torebunia.pl\/sklep\/wp-json\/wp\/v2\/product"}],"about":[{"href":"https:\/\/torebunia.pl\/sklep\/wp-json\/wp\/v2\/types\/product"}],"replies":[{"embeddable":true,"href":"https:\/\/torebunia.pl\/sklep\/wp-json\/wp\/v2\/comments?post=19078"}],"wp:featuredmedia":[{"embeddable":true,"href":"https:\/\/torebunia.pl\/sklep\/wp-json\/wp\/v2\/media\/19079"}],"wp:attachment":[{"href":"https:\/\/torebunia.pl\/sklep\/wp-json\/wp\/v2\/media?parent=19078"}],"curies":[{"name":"wp","href":"https:\/\/api.w.org\/{rel}","templated":true}]}}