{"id":1903,"date":"2020-07-04T21:13:51","date_gmt":"2020-07-04T21:13:51","guid":{"rendered":"https:\/\/torebunia.pl\/sklep\/produkt\/wrangler-pasek-skorzany\/"},"modified":"2021-01-27T11:35:19","modified_gmt":"2021-01-27T11:35:19","slug":"wrangler-pasek-skorzany","status":"publish","type":"product","link":"https:\/\/torebunia.pl\/sklep\/produkt\/wrangler-pasek-skorzany\/","title":{"rendered":"Wrangler &#8211; Pasek sk\u00f3rzany"},"content":{"rendered":"<p>Parametry produktu:<\/p>\n<ul>\n<li>cena: <strong>169.9 PLN<\/strong><\/li>\n<li>marka: <strong>Wrangler<\/strong><\/li>\n<li>p\u0142e\u0107: <strong>Female<\/strong><\/li>\n<li>kategoria: <strong>ONA \/ Akcesoria \/ Paski<\/strong><\/li>\n<li>kolor: <strong>czarny<\/strong><\/li>\n<\/ul>\n<p>Opis:<br \/>\nPasek z kolekcji Wrangler. Model wykonany ze sk\u00f3ry naturalnej. &#8211; D\u0142ugo\u015b\u0107 paska od pocz\u0105tku klamry do ostatniej dziurki: 94 cm. &#8211; D\u0142ugo\u015b\u0107 paska od szpilki do pierwszej dziurki: 77,5 cm. &#8211; Ilo\u015b\u0107 dziurek: 5. &#8211; Szeroko\u015b\u0107 paska: 3,4 cm. &#8211; Wymiary podane dla paska o rozmiarze: 85. Materia\u0142: sk\u00f3ra licowa Sk\u0142ad: 100 % Sk\u00f3ra naturalna ID produktu: 4900-PAD05I Kod producenta: W0G3U1100<\/p>\n","protected":false},"excerpt":{"rendered":"<p>Parametry produktu: cena: 169.9 PLN marka: Wrangler p\u0142e\u0107: Female kategoria: ONA \/ Akcesoria \/ Paski kolor: czarny Opis: Pasek z kolekcji Wrangler. Model wykonany ze sk\u00f3ry naturalnej. &#8211; D\u0142ugo\u015b\u0107 paska<\/p>\n","protected":false},"featured_media":1904,"comment_status":"closed","ping_status":"open","template":"","meta":[],"class_list":{"0":"post-1903","1":"product","2":"type-product","3":"status-publish","5":"hentry","6":"product_cat-akcesoria","7":"product_cat-ona","8":"product_cat-paski","9":"product_tag-wrangler","10":"product_tag-wrangler-pasek-skorzany"},"yoast_head":"<!-- This site is optimized with the Yoast SEO plugin v15.6.2 - https:\/\/yoast.com\/wordpress\/plugins\/seo\/ -->\n<title>Wrangler - Pasek sk\u00f3rzany<\/title>\n<meta name=\"robots\" content=\"index, follow, max-snippet:-1, max-image-preview:large, max-video-preview:-1\" \/>\n<link rel=\"canonical\" href=\"https:\/\/torebunia.pl\/sklep\/produkt\/wrangler-pasek-skorzany\/\" \/>\n<meta property=\"og:locale\" content=\"pl_PL\" \/>\n<meta property=\"og:type\" content=\"article\" \/>\n<meta property=\"og:title\" content=\"Wrangler - Pasek sk\u00f3rzany\" \/>\n<meta property=\"og:description\" content=\"Parametry produktu: cena: 169.9 PLN marka: Wrangler p\u0142e\u0107: Female kategoria: ONA \/ Akcesoria \/ Paski kolor: czarny Opis: Pasek z kolekcji Wrangler. Model wykonany ze sk\u00f3ry naturalnej. &#8211; D\u0142ugo\u015b\u0107 paska\" \/>\n<meta property=\"og:url\" content=\"https:\/\/torebunia.pl\/sklep\/produkt\/wrangler-pasek-skorzany\/\" \/>\n<meta property=\"og:site_name\" content=\"Moje Blog\" \/>\n<meta property=\"article:modified_time\" content=\"2021-01-27T11:35:19+00:00\" \/>\n<meta property=\"og:image\" content=\"https:\/\/torebunia.pl\/sklep\/wp-content\/uploads\/2021\/01\/0914a5b367c6fb4089853ef04b3cf2c63c299a12.jpg\" \/>\n\t<meta property=\"og:image:width\" content=\"855\" \/>\n\t<meta property=\"og:image:height\" content=\"1290\" \/>\n<meta name=\"twitter:card\" content=\"summary_large_image\" \/>\n<script type=\"application\/ld+json\" class=\"yoast-schema-graph\">{\"@context\":\"https:\/\/schema.org\",\"@graph\":[{\"@type\":\"WebSite\",\"@id\":\"https:\/\/torebunia.pl\/sklep\/#website\",\"url\":\"https:\/\/torebunia.pl\/sklep\/\",\"name\":\"Moje Blog\",\"description\":\"Kolejna witryna WordPress\",\"potentialAction\":[{\"@type\":\"SearchAction\",\"target\":\"https:\/\/torebunia.pl\/sklep\/?s={search_term_string}\",\"query-input\":\"required name=search_term_string\"}],\"inLanguage\":\"pl-PL\"},{\"@type\":\"ImageObject\",\"@id\":\"https:\/\/torebunia.pl\/sklep\/produkt\/wrangler-pasek-skorzany\/#primaryimage\",\"inLanguage\":\"pl-PL\",\"url\":\"https:\/\/torebunia.pl\/sklep\/wp-content\/uploads\/2021\/01\/0914a5b367c6fb4089853ef04b3cf2c63c299a12.jpg\",\"width\":855,\"height\":1290,\"caption\":\"Wrangler - Pasek sk\\u00f3rzany\"},{\"@type\":\"WebPage\",\"@id\":\"https:\/\/torebunia.pl\/sklep\/produkt\/wrangler-pasek-skorzany\/#webpage\",\"url\":\"https:\/\/torebunia.pl\/sklep\/produkt\/wrangler-pasek-skorzany\/\",\"name\":\"Wrangler - Pasek sk\\u00f3rzany\",\"isPartOf\":{\"@id\":\"https:\/\/torebunia.pl\/sklep\/#website\"},\"primaryImageOfPage\":{\"@id\":\"https:\/\/torebunia.pl\/sklep\/produkt\/wrangler-pasek-skorzany\/#primaryimage\"},\"datePublished\":\"2020-07-04T21:13:51+00:00\",\"dateModified\":\"2021-01-27T11:35:19+00:00\",\"inLanguage\":\"pl-PL\",\"potentialAction\":[{\"@type\":\"ReadAction\",\"target\":[\"https:\/\/torebunia.pl\/sklep\/produkt\/wrangler-pasek-skorzany\/\"]}]}]}<\/script>\n<!-- \/ Yoast SEO plugin. -->","_links":{"self":[{"href":"https:\/\/torebunia.pl\/sklep\/wp-json\/wp\/v2\/product\/1903","targetHints":{"allow":["GET"]}}],"collection":[{"href":"https:\/\/torebunia.pl\/sklep\/wp-json\/wp\/v2\/product"}],"about":[{"href":"https:\/\/torebunia.pl\/sklep\/wp-json\/wp\/v2\/types\/product"}],"replies":[{"embeddable":true,"href":"https:\/\/torebunia.pl\/sklep\/wp-json\/wp\/v2\/comments?post=1903"}],"wp:featuredmedia":[{"embeddable":true,"href":"https:\/\/torebunia.pl\/sklep\/wp-json\/wp\/v2\/media\/1904"}],"wp:attachment":[{"href":"https:\/\/torebunia.pl\/sklep\/wp-json\/wp\/v2\/media?parent=1903"}],"curies":[{"name":"wp","href":"https:\/\/api.w.org\/{rel}","templated":true}]}}