{"id":19000,"date":"2020-10-24T19:37:28","date_gmt":"2020-10-24T19:37:28","guid":{"rendered":"https:\/\/torebunia.pl\/sklep\/produkt\/answear-sandaly-girlhood-2\/"},"modified":"2021-01-27T15:00:54","modified_gmt":"2021-01-27T15:00:54","slug":"answear-sandaly-girlhood-2","status":"publish","type":"product","link":"https:\/\/torebunia.pl\/sklep\/produkt\/answear-sandaly-girlhood-2\/","title":{"rendered":"Answear &#8211; Sanda\u0142y Girlhood"},"content":{"rendered":"<p>Parametry produktu:<\/p>\n<ul>\n<li>cena: <strong>99.9 PLN<\/strong><\/li>\n<li>marka: <strong>ANSWEAR<\/strong><\/li>\n<li>p\u0142e\u0107: <strong>Female<\/strong><\/li>\n<li>kategoria: <strong>ONA \/ Obuwie \/ Klapki i sanda\u0142y \/ Sanda\u0142y<\/strong><\/li>\n<li>kolor: <strong>czarny<\/strong><\/li>\n<\/ul>\n<p>Opis:<br \/>\nSanda\u0142y z kolekcji Answear. Model wykonany ze sk\u00f3ry ekologicznej. &#8211; Gumowa podeszwa. &#8211; Zapi\u0119cie na klamr\u0119. &#8211; Komfortowe wn\u0119trze. &#8211; Model na p\u0142askim obcasie. &#8211; D\u0142ugo\u015b\u0107 wk\u0142adki wynosi: 23,5 cm. &#8211; Wymiary podane dla rozmiaru: 37. Obcas: p\u0142aski Materia\u0142: imitacja sk\u00f3ry licowej Wysoko\u015b\u0107 obcasa: bez obcasa Sk\u0142ad: Materia\u0142 syntetyczny ID produktu: -100-OBD0F4 Kod producenta: DA47.C<\/p>\n","protected":false},"excerpt":{"rendered":"<p>Parametry produktu: cena: 99.9 PLN marka: ANSWEAR p\u0142e\u0107: Female kategoria: ONA \/ Obuwie \/ Klapki i sanda\u0142y \/ Sanda\u0142y kolor: czarny Opis: Sanda\u0142y z kolekcji Answear. Model wykonany ze sk\u00f3ry<\/p>\n","protected":false},"featured_media":19001,"comment_status":"closed","ping_status":"open","template":"","meta":[],"class_list":{"0":"post-19000","1":"product","2":"type-product","3":"status-publish","5":"hentry","6":"product_cat-klapki-i-sandaly","7":"product_cat-obuwie","8":"product_cat-ona","9":"product_cat-sandaly","10":"product_tag-answear","11":"product_tag-answear-sandaly-girlhood"},"yoast_head":"<!-- This site is optimized with the Yoast SEO plugin v15.6.2 - https:\/\/yoast.com\/wordpress\/plugins\/seo\/ -->\n<title>Answear - Sanda\u0142y Girlhood<\/title>\n<meta name=\"robots\" content=\"index, follow, max-snippet:-1, max-image-preview:large, max-video-preview:-1\" \/>\n<link rel=\"canonical\" href=\"https:\/\/torebunia.pl\/sklep\/produkt\/answear-sandaly-girlhood-2\/\" \/>\n<meta property=\"og:locale\" content=\"pl_PL\" \/>\n<meta property=\"og:type\" content=\"article\" \/>\n<meta property=\"og:title\" content=\"Answear - Sanda\u0142y Girlhood\" \/>\n<meta property=\"og:description\" content=\"Parametry produktu: cena: 99.9 PLN marka: ANSWEAR p\u0142e\u0107: Female kategoria: ONA \/ Obuwie \/ Klapki i sanda\u0142y \/ Sanda\u0142y kolor: czarny Opis: Sanda\u0142y z kolekcji Answear. Model wykonany ze sk\u00f3ry\" \/>\n<meta property=\"og:url\" content=\"https:\/\/torebunia.pl\/sklep\/produkt\/answear-sandaly-girlhood-2\/\" \/>\n<meta property=\"og:site_name\" content=\"Moje Blog\" \/>\n<meta property=\"article:modified_time\" content=\"2021-01-27T15:00:54+00:00\" \/>\n<meta property=\"og:image\" content=\"https:\/\/torebunia.pl\/sklep\/wp-content\/uploads\/2021\/01\/61e7adb270f30c0f4eae30d9f32e3c58b6ed7bd6.jpg\" \/>\n\t<meta property=\"og:image:width\" content=\"855\" \/>\n\t<meta property=\"og:image:height\" content=\"1290\" \/>\n<meta name=\"twitter:card\" content=\"summary_large_image\" \/>\n<script type=\"application\/ld+json\" class=\"yoast-schema-graph\">{\"@context\":\"https:\/\/schema.org\",\"@graph\":[{\"@type\":\"WebSite\",\"@id\":\"https:\/\/torebunia.pl\/sklep\/#website\",\"url\":\"https:\/\/torebunia.pl\/sklep\/\",\"name\":\"Moje Blog\",\"description\":\"Kolejna witryna WordPress\",\"potentialAction\":[{\"@type\":\"SearchAction\",\"target\":\"https:\/\/torebunia.pl\/sklep\/?s={search_term_string}\",\"query-input\":\"required name=search_term_string\"}],\"inLanguage\":\"pl-PL\"},{\"@type\":\"ImageObject\",\"@id\":\"https:\/\/torebunia.pl\/sklep\/produkt\/answear-sandaly-girlhood-2\/#primaryimage\",\"inLanguage\":\"pl-PL\",\"url\":\"https:\/\/torebunia.pl\/sklep\/wp-content\/uploads\/2021\/01\/61e7adb270f30c0f4eae30d9f32e3c58b6ed7bd6.jpg\",\"width\":855,\"height\":1290,\"caption\":\"Answear - Sanda\\u0142y Girlhood\"},{\"@type\":\"WebPage\",\"@id\":\"https:\/\/torebunia.pl\/sklep\/produkt\/answear-sandaly-girlhood-2\/#webpage\",\"url\":\"https:\/\/torebunia.pl\/sklep\/produkt\/answear-sandaly-girlhood-2\/\",\"name\":\"Answear - Sanda\\u0142y Girlhood\",\"isPartOf\":{\"@id\":\"https:\/\/torebunia.pl\/sklep\/#website\"},\"primaryImageOfPage\":{\"@id\":\"https:\/\/torebunia.pl\/sklep\/produkt\/answear-sandaly-girlhood-2\/#primaryimage\"},\"datePublished\":\"2020-10-24T19:37:28+00:00\",\"dateModified\":\"2021-01-27T15:00:54+00:00\",\"inLanguage\":\"pl-PL\",\"potentialAction\":[{\"@type\":\"ReadAction\",\"target\":[\"https:\/\/torebunia.pl\/sklep\/produkt\/answear-sandaly-girlhood-2\/\"]}]}]}<\/script>\n<!-- \/ Yoast SEO plugin. -->","_links":{"self":[{"href":"https:\/\/torebunia.pl\/sklep\/wp-json\/wp\/v2\/product\/19000","targetHints":{"allow":["GET"]}}],"collection":[{"href":"https:\/\/torebunia.pl\/sklep\/wp-json\/wp\/v2\/product"}],"about":[{"href":"https:\/\/torebunia.pl\/sklep\/wp-json\/wp\/v2\/types\/product"}],"replies":[{"embeddable":true,"href":"https:\/\/torebunia.pl\/sklep\/wp-json\/wp\/v2\/comments?post=19000"}],"wp:featuredmedia":[{"embeddable":true,"href":"https:\/\/torebunia.pl\/sklep\/wp-json\/wp\/v2\/media\/19001"}],"wp:attachment":[{"href":"https:\/\/torebunia.pl\/sklep\/wp-json\/wp\/v2\/media?parent=19000"}],"curies":[{"name":"wp","href":"https:\/\/api.w.org\/{rel}","templated":true}]}}