{"id":18962,"date":"2020-04-21T15:27:43","date_gmt":"2020-04-21T15:27:43","guid":{"rendered":"https:\/\/torebunia.pl\/sklep\/produkt\/hailys-sweter-22\/"},"modified":"2021-01-27T14:59:29","modified_gmt":"2021-01-27T14:59:29","slug":"hailys-sweter-22","status":"publish","type":"product","link":"https:\/\/torebunia.pl\/sklep\/produkt\/hailys-sweter-22\/","title":{"rendered":"Haily&#8217;s &#8211; Sweter"},"content":{"rendered":"<p>Parametry produktu:<\/p>\n<ul>\n<li>cena: <strong>59.9 PLN<\/strong><\/li>\n<li>marka: <strong>Haily&#8217;s<\/strong><\/li>\n<li>p\u0142e\u0107: <strong>Female<\/strong><\/li>\n<li>kategoria: <strong>ONA \/ Odzie\u017c \/ Swetry \/ Przez g\u0142ow\u0119<\/strong><\/li>\n<li>kolor: <strong>cielisty<\/strong><\/li>\n<\/ul>\n<p>Opis:<br \/>\nSweter z kolekcji Haily&#8217;s. Model wykonany z cienkiej dzianiny. &#8211; Model z p\u00f3\u0142golfem. &#8211; Dopasowany fason. &#8211; D\u0142ugi r\u0119kaw. &#8211; Cienka, elastyczna dzianina. Wz\u00f3r: g\u0142adkie Dekolt: p\u00f3\u0142golf Dzianina: cienka ID produktu: 4900-SWD0KB Kod producenta: WI.2002053<\/p>\n","protected":false},"excerpt":{"rendered":"<p>Parametry produktu: cena: 59.9 PLN marka: Haily&#8217;s p\u0142e\u0107: Female kategoria: ONA \/ Odzie\u017c \/ Swetry \/ Przez g\u0142ow\u0119 kolor: cielisty Opis: Sweter z kolekcji Haily&#8217;s. Model wykonany z cienkiej dzianiny.<\/p>\n","protected":false},"featured_media":18963,"comment_status":"closed","ping_status":"open","template":"","meta":[],"class_list":{"0":"post-18962","1":"product","2":"type-product","3":"status-publish","5":"hentry","6":"product_cat-odziez","7":"product_cat-ona","8":"product_cat-przez-glowe","9":"product_cat-swetry","10":"product_tag-hailys","11":"product_tag-hailys-sweter"},"yoast_head":"<!-- This site is optimized with the Yoast SEO plugin v15.6.2 - https:\/\/yoast.com\/wordpress\/plugins\/seo\/ -->\n<title>Haily&#039;s - Sweter<\/title>\n<meta name=\"robots\" content=\"index, follow, max-snippet:-1, max-image-preview:large, max-video-preview:-1\" \/>\n<link rel=\"canonical\" href=\"https:\/\/torebunia.pl\/sklep\/produkt\/hailys-sweter-22\/\" \/>\n<meta property=\"og:locale\" content=\"pl_PL\" \/>\n<meta property=\"og:type\" content=\"article\" \/>\n<meta property=\"og:title\" content=\"Haily&#039;s - Sweter\" \/>\n<meta property=\"og:description\" content=\"Parametry produktu: cena: 59.9 PLN marka: Haily&#8217;s p\u0142e\u0107: Female kategoria: ONA \/ Odzie\u017c \/ Swetry \/ Przez g\u0142ow\u0119 kolor: cielisty Opis: Sweter z kolekcji Haily&#8217;s. Model wykonany z cienkiej dzianiny.\" \/>\n<meta property=\"og:url\" content=\"https:\/\/torebunia.pl\/sklep\/produkt\/hailys-sweter-22\/\" \/>\n<meta property=\"og:site_name\" content=\"Moje Blog\" \/>\n<meta property=\"article:modified_time\" content=\"2021-01-27T14:59:29+00:00\" \/>\n<meta property=\"og:image\" content=\"https:\/\/torebunia.pl\/sklep\/wp-content\/uploads\/2021\/01\/a05c2814baf9577a2e3a37256e19eedbb668d97d.jpg\" \/>\n\t<meta property=\"og:image:width\" content=\"855\" \/>\n\t<meta property=\"og:image:height\" content=\"1290\" \/>\n<meta name=\"twitter:card\" content=\"summary_large_image\" \/>\n<script type=\"application\/ld+json\" class=\"yoast-schema-graph\">{\"@context\":\"https:\/\/schema.org\",\"@graph\":[{\"@type\":\"WebSite\",\"@id\":\"https:\/\/torebunia.pl\/sklep\/#website\",\"url\":\"https:\/\/torebunia.pl\/sklep\/\",\"name\":\"Moje Blog\",\"description\":\"Kolejna witryna WordPress\",\"potentialAction\":[{\"@type\":\"SearchAction\",\"target\":\"https:\/\/torebunia.pl\/sklep\/?s={search_term_string}\",\"query-input\":\"required name=search_term_string\"}],\"inLanguage\":\"pl-PL\"},{\"@type\":\"ImageObject\",\"@id\":\"https:\/\/torebunia.pl\/sklep\/produkt\/hailys-sweter-22\/#primaryimage\",\"inLanguage\":\"pl-PL\",\"url\":\"https:\/\/torebunia.pl\/sklep\/wp-content\/uploads\/2021\/01\/a05c2814baf9577a2e3a37256e19eedbb668d97d.jpg\",\"width\":855,\"height\":1290,\"caption\":\"Haily's - Sweter\"},{\"@type\":\"WebPage\",\"@id\":\"https:\/\/torebunia.pl\/sklep\/produkt\/hailys-sweter-22\/#webpage\",\"url\":\"https:\/\/torebunia.pl\/sklep\/produkt\/hailys-sweter-22\/\",\"name\":\"Haily's - Sweter\",\"isPartOf\":{\"@id\":\"https:\/\/torebunia.pl\/sklep\/#website\"},\"primaryImageOfPage\":{\"@id\":\"https:\/\/torebunia.pl\/sklep\/produkt\/hailys-sweter-22\/#primaryimage\"},\"datePublished\":\"2020-04-21T15:27:43+00:00\",\"dateModified\":\"2021-01-27T14:59:29+00:00\",\"inLanguage\":\"pl-PL\",\"potentialAction\":[{\"@type\":\"ReadAction\",\"target\":[\"https:\/\/torebunia.pl\/sklep\/produkt\/hailys-sweter-22\/\"]}]}]}<\/script>\n<!-- \/ Yoast SEO plugin. -->","_links":{"self":[{"href":"https:\/\/torebunia.pl\/sklep\/wp-json\/wp\/v2\/product\/18962","targetHints":{"allow":["GET"]}}],"collection":[{"href":"https:\/\/torebunia.pl\/sklep\/wp-json\/wp\/v2\/product"}],"about":[{"href":"https:\/\/torebunia.pl\/sklep\/wp-json\/wp\/v2\/types\/product"}],"replies":[{"embeddable":true,"href":"https:\/\/torebunia.pl\/sklep\/wp-json\/wp\/v2\/comments?post=18962"}],"wp:featuredmedia":[{"embeddable":true,"href":"https:\/\/torebunia.pl\/sklep\/wp-json\/wp\/v2\/media\/18963"}],"wp:attachment":[{"href":"https:\/\/torebunia.pl\/sklep\/wp-json\/wp\/v2\/media?parent=18962"}],"curies":[{"name":"wp","href":"https:\/\/api.w.org\/{rel}","templated":true}]}}