{"id":18942,"date":"2020-07-27T20:39:03","date_gmt":"2020-07-27T20:39:03","guid":{"rendered":"https:\/\/torebunia.pl\/sklep\/produkt\/brave-soul-pizama-17\/"},"modified":"2021-01-27T14:58:47","modified_gmt":"2021-01-27T14:58:47","slug":"brave-soul-pizama-17","status":"publish","type":"product","link":"https:\/\/torebunia.pl\/sklep\/produkt\/brave-soul-pizama-17\/","title":{"rendered":"Brave Soul &#8211; Pi\u017cama"},"content":{"rendered":"<p>Parametry produktu:<\/p>\n<ul>\n<li>cena: <strong>119.9 PLN<\/strong><\/li>\n<li>marka: <strong>Brave Soul<\/strong><\/li>\n<li>p\u0142e\u0107: <strong>Female<\/strong><\/li>\n<li>kategoria: <strong>ONA \/ Odzie\u017c \/ Bielizna \/ Pi\u017camy<\/strong><\/li>\n<li>kolor: <strong>r\u00f3\u017cowy<\/strong><\/li>\n<\/ul>\n<p>Opis:<br \/>\nPi\u017cama z kolekcji Brave Soul. Model wykonany z wzorzystej tkaniny. &#8211; Prosty fason. &#8211; D\u0142ugi r\u0119kaw. &#8211; Okr\u0105g\u0142y dekolt. &#8211; Gruba, nieelastyczna tkanina. &#8211; Model z aplikacj\u0105. &#8211; Elastyczna listwa w pasie. &#8211; D\u0142ugo\u015b\u0107 r\u0119kawa: 59 cm. &#8211; D\u0142ugo\u015b\u0107: 57 cm. &#8211; Szeroko\u015b\u0107 pod pachami: 49 cm. &#8211; Szeroko\u015b\u0107 w pasie: 35 cm. &#8211; Wysoko\u015b\u0107 stanu: 29 cm. &#8211; D\u0142ugo\u015b\u0107 nogawki: 69 cm. &#8211; Wymiary podane dla rozmiaru: S. Wz\u00f3r: wzorzyste Materia\u0142: tkanina Rodzaj: komplet Sk\u0142ad: 100 % Poliester ID produktu: 4900-BID0LC Kod producenta: LPJ.463SLEEPTIE<\/p>\n","protected":false},"excerpt":{"rendered":"<p>Parametry produktu: cena: 119.9 PLN marka: Brave Soul p\u0142e\u0107: Female kategoria: ONA \/ Odzie\u017c \/ Bielizna \/ Pi\u017camy kolor: r\u00f3\u017cowy Opis: Pi\u017cama z kolekcji Brave Soul. Model wykonany z wzorzystej<\/p>\n","protected":false},"featured_media":18943,"comment_status":"closed","ping_status":"open","template":"","meta":[],"class_list":{"0":"post-18942","1":"product","2":"type-product","3":"status-publish","5":"hentry","6":"product_cat-bielizna","7":"product_cat-odziez","8":"product_cat-ona","9":"product_cat-pizamy","10":"product_tag-brave-soul","11":"product_tag-brave-soul-pizama"},"yoast_head":"<!-- This site is optimized with the Yoast SEO plugin v15.6.2 - https:\/\/yoast.com\/wordpress\/plugins\/seo\/ -->\n<title>Brave Soul - Pi\u017cama<\/title>\n<meta name=\"robots\" content=\"index, follow, max-snippet:-1, max-image-preview:large, max-video-preview:-1\" \/>\n<link rel=\"canonical\" href=\"https:\/\/torebunia.pl\/sklep\/produkt\/brave-soul-pizama-17\/\" \/>\n<meta property=\"og:locale\" content=\"pl_PL\" \/>\n<meta property=\"og:type\" content=\"article\" \/>\n<meta property=\"og:title\" content=\"Brave Soul - Pi\u017cama\" \/>\n<meta property=\"og:description\" content=\"Parametry produktu: cena: 119.9 PLN marka: Brave Soul p\u0142e\u0107: Female kategoria: ONA \/ Odzie\u017c \/ Bielizna \/ Pi\u017camy kolor: r\u00f3\u017cowy Opis: Pi\u017cama z kolekcji Brave Soul. Model wykonany z wzorzystej\" \/>\n<meta property=\"og:url\" content=\"https:\/\/torebunia.pl\/sklep\/produkt\/brave-soul-pizama-17\/\" \/>\n<meta property=\"og:site_name\" content=\"Moje Blog\" \/>\n<meta property=\"article:modified_time\" content=\"2021-01-27T14:58:47+00:00\" \/>\n<meta property=\"og:image\" content=\"https:\/\/torebunia.pl\/sklep\/wp-content\/uploads\/2021\/01\/d1b16d9ab0917b4baeffa6293cb136e64ebb3f2f-2.jpg\" \/>\n\t<meta property=\"og:image:width\" content=\"855\" \/>\n\t<meta property=\"og:image:height\" content=\"1290\" \/>\n<meta name=\"twitter:card\" content=\"summary_large_image\" \/>\n<meta name=\"twitter:label1\" content=\"Est. reading time\">\n\t<meta name=\"twitter:data1\" content=\"1 minuta\">\n<script type=\"application\/ld+json\" class=\"yoast-schema-graph\">{\"@context\":\"https:\/\/schema.org\",\"@graph\":[{\"@type\":\"WebSite\",\"@id\":\"https:\/\/torebunia.pl\/sklep\/#website\",\"url\":\"https:\/\/torebunia.pl\/sklep\/\",\"name\":\"Moje Blog\",\"description\":\"Kolejna witryna WordPress\",\"potentialAction\":[{\"@type\":\"SearchAction\",\"target\":\"https:\/\/torebunia.pl\/sklep\/?s={search_term_string}\",\"query-input\":\"required name=search_term_string\"}],\"inLanguage\":\"pl-PL\"},{\"@type\":\"ImageObject\",\"@id\":\"https:\/\/torebunia.pl\/sklep\/produkt\/brave-soul-pizama-17\/#primaryimage\",\"inLanguage\":\"pl-PL\",\"url\":\"https:\/\/torebunia.pl\/sklep\/wp-content\/uploads\/2021\/01\/d1b16d9ab0917b4baeffa6293cb136e64ebb3f2f-2.jpg\",\"width\":855,\"height\":1290,\"caption\":\"Brave Soul - Pi\\u017cama\"},{\"@type\":\"WebPage\",\"@id\":\"https:\/\/torebunia.pl\/sklep\/produkt\/brave-soul-pizama-17\/#webpage\",\"url\":\"https:\/\/torebunia.pl\/sklep\/produkt\/brave-soul-pizama-17\/\",\"name\":\"Brave Soul - Pi\\u017cama\",\"isPartOf\":{\"@id\":\"https:\/\/torebunia.pl\/sklep\/#website\"},\"primaryImageOfPage\":{\"@id\":\"https:\/\/torebunia.pl\/sklep\/produkt\/brave-soul-pizama-17\/#primaryimage\"},\"datePublished\":\"2020-07-27T20:39:03+00:00\",\"dateModified\":\"2021-01-27T14:58:47+00:00\",\"inLanguage\":\"pl-PL\",\"potentialAction\":[{\"@type\":\"ReadAction\",\"target\":[\"https:\/\/torebunia.pl\/sklep\/produkt\/brave-soul-pizama-17\/\"]}]}]}<\/script>\n<!-- \/ Yoast SEO plugin. -->","_links":{"self":[{"href":"https:\/\/torebunia.pl\/sklep\/wp-json\/wp\/v2\/product\/18942","targetHints":{"allow":["GET"]}}],"collection":[{"href":"https:\/\/torebunia.pl\/sklep\/wp-json\/wp\/v2\/product"}],"about":[{"href":"https:\/\/torebunia.pl\/sklep\/wp-json\/wp\/v2\/types\/product"}],"replies":[{"embeddable":true,"href":"https:\/\/torebunia.pl\/sklep\/wp-json\/wp\/v2\/comments?post=18942"}],"wp:featuredmedia":[{"embeddable":true,"href":"https:\/\/torebunia.pl\/sklep\/wp-json\/wp\/v2\/media\/18943"}],"wp:attachment":[{"href":"https:\/\/torebunia.pl\/sklep\/wp-json\/wp\/v2\/media?parent=18942"}],"curies":[{"name":"wp","href":"https:\/\/api.w.org\/{rel}","templated":true}]}}