{"id":18914,"date":"2020-11-29T09:23:47","date_gmt":"2020-11-29T09:23:47","guid":{"rendered":"https:\/\/torebunia.pl\/sklep\/produkt\/tommy-hilfiger-plecak-gigi-hadid\/"},"modified":"2021-01-27T14:57:49","modified_gmt":"2021-01-27T14:57:49","slug":"tommy-hilfiger-plecak-gigi-hadid","status":"publish","type":"product","link":"https:\/\/torebunia.pl\/sklep\/produkt\/tommy-hilfiger-plecak-gigi-hadid\/","title":{"rendered":"Tommy Hilfiger &#8211; Plecak Gigi Hadid"},"content":{"rendered":"<p>Parametry produktu:<\/p>\n<ul>\n<li>cena: <strong>599.9 PLN<\/strong><\/li>\n<li>marka: <strong>Tommy Hilfiger<\/strong><\/li>\n<li>p\u0142e\u0107: <strong>Female<\/strong><\/li>\n<li>kategoria: <strong>ONA \/ Akcesoria \/ Plecaki<\/strong><\/li>\n<li>kolor: <strong>czarny<\/strong><\/li>\n<\/ul>\n<p>Opis:<br \/>\nPlecak Tommy Hilfiger z kolekcji Gigi Hadid for Tommy Hilfiger. Model wykonany z sk\u00f3ry ekologicznej. &#8211; Jednokomorowy model. &#8211; Kiesze\u0144 z przodu. &#8211; Zapi\u0119cie na suwak. &#8211; Uchwyt do r\u0119ki. &#8211; Nie mie\u015bci formatu A4. &#8211; G\u0142\u0119boko\u015b\u0107: 8 cm. &#8211; Wysoko\u015b\u0107: 20 cm. &#8211; Szeroko\u015b\u0107 u podstawy: 16 cm. Sk\u0142ad: Podszewka: 100 % Poliester Materia\u0142 zasadniczy: 100 % Poliuretan ID produktu: 4930-PKD00O Kod producenta: AW0AW04906<\/p>\n","protected":false},"excerpt":{"rendered":"<p>Parametry produktu: cena: 599.9 PLN marka: Tommy Hilfiger p\u0142e\u0107: Female kategoria: ONA \/ Akcesoria \/ Plecaki kolor: czarny Opis: Plecak Tommy Hilfiger z kolekcji Gigi Hadid for Tommy Hilfiger. Model<\/p>\n","protected":false},"featured_media":18915,"comment_status":"closed","ping_status":"open","template":"","meta":[],"class_list":{"0":"post-18914","1":"product","2":"type-product","3":"status-publish","5":"hentry","6":"product_cat-akcesoria","7":"product_cat-ona","8":"product_cat-plecaki","9":"product_tag-tommy-hilfiger","10":"product_tag-tommy-hilfiger-plecak-gigi-hadid"},"yoast_head":"<!-- This site is optimized with the Yoast SEO plugin v15.6.2 - https:\/\/yoast.com\/wordpress\/plugins\/seo\/ -->\n<title>Tommy Hilfiger - Plecak Gigi Hadid<\/title>\n<meta name=\"robots\" content=\"index, follow, max-snippet:-1, max-image-preview:large, max-video-preview:-1\" \/>\n<link rel=\"canonical\" href=\"https:\/\/torebunia.pl\/sklep\/produkt\/tommy-hilfiger-plecak-gigi-hadid\/\" \/>\n<meta property=\"og:locale\" content=\"pl_PL\" \/>\n<meta property=\"og:type\" content=\"article\" \/>\n<meta property=\"og:title\" content=\"Tommy Hilfiger - Plecak Gigi Hadid\" \/>\n<meta property=\"og:description\" content=\"Parametry produktu: cena: 599.9 PLN marka: Tommy Hilfiger p\u0142e\u0107: Female kategoria: ONA \/ Akcesoria \/ Plecaki kolor: czarny Opis: Plecak Tommy Hilfiger z kolekcji Gigi Hadid for Tommy Hilfiger. Model\" \/>\n<meta property=\"og:url\" content=\"https:\/\/torebunia.pl\/sklep\/produkt\/tommy-hilfiger-plecak-gigi-hadid\/\" \/>\n<meta property=\"og:site_name\" content=\"Moje Blog\" \/>\n<meta property=\"article:modified_time\" content=\"2021-01-27T14:57:49+00:00\" \/>\n<meta property=\"og:image\" content=\"https:\/\/torebunia.pl\/sklep\/wp-content\/uploads\/2021\/01\/264674d0db38948c9fc741912fcaf8fc869c7981.jpg\" \/>\n\t<meta property=\"og:image:width\" content=\"855\" \/>\n\t<meta property=\"og:image:height\" content=\"1290\" \/>\n<meta name=\"twitter:card\" content=\"summary_large_image\" \/>\n<script type=\"application\/ld+json\" class=\"yoast-schema-graph\">{\"@context\":\"https:\/\/schema.org\",\"@graph\":[{\"@type\":\"WebSite\",\"@id\":\"https:\/\/torebunia.pl\/sklep\/#website\",\"url\":\"https:\/\/torebunia.pl\/sklep\/\",\"name\":\"Moje Blog\",\"description\":\"Kolejna witryna WordPress\",\"potentialAction\":[{\"@type\":\"SearchAction\",\"target\":\"https:\/\/torebunia.pl\/sklep\/?s={search_term_string}\",\"query-input\":\"required name=search_term_string\"}],\"inLanguage\":\"pl-PL\"},{\"@type\":\"ImageObject\",\"@id\":\"https:\/\/torebunia.pl\/sklep\/produkt\/tommy-hilfiger-plecak-gigi-hadid\/#primaryimage\",\"inLanguage\":\"pl-PL\",\"url\":\"https:\/\/torebunia.pl\/sklep\/wp-content\/uploads\/2021\/01\/264674d0db38948c9fc741912fcaf8fc869c7981.jpg\",\"width\":855,\"height\":1290,\"caption\":\"Tommy Hilfiger - Plecak Gigi Hadid\"},{\"@type\":\"WebPage\",\"@id\":\"https:\/\/torebunia.pl\/sklep\/produkt\/tommy-hilfiger-plecak-gigi-hadid\/#webpage\",\"url\":\"https:\/\/torebunia.pl\/sklep\/produkt\/tommy-hilfiger-plecak-gigi-hadid\/\",\"name\":\"Tommy Hilfiger - Plecak Gigi Hadid\",\"isPartOf\":{\"@id\":\"https:\/\/torebunia.pl\/sklep\/#website\"},\"primaryImageOfPage\":{\"@id\":\"https:\/\/torebunia.pl\/sklep\/produkt\/tommy-hilfiger-plecak-gigi-hadid\/#primaryimage\"},\"datePublished\":\"2020-11-29T09:23:47+00:00\",\"dateModified\":\"2021-01-27T14:57:49+00:00\",\"inLanguage\":\"pl-PL\",\"potentialAction\":[{\"@type\":\"ReadAction\",\"target\":[\"https:\/\/torebunia.pl\/sklep\/produkt\/tommy-hilfiger-plecak-gigi-hadid\/\"]}]}]}<\/script>\n<!-- \/ Yoast SEO plugin. -->","_links":{"self":[{"href":"https:\/\/torebunia.pl\/sklep\/wp-json\/wp\/v2\/product\/18914","targetHints":{"allow":["GET"]}}],"collection":[{"href":"https:\/\/torebunia.pl\/sklep\/wp-json\/wp\/v2\/product"}],"about":[{"href":"https:\/\/torebunia.pl\/sklep\/wp-json\/wp\/v2\/types\/product"}],"replies":[{"embeddable":true,"href":"https:\/\/torebunia.pl\/sklep\/wp-json\/wp\/v2\/comments?post=18914"}],"wp:featuredmedia":[{"embeddable":true,"href":"https:\/\/torebunia.pl\/sklep\/wp-json\/wp\/v2\/media\/18915"}],"wp:attachment":[{"href":"https:\/\/torebunia.pl\/sklep\/wp-json\/wp\/v2\/media?parent=18914"}],"curies":[{"name":"wp","href":"https:\/\/api.w.org\/{rel}","templated":true}]}}