{"id":18714,"date":"2021-01-06T07:26:08","date_gmt":"2021-01-06T07:26:08","guid":{"rendered":"https:\/\/torebunia.pl\/sklep\/produkt\/adidas-originals-t-shirt-9\/"},"modified":"2021-01-27T14:51:43","modified_gmt":"2021-01-27T14:51:43","slug":"adidas-originals-t-shirt-9","status":"publish","type":"product","link":"https:\/\/torebunia.pl\/sklep\/produkt\/adidas-originals-t-shirt-9\/","title":{"rendered":"adidas Originals &#8211; T-shirt"},"content":{"rendered":"<p>Parametry produktu:<\/p>\n<ul>\n<li>cena: <strong>139.9 PLN<\/strong><\/li>\n<li>marka: <strong>adidas Originals<\/strong><\/li>\n<li>p\u0142e\u0107: <strong>Female<\/strong><\/li>\n<li>kategoria: <strong>ONA \/ Odzie\u017c \/ Topy i t-shirty \/ Z kr\u00f3tkim r\u0119kawem<\/strong><\/li>\n<li>kolor: <strong>czarny<\/strong><\/li>\n<\/ul>\n<p>Opis:<br \/>\nLu\u017any T-shirt z kolekcji adidas Originals. Model wykonany z dzianiny z aplikacj\u0105. &#8211; Lu\u017any fason. &#8211; Okr\u0105g\u0142y dekolt. &#8211; Cienki materia\u0142. &#8211; Model z aplikacj\u0105. Wz\u00f3r: aplikacja Dekolt: okr\u0105g\u0142y Materia\u0142: bawe\u0142na Okazje: casual Sk\u0142ad: 100 % Bawe\u0142na ID produktu: 4901-TSD1CC Kod producenta: FM1912<\/p>\n","protected":false},"excerpt":{"rendered":"<p>Parametry produktu: cena: 139.9 PLN marka: adidas Originals p\u0142e\u0107: Female kategoria: ONA \/ Odzie\u017c \/ Topy i t-shirty \/ Z kr\u00f3tkim r\u0119kawem kolor: czarny Opis: Lu\u017any T-shirt z kolekcji adidas<\/p>\n","protected":false},"featured_media":18715,"comment_status":"closed","ping_status":"open","template":"","meta":[],"class_list":{"0":"post-18714","1":"product","2":"type-product","3":"status-publish","5":"hentry","6":"product_cat-odziez","7":"product_cat-ona","8":"product_cat-topy-i-t-shirty","9":"product_cat-z-krotkim-rekawem","10":"product_tag-adidas-originals","11":"product_tag-adidas-originals-t-shirt"},"yoast_head":"<!-- This site is optimized with the Yoast SEO plugin v15.6.2 - https:\/\/yoast.com\/wordpress\/plugins\/seo\/ -->\n<title>adidas Originals - T-shirt<\/title>\n<meta name=\"robots\" content=\"index, follow, max-snippet:-1, max-image-preview:large, max-video-preview:-1\" \/>\n<link rel=\"canonical\" href=\"https:\/\/torebunia.pl\/sklep\/produkt\/adidas-originals-t-shirt-9\/\" \/>\n<meta property=\"og:locale\" content=\"pl_PL\" \/>\n<meta property=\"og:type\" content=\"article\" \/>\n<meta property=\"og:title\" content=\"adidas Originals - T-shirt\" \/>\n<meta property=\"og:description\" content=\"Parametry produktu: cena: 139.9 PLN marka: adidas Originals p\u0142e\u0107: Female kategoria: ONA \/ Odzie\u017c \/ Topy i t-shirty \/ Z kr\u00f3tkim r\u0119kawem kolor: czarny Opis: Lu\u017any T-shirt z kolekcji adidas\" \/>\n<meta property=\"og:url\" content=\"https:\/\/torebunia.pl\/sklep\/produkt\/adidas-originals-t-shirt-9\/\" \/>\n<meta property=\"og:site_name\" content=\"Moje Blog\" \/>\n<meta property=\"article:modified_time\" content=\"2021-01-27T14:51:43+00:00\" \/>\n<meta property=\"og:image\" content=\"https:\/\/torebunia.pl\/sklep\/wp-content\/uploads\/2021\/01\/4c4ad52ded14eb21cd44788f184b15151ec7eb49.jpg\" \/>\n\t<meta property=\"og:image:width\" content=\"855\" \/>\n\t<meta property=\"og:image:height\" content=\"1290\" \/>\n<meta name=\"twitter:card\" content=\"summary_large_image\" \/>\n<script type=\"application\/ld+json\" class=\"yoast-schema-graph\">{\"@context\":\"https:\/\/schema.org\",\"@graph\":[{\"@type\":\"WebSite\",\"@id\":\"https:\/\/torebunia.pl\/sklep\/#website\",\"url\":\"https:\/\/torebunia.pl\/sklep\/\",\"name\":\"Moje Blog\",\"description\":\"Kolejna witryna WordPress\",\"potentialAction\":[{\"@type\":\"SearchAction\",\"target\":\"https:\/\/torebunia.pl\/sklep\/?s={search_term_string}\",\"query-input\":\"required name=search_term_string\"}],\"inLanguage\":\"pl-PL\"},{\"@type\":\"ImageObject\",\"@id\":\"https:\/\/torebunia.pl\/sklep\/produkt\/adidas-originals-t-shirt-9\/#primaryimage\",\"inLanguage\":\"pl-PL\",\"url\":\"https:\/\/torebunia.pl\/sklep\/wp-content\/uploads\/2021\/01\/4c4ad52ded14eb21cd44788f184b15151ec7eb49.jpg\",\"width\":855,\"height\":1290,\"caption\":\"adidas Originals - T-shirt\"},{\"@type\":\"WebPage\",\"@id\":\"https:\/\/torebunia.pl\/sklep\/produkt\/adidas-originals-t-shirt-9\/#webpage\",\"url\":\"https:\/\/torebunia.pl\/sklep\/produkt\/adidas-originals-t-shirt-9\/\",\"name\":\"adidas Originals - T-shirt\",\"isPartOf\":{\"@id\":\"https:\/\/torebunia.pl\/sklep\/#website\"},\"primaryImageOfPage\":{\"@id\":\"https:\/\/torebunia.pl\/sklep\/produkt\/adidas-originals-t-shirt-9\/#primaryimage\"},\"datePublished\":\"2021-01-06T07:26:08+00:00\",\"dateModified\":\"2021-01-27T14:51:43+00:00\",\"inLanguage\":\"pl-PL\",\"potentialAction\":[{\"@type\":\"ReadAction\",\"target\":[\"https:\/\/torebunia.pl\/sklep\/produkt\/adidas-originals-t-shirt-9\/\"]}]}]}<\/script>\n<!-- \/ Yoast SEO plugin. -->","_links":{"self":[{"href":"https:\/\/torebunia.pl\/sklep\/wp-json\/wp\/v2\/product\/18714","targetHints":{"allow":["GET"]}}],"collection":[{"href":"https:\/\/torebunia.pl\/sklep\/wp-json\/wp\/v2\/product"}],"about":[{"href":"https:\/\/torebunia.pl\/sklep\/wp-json\/wp\/v2\/types\/product"}],"replies":[{"embeddable":true,"href":"https:\/\/torebunia.pl\/sklep\/wp-json\/wp\/v2\/comments?post=18714"}],"wp:featuredmedia":[{"embeddable":true,"href":"https:\/\/torebunia.pl\/sklep\/wp-json\/wp\/v2\/media\/18715"}],"wp:attachment":[{"href":"https:\/\/torebunia.pl\/sklep\/wp-json\/wp\/v2\/media?parent=18714"}],"curies":[{"name":"wp","href":"https:\/\/api.w.org\/{rel}","templated":true}]}}