{"id":1869,"date":"2020-03-30T22:18:15","date_gmt":"2020-03-30T22:18:15","guid":{"rendered":"https:\/\/torebunia.pl\/sklep\/produkt\/only-sukienka-jeansowa\/"},"modified":"2021-01-25T14:13:39","modified_gmt":"2021-01-25T14:13:39","slug":"only-sukienka-jeansowa","status":"publish","type":"product","link":"https:\/\/torebunia.pl\/sklep\/produkt\/only-sukienka-jeansowa\/","title":{"rendered":"Only &#8211; Sukienka jeansowa"},"content":{"rendered":"<p>Parametry produktu:<\/p>\n<ul>\n<li>cena: <strong>219.9 PLN<\/strong><\/li>\n<li>marka: <strong>Only<\/strong><\/li>\n<li>p\u0142e\u0107: <strong>Female<\/strong><\/li>\n<li>kategoria: <strong>ONA \/ Odzie\u017c \/ Sukienki<\/strong><\/li>\n<li>kolor: <strong>niebieski<\/strong><\/li>\n<\/ul>\n<p>Opis:<br \/>\nSukienka z kolekcji Only. Prosty model wykonany z denimu. &#8211; Model z ko\u0142nierzykiem. &#8211; Model z wsuwanymi kieszeniami. &#8211; Wi\u0105zanie w talii. &#8211; Prosty fason. &#8211; D\u0142ugo\u015b\u0107 r\u0119kawa: 65 cm. &#8211; D\u0142ugo\u015b\u0107: 120 cm. &#8211; Szeroko\u015b\u0107 pod pachami: 45 cm. &#8211; Wymiary podane dla rozmiaru: 36. Wz\u00f3r: g\u0142adkie Materia\u0142: tkanina D\u0142ugo\u015b\u0107: midi R\u0119kaw: d\u0142ugi Materia\u0142: jeans Dekolt: zapinany Materia\u0142: bawe\u0142na Okazje: casual Fason: prosty Sk\u0142ad: 100 % Bawe\u0142na ID produktu: 4901-SUD1DR Kod producenta: 15170119<\/p>\n","protected":false},"excerpt":{"rendered":"<p>Parametry produktu: cena: 219.9 PLN marka: Only p\u0142e\u0107: Female kategoria: ONA \/ Odzie\u017c \/ Sukienki kolor: niebieski Opis: Sukienka z kolekcji Only. Prosty model wykonany z denimu. &#8211; Model z<\/p>\n","protected":false},"featured_media":1870,"comment_status":"closed","ping_status":"open","template":"","meta":[],"class_list":{"0":"post-1869","1":"product","2":"type-product","3":"status-publish","5":"hentry","6":"product_cat-odziez","7":"product_cat-ona","8":"product_cat-sukienki","9":"product_tag-only","10":"product_tag-only-sukienka-jeansowa"},"yoast_head":"<!-- This site is optimized with the Yoast SEO plugin v15.6.2 - https:\/\/yoast.com\/wordpress\/plugins\/seo\/ -->\n<title>Only - Sukienka jeansowa<\/title>\n<meta name=\"robots\" content=\"index, follow, max-snippet:-1, max-image-preview:large, max-video-preview:-1\" \/>\n<link rel=\"canonical\" href=\"https:\/\/torebunia.pl\/sklep\/produkt\/only-sukienka-jeansowa\/\" \/>\n<meta property=\"og:locale\" content=\"pl_PL\" \/>\n<meta property=\"og:type\" content=\"article\" \/>\n<meta property=\"og:title\" content=\"Only - Sukienka jeansowa\" \/>\n<meta property=\"og:description\" content=\"Parametry produktu: cena: 219.9 PLN marka: Only p\u0142e\u0107: Female kategoria: ONA \/ Odzie\u017c \/ Sukienki kolor: niebieski Opis: Sukienka z kolekcji Only. Prosty model wykonany z denimu. &#8211; Model z\" \/>\n<meta property=\"og:url\" content=\"https:\/\/torebunia.pl\/sklep\/produkt\/only-sukienka-jeansowa\/\" \/>\n<meta property=\"og:site_name\" content=\"Moje Blog\" \/>\n<meta property=\"article:modified_time\" content=\"2021-01-25T14:13:39+00:00\" \/>\n<meta property=\"og:image\" content=\"https:\/\/torebunia.pl\/sklep\/wp-content\/uploads\/2021\/01\/a9844fecfa9472ab95ec85d6f265264d41aacd25.jpg\" \/>\n\t<meta property=\"og:image:width\" content=\"855\" \/>\n\t<meta property=\"og:image:height\" content=\"1290\" \/>\n<meta name=\"twitter:card\" content=\"summary_large_image\" \/>\n<script type=\"application\/ld+json\" class=\"yoast-schema-graph\">{\"@context\":\"https:\/\/schema.org\",\"@graph\":[{\"@type\":\"WebSite\",\"@id\":\"https:\/\/torebunia.pl\/sklep\/#website\",\"url\":\"https:\/\/torebunia.pl\/sklep\/\",\"name\":\"Moje Blog\",\"description\":\"Kolejna witryna WordPress\",\"potentialAction\":[{\"@type\":\"SearchAction\",\"target\":\"https:\/\/torebunia.pl\/sklep\/?s={search_term_string}\",\"query-input\":\"required name=search_term_string\"}],\"inLanguage\":\"pl-PL\"},{\"@type\":\"ImageObject\",\"@id\":\"https:\/\/torebunia.pl\/sklep\/produkt\/only-sukienka-jeansowa\/#primaryimage\",\"inLanguage\":\"pl-PL\",\"url\":\"https:\/\/torebunia.pl\/sklep\/wp-content\/uploads\/2021\/01\/a9844fecfa9472ab95ec85d6f265264d41aacd25.jpg\",\"width\":855,\"height\":1290,\"caption\":\"Only - Sukienka jeansowa\"},{\"@type\":\"WebPage\",\"@id\":\"https:\/\/torebunia.pl\/sklep\/produkt\/only-sukienka-jeansowa\/#webpage\",\"url\":\"https:\/\/torebunia.pl\/sklep\/produkt\/only-sukienka-jeansowa\/\",\"name\":\"Only - Sukienka jeansowa\",\"isPartOf\":{\"@id\":\"https:\/\/torebunia.pl\/sklep\/#website\"},\"primaryImageOfPage\":{\"@id\":\"https:\/\/torebunia.pl\/sklep\/produkt\/only-sukienka-jeansowa\/#primaryimage\"},\"datePublished\":\"2020-03-30T22:18:15+00:00\",\"dateModified\":\"2021-01-25T14:13:39+00:00\",\"inLanguage\":\"pl-PL\",\"potentialAction\":[{\"@type\":\"ReadAction\",\"target\":[\"https:\/\/torebunia.pl\/sklep\/produkt\/only-sukienka-jeansowa\/\"]}]}]}<\/script>\n<!-- \/ Yoast SEO plugin. -->","_links":{"self":[{"href":"https:\/\/torebunia.pl\/sklep\/wp-json\/wp\/v2\/product\/1869","targetHints":{"allow":["GET"]}}],"collection":[{"href":"https:\/\/torebunia.pl\/sklep\/wp-json\/wp\/v2\/product"}],"about":[{"href":"https:\/\/torebunia.pl\/sklep\/wp-json\/wp\/v2\/types\/product"}],"replies":[{"embeddable":true,"href":"https:\/\/torebunia.pl\/sklep\/wp-json\/wp\/v2\/comments?post=1869"}],"wp:featuredmedia":[{"embeddable":true,"href":"https:\/\/torebunia.pl\/sklep\/wp-json\/wp\/v2\/media\/1870"}],"wp:attachment":[{"href":"https:\/\/torebunia.pl\/sklep\/wp-json\/wp\/v2\/media?parent=1869"}],"curies":[{"name":"wp","href":"https:\/\/api.w.org\/{rel}","templated":true}]}}