{"id":1863,"date":"2020-05-26T03:27:09","date_gmt":"2020-05-26T03:27:09","guid":{"rendered":"https:\/\/torebunia.pl\/sklep\/produkt\/patrizia-pepe-bransoletka-skorzana\/"},"modified":"2021-01-25T14:13:29","modified_gmt":"2021-01-25T14:13:29","slug":"patrizia-pepe-bransoletka-skorzana","status":"publish","type":"product","link":"https:\/\/torebunia.pl\/sklep\/produkt\/patrizia-pepe-bransoletka-skorzana\/","title":{"rendered":"Patrizia Pepe &#8211; Bransoletka sk\u00f3rzana"},"content":{"rendered":"<p>Parametry produktu:<\/p>\n<ul>\n<li>cena: <strong>289.9 PLN<\/strong><\/li>\n<li>marka: <strong>Patrizia Pepe<\/strong><\/li>\n<li>p\u0142e\u0107: <strong>Female<\/strong><\/li>\n<li>kategoria: <strong>ONA \/ Akcesoria \/ Bi\u017cuteria \/ Bransoletki<\/strong><\/li>\n<li>kolor: <strong>fioletowy<\/strong><\/li>\n<\/ul>\n<p>Opis:<br \/>\nBransoletka z kolekcji Patrizia Pepe. Model wykonany z sk\u00f3ry naturalnej. Sk\u0142ad: 100 % Sk\u00f3ra naturalna ID produktu: 4900-AKD017 Kod producenta: 2V9406.A2OI<\/p>\n","protected":false},"excerpt":{"rendered":"<p>Parametry produktu: cena: 289.9 PLN marka: Patrizia Pepe p\u0142e\u0107: Female kategoria: ONA \/ Akcesoria \/ Bi\u017cuteria \/ Bransoletki kolor: fioletowy Opis: Bransoletka z kolekcji Patrizia Pepe. Model wykonany z sk\u00f3ry<\/p>\n","protected":false},"featured_media":1864,"comment_status":"closed","ping_status":"open","template":"","meta":[],"class_list":{"0":"post-1863","1":"product","2":"type-product","3":"status-publish","5":"hentry","6":"product_cat-akcesoria","7":"product_cat-bizuteria","8":"product_cat-bransoletki","9":"product_cat-ona","10":"product_tag-patrizia-pepe","11":"product_tag-patrizia-pepe-bransoletka-skorzana"},"yoast_head":"<!-- This site is optimized with the Yoast SEO plugin v15.6.2 - https:\/\/yoast.com\/wordpress\/plugins\/seo\/ -->\n<title>Patrizia Pepe - Bransoletka sk\u00f3rzana<\/title>\n<meta name=\"robots\" content=\"index, follow, max-snippet:-1, max-image-preview:large, max-video-preview:-1\" \/>\n<link rel=\"canonical\" href=\"https:\/\/torebunia.pl\/sklep\/produkt\/patrizia-pepe-bransoletka-skorzana\/\" \/>\n<meta property=\"og:locale\" content=\"pl_PL\" \/>\n<meta property=\"og:type\" content=\"article\" \/>\n<meta property=\"og:title\" content=\"Patrizia Pepe - Bransoletka sk\u00f3rzana\" \/>\n<meta property=\"og:description\" content=\"Parametry produktu: cena: 289.9 PLN marka: Patrizia Pepe p\u0142e\u0107: Female kategoria: ONA \/ Akcesoria \/ Bi\u017cuteria \/ Bransoletki kolor: fioletowy Opis: Bransoletka z kolekcji Patrizia Pepe. Model wykonany z sk\u00f3ry\" \/>\n<meta property=\"og:url\" content=\"https:\/\/torebunia.pl\/sklep\/produkt\/patrizia-pepe-bransoletka-skorzana\/\" \/>\n<meta property=\"og:site_name\" content=\"Moje Blog\" \/>\n<meta property=\"article:modified_time\" content=\"2021-01-25T14:13:29+00:00\" \/>\n<meta property=\"og:image\" content=\"https:\/\/torebunia.pl\/sklep\/wp-content\/uploads\/2021\/01\/e3c592d81eba815502c5eb5cc43fb4df80afef80.jpg\" \/>\n\t<meta property=\"og:image:width\" content=\"855\" \/>\n\t<meta property=\"og:image:height\" content=\"1290\" \/>\n<meta name=\"twitter:card\" content=\"summary_large_image\" \/>\n<script type=\"application\/ld+json\" class=\"yoast-schema-graph\">{\"@context\":\"https:\/\/schema.org\",\"@graph\":[{\"@type\":\"WebSite\",\"@id\":\"https:\/\/torebunia.pl\/sklep\/#website\",\"url\":\"https:\/\/torebunia.pl\/sklep\/\",\"name\":\"Moje Blog\",\"description\":\"Kolejna witryna WordPress\",\"potentialAction\":[{\"@type\":\"SearchAction\",\"target\":\"https:\/\/torebunia.pl\/sklep\/?s={search_term_string}\",\"query-input\":\"required name=search_term_string\"}],\"inLanguage\":\"pl-PL\"},{\"@type\":\"ImageObject\",\"@id\":\"https:\/\/torebunia.pl\/sklep\/produkt\/patrizia-pepe-bransoletka-skorzana\/#primaryimage\",\"inLanguage\":\"pl-PL\",\"url\":\"https:\/\/torebunia.pl\/sklep\/wp-content\/uploads\/2021\/01\/e3c592d81eba815502c5eb5cc43fb4df80afef80.jpg\",\"width\":855,\"height\":1290,\"caption\":\"Patrizia Pepe - Bransoletka sk\\u00f3rzana\"},{\"@type\":\"WebPage\",\"@id\":\"https:\/\/torebunia.pl\/sklep\/produkt\/patrizia-pepe-bransoletka-skorzana\/#webpage\",\"url\":\"https:\/\/torebunia.pl\/sklep\/produkt\/patrizia-pepe-bransoletka-skorzana\/\",\"name\":\"Patrizia Pepe - Bransoletka sk\\u00f3rzana\",\"isPartOf\":{\"@id\":\"https:\/\/torebunia.pl\/sklep\/#website\"},\"primaryImageOfPage\":{\"@id\":\"https:\/\/torebunia.pl\/sklep\/produkt\/patrizia-pepe-bransoletka-skorzana\/#primaryimage\"},\"datePublished\":\"2020-05-26T03:27:09+00:00\",\"dateModified\":\"2021-01-25T14:13:29+00:00\",\"inLanguage\":\"pl-PL\",\"potentialAction\":[{\"@type\":\"ReadAction\",\"target\":[\"https:\/\/torebunia.pl\/sklep\/produkt\/patrizia-pepe-bransoletka-skorzana\/\"]}]}]}<\/script>\n<!-- \/ Yoast SEO plugin. -->","_links":{"self":[{"href":"https:\/\/torebunia.pl\/sklep\/wp-json\/wp\/v2\/product\/1863","targetHints":{"allow":["GET"]}}],"collection":[{"href":"https:\/\/torebunia.pl\/sklep\/wp-json\/wp\/v2\/product"}],"about":[{"href":"https:\/\/torebunia.pl\/sklep\/wp-json\/wp\/v2\/types\/product"}],"replies":[{"embeddable":true,"href":"https:\/\/torebunia.pl\/sklep\/wp-json\/wp\/v2\/comments?post=1863"}],"wp:featuredmedia":[{"embeddable":true,"href":"https:\/\/torebunia.pl\/sklep\/wp-json\/wp\/v2\/media\/1864"}],"wp:attachment":[{"href":"https:\/\/torebunia.pl\/sklep\/wp-json\/wp\/v2\/media?parent=1863"}],"curies":[{"name":"wp","href":"https:\/\/api.w.org\/{rel}","templated":true}]}}