{"id":18422,"date":"2020-12-25T06:29:39","date_gmt":"2020-12-25T06:29:39","guid":{"rendered":"https:\/\/torebunia.pl\/sklep\/produkt\/dkny-spodnica-6\/"},"modified":"2021-01-27T14:42:48","modified_gmt":"2021-01-27T14:42:48","slug":"dkny-spodnica-6","status":"publish","type":"product","link":"https:\/\/torebunia.pl\/sklep\/produkt\/dkny-spodnica-6\/","title":{"rendered":"Dkny &#8211; Sp\u00f3dnica"},"content":{"rendered":"<p>Parametry produktu:<\/p>\n<ul>\n<li>cena: <strong>449.9 PLN<\/strong><\/li>\n<li>marka: <strong>DKNY<\/strong><\/li>\n<li>p\u0142e\u0107: <strong>Female<\/strong><\/li>\n<li>kategoria: <strong>ONA \/ Odzie\u017c \/ Sp\u00f3dnice<\/strong><\/li>\n<li>kolor: <strong>czarny<\/strong><\/li>\n<\/ul>\n<p>Opis:<br \/>\nSp\u00f3dnica z kolekcji Dkny. Model o prostym kroju, wykonany z g\u0142adkiego materia\u0142u. &#8211; Prosty fason. &#8211; Kryte zapi\u0119cie na suwak. &#8211; G\u0142adki materia\u0142. &#8211; Szeroko\u015b\u0107 w pasie: 38 cm. &#8211; D\u0142ugo\u015b\u0107: 68 cm. &#8211; Wymiary podane dla rozmiaru: 36. Wz\u00f3r: g\u0142adkie Materia\u0142: tkanina Materia\u0142: dzianina D\u0142ugo\u015b\u0107: midi Okazje: casual Fason: prosty Sk\u0142ad: Materia\u0142 1: 6 % Elastan, 94 % Poliester, Materia\u0142 2: 100 % Poliester ID produktu: 4901-SDD08A Kod producenta: P9JHEDZX<\/p>\n","protected":false},"excerpt":{"rendered":"<p>Parametry produktu: cena: 449.9 PLN marka: DKNY p\u0142e\u0107: Female kategoria: ONA \/ Odzie\u017c \/ Sp\u00f3dnice kolor: czarny Opis: Sp\u00f3dnica z kolekcji Dkny. Model o prostym kroju, wykonany z g\u0142adkiego materia\u0142u.<\/p>\n","protected":false},"featured_media":18423,"comment_status":"closed","ping_status":"open","template":"","meta":[],"class_list":{"0":"post-18422","1":"product","2":"type-product","3":"status-publish","5":"hentry","6":"product_cat-odziez","7":"product_cat-ona","8":"product_cat-spodnice","9":"product_tag-dkny","10":"product_tag-dkny-spodnica"},"yoast_head":"<!-- This site is optimized with the Yoast SEO plugin v15.6.2 - https:\/\/yoast.com\/wordpress\/plugins\/seo\/ -->\n<title>Dkny - Sp\u00f3dnica<\/title>\n<meta name=\"robots\" content=\"index, follow, max-snippet:-1, max-image-preview:large, max-video-preview:-1\" \/>\n<link rel=\"canonical\" href=\"https:\/\/torebunia.pl\/sklep\/produkt\/dkny-spodnica-6\/\" \/>\n<meta property=\"og:locale\" content=\"pl_PL\" \/>\n<meta property=\"og:type\" content=\"article\" \/>\n<meta property=\"og:title\" content=\"Dkny - Sp\u00f3dnica\" \/>\n<meta property=\"og:description\" content=\"Parametry produktu: cena: 449.9 PLN marka: DKNY p\u0142e\u0107: Female kategoria: ONA \/ Odzie\u017c \/ Sp\u00f3dnice kolor: czarny Opis: Sp\u00f3dnica z kolekcji Dkny. Model o prostym kroju, wykonany z g\u0142adkiego materia\u0142u.\" \/>\n<meta property=\"og:url\" content=\"https:\/\/torebunia.pl\/sklep\/produkt\/dkny-spodnica-6\/\" \/>\n<meta property=\"og:site_name\" content=\"Moje Blog\" \/>\n<meta property=\"article:modified_time\" content=\"2021-01-27T14:42:48+00:00\" \/>\n<meta property=\"og:image\" content=\"https:\/\/torebunia.pl\/sklep\/wp-content\/uploads\/2021\/01\/ff48852852c4807193384b615375843a158a94ac.jpg\" \/>\n\t<meta property=\"og:image:width\" content=\"855\" \/>\n\t<meta property=\"og:image:height\" content=\"1290\" \/>\n<meta name=\"twitter:card\" content=\"summary_large_image\" \/>\n<script type=\"application\/ld+json\" class=\"yoast-schema-graph\">{\"@context\":\"https:\/\/schema.org\",\"@graph\":[{\"@type\":\"WebSite\",\"@id\":\"https:\/\/torebunia.pl\/sklep\/#website\",\"url\":\"https:\/\/torebunia.pl\/sklep\/\",\"name\":\"Moje Blog\",\"description\":\"Kolejna witryna WordPress\",\"potentialAction\":[{\"@type\":\"SearchAction\",\"target\":\"https:\/\/torebunia.pl\/sklep\/?s={search_term_string}\",\"query-input\":\"required name=search_term_string\"}],\"inLanguage\":\"pl-PL\"},{\"@type\":\"ImageObject\",\"@id\":\"https:\/\/torebunia.pl\/sklep\/produkt\/dkny-spodnica-6\/#primaryimage\",\"inLanguage\":\"pl-PL\",\"url\":\"https:\/\/torebunia.pl\/sklep\/wp-content\/uploads\/2021\/01\/ff48852852c4807193384b615375843a158a94ac.jpg\",\"width\":855,\"height\":1290,\"caption\":\"Dkny - Sp\\u00f3dnica\"},{\"@type\":\"WebPage\",\"@id\":\"https:\/\/torebunia.pl\/sklep\/produkt\/dkny-spodnica-6\/#webpage\",\"url\":\"https:\/\/torebunia.pl\/sklep\/produkt\/dkny-spodnica-6\/\",\"name\":\"Dkny - Sp\\u00f3dnica\",\"isPartOf\":{\"@id\":\"https:\/\/torebunia.pl\/sklep\/#website\"},\"primaryImageOfPage\":{\"@id\":\"https:\/\/torebunia.pl\/sklep\/produkt\/dkny-spodnica-6\/#primaryimage\"},\"datePublished\":\"2020-12-25T06:29:39+00:00\",\"dateModified\":\"2021-01-27T14:42:48+00:00\",\"inLanguage\":\"pl-PL\",\"potentialAction\":[{\"@type\":\"ReadAction\",\"target\":[\"https:\/\/torebunia.pl\/sklep\/produkt\/dkny-spodnica-6\/\"]}]}]}<\/script>\n<!-- \/ Yoast SEO plugin. -->","_links":{"self":[{"href":"https:\/\/torebunia.pl\/sklep\/wp-json\/wp\/v2\/product\/18422","targetHints":{"allow":["GET"]}}],"collection":[{"href":"https:\/\/torebunia.pl\/sklep\/wp-json\/wp\/v2\/product"}],"about":[{"href":"https:\/\/torebunia.pl\/sklep\/wp-json\/wp\/v2\/types\/product"}],"replies":[{"embeddable":true,"href":"https:\/\/torebunia.pl\/sklep\/wp-json\/wp\/v2\/comments?post=18422"}],"wp:featuredmedia":[{"embeddable":true,"href":"https:\/\/torebunia.pl\/sklep\/wp-json\/wp\/v2\/media\/18423"}],"wp:attachment":[{"href":"https:\/\/torebunia.pl\/sklep\/wp-json\/wp\/v2\/media?parent=18422"}],"curies":[{"name":"wp","href":"https:\/\/api.w.org\/{rel}","templated":true}]}}