{"id":1819,"date":"2020-03-25T01:30:02","date_gmt":"2020-03-25T01:30:02","guid":{"rendered":"https:\/\/torebunia.pl\/sklep\/produkt\/moschino-czapka\/"},"modified":"2021-01-27T11:35:02","modified_gmt":"2021-01-27T11:35:02","slug":"moschino-czapka","status":"publish","type":"product","link":"https:\/\/torebunia.pl\/sklep\/produkt\/moschino-czapka\/","title":{"rendered":"Moschino &#8211; Czapka"},"content":{"rendered":"<p>Parametry produktu:<\/p>\n<ul>\n<li>cena: <strong>269.9 PLN<\/strong><\/li>\n<li>marka: <strong>Moschino<\/strong><\/li>\n<li>p\u0142e\u0107: <strong>Female<\/strong><\/li>\n<li>kategoria: <strong>ONA \/ Akcesoria \/ Czapki i kapelusze \/ Czapki<\/strong><\/li>\n<li>kolor: <strong>czarny<\/strong><\/li>\n<\/ul>\n<p>Opis:<br \/>\nCzapka z kolekcji Moschino. Model wykonany z wzorzystego materia\u0142u. &#8211; Cienka, elastyczna dzianina. &#8211; Wzorzysta dzianina. Wz\u00f3r: wzorzyste Materia\u0142: z domieszk\u0105 we\u0142ny Dzianina: cienka Sk\u0142ad: 44 % Acetat, 25 % Akryl, 3 % Poliamid, 3 % Poliester, 25 % We\u0142na ID produktu: 4900-CAD058 Kod producenta: M2350.65225<\/p>\n","protected":false},"excerpt":{"rendered":"<p>Parametry produktu: cena: 269.9 PLN marka: Moschino p\u0142e\u0107: Female kategoria: ONA \/ Akcesoria \/ Czapki i kapelusze \/ Czapki kolor: czarny Opis: Czapka z kolekcji Moschino. Model wykonany z wzorzystego<\/p>\n","protected":false},"featured_media":1820,"comment_status":"closed","ping_status":"open","template":"","meta":[],"class_list":{"0":"post-1819","1":"product","2":"type-product","3":"status-publish","5":"hentry","6":"product_cat-akcesoria","7":"product_cat-czapki","8":"product_cat-czapki-i-kapelusze","9":"product_cat-ona","10":"product_tag-moschino","11":"product_tag-moschino-czapka"},"yoast_head":"<!-- This site is optimized with the Yoast SEO plugin v15.6.2 - https:\/\/yoast.com\/wordpress\/plugins\/seo\/ -->\n<title>Moschino - Czapka<\/title>\n<meta name=\"robots\" content=\"index, follow, max-snippet:-1, max-image-preview:large, max-video-preview:-1\" \/>\n<link rel=\"canonical\" href=\"https:\/\/torebunia.pl\/sklep\/produkt\/moschino-czapka\/\" \/>\n<meta property=\"og:locale\" content=\"pl_PL\" \/>\n<meta property=\"og:type\" content=\"article\" \/>\n<meta property=\"og:title\" content=\"Moschino - Czapka\" \/>\n<meta property=\"og:description\" content=\"Parametry produktu: cena: 269.9 PLN marka: Moschino p\u0142e\u0107: Female kategoria: ONA \/ Akcesoria \/ Czapki i kapelusze \/ Czapki kolor: czarny Opis: Czapka z kolekcji Moschino. Model wykonany z wzorzystego\" \/>\n<meta property=\"og:url\" content=\"https:\/\/torebunia.pl\/sklep\/produkt\/moschino-czapka\/\" \/>\n<meta property=\"og:site_name\" content=\"Moje Blog\" \/>\n<meta property=\"article:modified_time\" content=\"2021-01-27T11:35:02+00:00\" \/>\n<meta property=\"og:image\" content=\"https:\/\/torebunia.pl\/sklep\/wp-content\/uploads\/2021\/01\/4e7bfddd76140c742f3e8958c44929f7484d8a0f.jpg\" \/>\n\t<meta property=\"og:image:width\" content=\"855\" \/>\n\t<meta property=\"og:image:height\" content=\"1290\" \/>\n<meta name=\"twitter:card\" content=\"summary_large_image\" \/>\n<script type=\"application\/ld+json\" class=\"yoast-schema-graph\">{\"@context\":\"https:\/\/schema.org\",\"@graph\":[{\"@type\":\"WebSite\",\"@id\":\"https:\/\/torebunia.pl\/sklep\/#website\",\"url\":\"https:\/\/torebunia.pl\/sklep\/\",\"name\":\"Moje Blog\",\"description\":\"Kolejna witryna WordPress\",\"potentialAction\":[{\"@type\":\"SearchAction\",\"target\":\"https:\/\/torebunia.pl\/sklep\/?s={search_term_string}\",\"query-input\":\"required name=search_term_string\"}],\"inLanguage\":\"pl-PL\"},{\"@type\":\"ImageObject\",\"@id\":\"https:\/\/torebunia.pl\/sklep\/produkt\/moschino-czapka\/#primaryimage\",\"inLanguage\":\"pl-PL\",\"url\":\"https:\/\/torebunia.pl\/sklep\/wp-content\/uploads\/2021\/01\/4e7bfddd76140c742f3e8958c44929f7484d8a0f.jpg\",\"width\":855,\"height\":1290,\"caption\":\"Moschino - Czapka\"},{\"@type\":\"WebPage\",\"@id\":\"https:\/\/torebunia.pl\/sklep\/produkt\/moschino-czapka\/#webpage\",\"url\":\"https:\/\/torebunia.pl\/sklep\/produkt\/moschino-czapka\/\",\"name\":\"Moschino - Czapka\",\"isPartOf\":{\"@id\":\"https:\/\/torebunia.pl\/sklep\/#website\"},\"primaryImageOfPage\":{\"@id\":\"https:\/\/torebunia.pl\/sklep\/produkt\/moschino-czapka\/#primaryimage\"},\"datePublished\":\"2020-03-25T01:30:02+00:00\",\"dateModified\":\"2021-01-27T11:35:02+00:00\",\"inLanguage\":\"pl-PL\",\"potentialAction\":[{\"@type\":\"ReadAction\",\"target\":[\"https:\/\/torebunia.pl\/sklep\/produkt\/moschino-czapka\/\"]}]}]}<\/script>\n<!-- \/ Yoast SEO plugin. -->","_links":{"self":[{"href":"https:\/\/torebunia.pl\/sklep\/wp-json\/wp\/v2\/product\/1819","targetHints":{"allow":["GET"]}}],"collection":[{"href":"https:\/\/torebunia.pl\/sklep\/wp-json\/wp\/v2\/product"}],"about":[{"href":"https:\/\/torebunia.pl\/sklep\/wp-json\/wp\/v2\/types\/product"}],"replies":[{"embeddable":true,"href":"https:\/\/torebunia.pl\/sklep\/wp-json\/wp\/v2\/comments?post=1819"}],"wp:featuredmedia":[{"embeddable":true,"href":"https:\/\/torebunia.pl\/sklep\/wp-json\/wp\/v2\/media\/1820"}],"wp:attachment":[{"href":"https:\/\/torebunia.pl\/sklep\/wp-json\/wp\/v2\/media?parent=1819"}],"curies":[{"name":"wp","href":"https:\/\/api.w.org\/{rel}","templated":true}]}}