{"id":18166,"date":"2020-11-12T10:41:02","date_gmt":"2020-11-12T10:41:02","guid":{"rendered":"https:\/\/torebunia.pl\/sklep\/produkt\/levis-czapka-10\/"},"modified":"2021-01-27T14:35:18","modified_gmt":"2021-01-27T14:35:18","slug":"levis-czapka-10","status":"publish","type":"product","link":"https:\/\/torebunia.pl\/sklep\/produkt\/levis-czapka-10\/","title":{"rendered":"Levi&#8217;s &#8211; Czapka"},"content":{"rendered":"<p>Parametry produktu:<\/p>\n<ul>\n<li>cena: <strong>89.9 PLN<\/strong><\/li>\n<li>marka: <strong>Levi&#8217;s<\/strong><\/li>\n<li>p\u0142e\u0107: <strong>Female<\/strong><\/li>\n<li>kategoria: <strong>ONA \/ ON \/ Akcesoria \/ Czapki i kapelusze<\/strong><\/li>\n<li>kolor: <strong>szary<\/strong><\/li>\n<\/ul>\n<p>Opis:<br \/>\nCzapka z kolekcji Levi&#8217;s. Model wykonany z cienkiej, melan\u017cowej dzianiny. Informujemy, i\u017c ze wzgl\u0119du na polityk\u0119 ochrony znak\u00f3w towarowych marki Levi&#8217;s oko\u0142o 10% asortymentu posiada &#8222;pust\u0105 wszywk\u0119&#8221; (w kolorze czerwonym, bez logo marki, wy\u0142\u0105cznie z mi\u0119dzynarodowym symbolem zarejestrowanego znaku towarowego). &#8222;Pusta wszywka&#8221; jest zarejestrowanym znakiem towarowym marki Levi&#8217;s i opatrzone ni\u0105 modele s\u0105 pe\u0142nowarto\u015bciowymi, oryginalnymi produktami. W razie w\u0105tpliwo\u015bci prosimy o kontakt z Biurem Obs\u0142ugi Klienta. &#8211; Model beanie. Sk\u0142ad: 100 % Akryl ID produktu: 4910-CAU00O Kod producenta: 77138.0646<\/p>\n","protected":false},"excerpt":{"rendered":"<p>Parametry produktu: cena: 89.9 PLN marka: Levi&#8217;s p\u0142e\u0107: Female kategoria: ONA \/ ON \/ Akcesoria \/ Czapki i kapelusze kolor: szary Opis: Czapka z kolekcji Levi&#8217;s. Model wykonany z cienkiej,<\/p>\n","protected":false},"featured_media":18167,"comment_status":"closed","ping_status":"open","template":"","meta":[],"class_list":{"0":"post-18166","1":"product","2":"type-product","3":"status-publish","5":"hentry","6":"product_cat-akcesoria","7":"product_cat-czapki-i-kapelusze","8":"product_cat-on","9":"product_cat-ona","10":"product_tag-levis","11":"product_tag-levis-czapka"},"yoast_head":"<!-- This site is optimized with the Yoast SEO plugin v15.6.2 - https:\/\/yoast.com\/wordpress\/plugins\/seo\/ -->\n<title>Levi&#039;s - Czapka<\/title>\n<meta name=\"robots\" content=\"index, follow, max-snippet:-1, max-image-preview:large, max-video-preview:-1\" \/>\n<link rel=\"canonical\" href=\"https:\/\/torebunia.pl\/sklep\/produkt\/levis-czapka-10\/\" \/>\n<meta property=\"og:locale\" content=\"pl_PL\" \/>\n<meta property=\"og:type\" content=\"article\" \/>\n<meta property=\"og:title\" content=\"Levi&#039;s - Czapka\" \/>\n<meta property=\"og:description\" content=\"Parametry produktu: cena: 89.9 PLN marka: Levi&#8217;s p\u0142e\u0107: Female kategoria: ONA \/ ON \/ Akcesoria \/ Czapki i kapelusze kolor: szary Opis: Czapka z kolekcji Levi&#8217;s. Model wykonany z cienkiej,\" \/>\n<meta property=\"og:url\" content=\"https:\/\/torebunia.pl\/sklep\/produkt\/levis-czapka-10\/\" \/>\n<meta property=\"og:site_name\" content=\"Moje Blog\" \/>\n<meta property=\"article:modified_time\" content=\"2021-01-27T14:35:18+00:00\" \/>\n<meta property=\"og:image\" content=\"https:\/\/torebunia.pl\/sklep\/wp-content\/uploads\/2021\/01\/516eb07c3b0e4b55442ebd4139ec292f1bd0302b.jpg\" \/>\n\t<meta property=\"og:image:width\" content=\"855\" \/>\n\t<meta property=\"og:image:height\" content=\"1290\" \/>\n<meta name=\"twitter:card\" content=\"summary_large_image\" \/>\n<meta name=\"twitter:label1\" content=\"Est. reading time\">\n\t<meta name=\"twitter:data1\" content=\"1 minuta\">\n<script type=\"application\/ld+json\" class=\"yoast-schema-graph\">{\"@context\":\"https:\/\/schema.org\",\"@graph\":[{\"@type\":\"WebSite\",\"@id\":\"https:\/\/torebunia.pl\/sklep\/#website\",\"url\":\"https:\/\/torebunia.pl\/sklep\/\",\"name\":\"Moje Blog\",\"description\":\"Kolejna witryna WordPress\",\"potentialAction\":[{\"@type\":\"SearchAction\",\"target\":\"https:\/\/torebunia.pl\/sklep\/?s={search_term_string}\",\"query-input\":\"required name=search_term_string\"}],\"inLanguage\":\"pl-PL\"},{\"@type\":\"ImageObject\",\"@id\":\"https:\/\/torebunia.pl\/sklep\/produkt\/levis-czapka-10\/#primaryimage\",\"inLanguage\":\"pl-PL\",\"url\":\"https:\/\/torebunia.pl\/sklep\/wp-content\/uploads\/2021\/01\/516eb07c3b0e4b55442ebd4139ec292f1bd0302b.jpg\",\"width\":855,\"height\":1290,\"caption\":\"Levi's - Czapka\"},{\"@type\":\"WebPage\",\"@id\":\"https:\/\/torebunia.pl\/sklep\/produkt\/levis-czapka-10\/#webpage\",\"url\":\"https:\/\/torebunia.pl\/sklep\/produkt\/levis-czapka-10\/\",\"name\":\"Levi's - Czapka\",\"isPartOf\":{\"@id\":\"https:\/\/torebunia.pl\/sklep\/#website\"},\"primaryImageOfPage\":{\"@id\":\"https:\/\/torebunia.pl\/sklep\/produkt\/levis-czapka-10\/#primaryimage\"},\"datePublished\":\"2020-11-12T10:41:02+00:00\",\"dateModified\":\"2021-01-27T14:35:18+00:00\",\"inLanguage\":\"pl-PL\",\"potentialAction\":[{\"@type\":\"ReadAction\",\"target\":[\"https:\/\/torebunia.pl\/sklep\/produkt\/levis-czapka-10\/\"]}]}]}<\/script>\n<!-- \/ Yoast SEO plugin. -->","_links":{"self":[{"href":"https:\/\/torebunia.pl\/sklep\/wp-json\/wp\/v2\/product\/18166","targetHints":{"allow":["GET"]}}],"collection":[{"href":"https:\/\/torebunia.pl\/sklep\/wp-json\/wp\/v2\/product"}],"about":[{"href":"https:\/\/torebunia.pl\/sklep\/wp-json\/wp\/v2\/types\/product"}],"replies":[{"embeddable":true,"href":"https:\/\/torebunia.pl\/sklep\/wp-json\/wp\/v2\/comments?post=18166"}],"wp:featuredmedia":[{"embeddable":true,"href":"https:\/\/torebunia.pl\/sklep\/wp-json\/wp\/v2\/media\/18167"}],"wp:attachment":[{"href":"https:\/\/torebunia.pl\/sklep\/wp-json\/wp\/v2\/media?parent=18166"}],"curies":[{"name":"wp","href":"https:\/\/api.w.org\/{rel}","templated":true}]}}