{"id":18124,"date":"2020-12-16T01:13:32","date_gmt":"2020-12-16T01:13:32","guid":{"rendered":"https:\/\/torebunia.pl\/sklep\/produkt\/tommy-hilfiger-kurtka-9\/"},"modified":"2021-01-27T14:34:07","modified_gmt":"2021-01-27T14:34:07","slug":"tommy-hilfiger-kurtka-9","status":"publish","type":"product","link":"https:\/\/torebunia.pl\/sklep\/produkt\/tommy-hilfiger-kurtka-9\/","title":{"rendered":"Tommy Hilfiger &#8211; Kurtka"},"content":{"rendered":"<p>Parametry produktu:<\/p>\n<ul>\n<li>cena: <strong>1199.0 PLN<\/strong><\/li>\n<li>marka: <strong>Tommy Hilfiger<\/strong><\/li>\n<li>p\u0142e\u0107: <strong>Female<\/strong><\/li>\n<li>kategoria: <strong>ONA \/ Odzie\u017c \/ Kurtki i p\u0142aszcze \/ Kurtki kr\u00f3tkie<\/strong><\/li>\n<li>kolor: <strong>czarny<\/strong><\/li>\n<\/ul>\n<p>Opis:<br \/>\nKurtka z kolekcji Tommy Hilfiger. Ocieplony model wykonany z g\u0142adkiego materia\u0142u. &#8211; Materia\u0142 DuPont Sorona zawiera ekologiczne w\u0142\u00f3kna, kt\u00f3re s\u0105 zar\u00f3wno mi\u0119kkie jak i wytrzyma\u0142e. Zabezpiecza tkanin\u0119 przed plamami. &#8211; Model wodoodporny. &#8211; Prosty fason. &#8211; Zapi\u0119cie na suwak. &#8211; Podwy\u017cszony ko\u0142nierz. &#8211; Model z kapturem. &#8211; Odpinane futerko. &#8211; Zapinane kieszenie. &#8211; Ocieplony model na podszewce. Wymiary dla rozmiaru XS\/S\/M\/L (w cm): D\u0142ugo\u015b\u0107 r\u0119kawa: 67\/70\/68\/70 D\u0142ugo\u015b\u0107: 73\/74\/75\/77 Szeroko\u015b\u0107 pod pachami: 49\/50\/53\/53 Szeroko\u015b\u0107 w ramionach: 40\/42\/43\/43 Podszewka: z podszewk\u0105 Kaptur: z kapturem Ocieplenie: ocieplane Sk\u0142ad: Podszewka: 100 % Poliester, Wype\u0142nienie: 100 % Poliester, Materia\u0142 zasadniczy: 100 % Poliester, Sztuczne futerko: 100 % Modakryl, \u015aci\u0105gacz: 3 % Elastan, 97 % Poliester ID produktu: 4910-KUD09E Kod producenta: WW0WW25748<\/p>\n","protected":false},"excerpt":{"rendered":"<p>Parametry produktu: cena: 1199.0 PLN marka: Tommy Hilfiger p\u0142e\u0107: Female kategoria: ONA \/ Odzie\u017c \/ Kurtki i p\u0142aszcze \/ Kurtki kr\u00f3tkie kolor: czarny Opis: Kurtka z kolekcji Tommy Hilfiger. Ocieplony<\/p>\n","protected":false},"featured_media":18125,"comment_status":"closed","ping_status":"open","template":"","meta":[],"class_list":{"0":"post-18124","1":"product","2":"type-product","3":"status-publish","5":"hentry","6":"product_cat-kurtki-i-plaszcze","7":"product_cat-kurtki-krotkie","8":"product_cat-odziez","9":"product_cat-ona","10":"product_tag-tommy-hilfiger","11":"product_tag-tommy-hilfiger-kurtka"},"yoast_head":"<!-- This site is optimized with the Yoast SEO plugin v15.6.2 - https:\/\/yoast.com\/wordpress\/plugins\/seo\/ -->\n<title>Tommy Hilfiger - Kurtka<\/title>\n<meta name=\"robots\" content=\"index, follow, max-snippet:-1, max-image-preview:large, max-video-preview:-1\" \/>\n<link rel=\"canonical\" href=\"https:\/\/torebunia.pl\/sklep\/produkt\/tommy-hilfiger-kurtka-9\/\" \/>\n<meta property=\"og:locale\" content=\"pl_PL\" \/>\n<meta property=\"og:type\" content=\"article\" \/>\n<meta property=\"og:title\" content=\"Tommy Hilfiger - Kurtka\" \/>\n<meta property=\"og:description\" content=\"Parametry produktu: cena: 1199.0 PLN marka: Tommy Hilfiger p\u0142e\u0107: Female kategoria: ONA \/ Odzie\u017c \/ Kurtki i p\u0142aszcze \/ Kurtki kr\u00f3tkie kolor: czarny Opis: Kurtka z kolekcji Tommy Hilfiger. Ocieplony\" \/>\n<meta property=\"og:url\" content=\"https:\/\/torebunia.pl\/sklep\/produkt\/tommy-hilfiger-kurtka-9\/\" \/>\n<meta property=\"og:site_name\" content=\"Moje Blog\" \/>\n<meta property=\"article:modified_time\" content=\"2021-01-27T14:34:07+00:00\" \/>\n<meta property=\"og:image\" content=\"https:\/\/torebunia.pl\/sklep\/wp-content\/uploads\/2021\/01\/8bac401efeecf5f32dfa96565d574208bb58d0b6-1.jpg\" \/>\n\t<meta property=\"og:image:width\" content=\"855\" \/>\n\t<meta property=\"og:image:height\" content=\"1290\" \/>\n<meta name=\"twitter:card\" content=\"summary_large_image\" \/>\n<meta name=\"twitter:label1\" content=\"Est. reading time\">\n\t<meta name=\"twitter:data1\" content=\"1 minuta\">\n<script type=\"application\/ld+json\" class=\"yoast-schema-graph\">{\"@context\":\"https:\/\/schema.org\",\"@graph\":[{\"@type\":\"WebSite\",\"@id\":\"https:\/\/torebunia.pl\/sklep\/#website\",\"url\":\"https:\/\/torebunia.pl\/sklep\/\",\"name\":\"Moje Blog\",\"description\":\"Kolejna witryna WordPress\",\"potentialAction\":[{\"@type\":\"SearchAction\",\"target\":\"https:\/\/torebunia.pl\/sklep\/?s={search_term_string}\",\"query-input\":\"required name=search_term_string\"}],\"inLanguage\":\"pl-PL\"},{\"@type\":\"ImageObject\",\"@id\":\"https:\/\/torebunia.pl\/sklep\/produkt\/tommy-hilfiger-kurtka-9\/#primaryimage\",\"inLanguage\":\"pl-PL\",\"url\":\"https:\/\/torebunia.pl\/sklep\/wp-content\/uploads\/2021\/01\/8bac401efeecf5f32dfa96565d574208bb58d0b6-1.jpg\",\"width\":855,\"height\":1290,\"caption\":\"Tommy Hilfiger - Kurtka\"},{\"@type\":\"WebPage\",\"@id\":\"https:\/\/torebunia.pl\/sklep\/produkt\/tommy-hilfiger-kurtka-9\/#webpage\",\"url\":\"https:\/\/torebunia.pl\/sklep\/produkt\/tommy-hilfiger-kurtka-9\/\",\"name\":\"Tommy Hilfiger - Kurtka\",\"isPartOf\":{\"@id\":\"https:\/\/torebunia.pl\/sklep\/#website\"},\"primaryImageOfPage\":{\"@id\":\"https:\/\/torebunia.pl\/sklep\/produkt\/tommy-hilfiger-kurtka-9\/#primaryimage\"},\"datePublished\":\"2020-12-16T01:13:32+00:00\",\"dateModified\":\"2021-01-27T14:34:07+00:00\",\"inLanguage\":\"pl-PL\",\"potentialAction\":[{\"@type\":\"ReadAction\",\"target\":[\"https:\/\/torebunia.pl\/sklep\/produkt\/tommy-hilfiger-kurtka-9\/\"]}]}]}<\/script>\n<!-- \/ Yoast SEO plugin. -->","_links":{"self":[{"href":"https:\/\/torebunia.pl\/sklep\/wp-json\/wp\/v2\/product\/18124","targetHints":{"allow":["GET"]}}],"collection":[{"href":"https:\/\/torebunia.pl\/sklep\/wp-json\/wp\/v2\/product"}],"about":[{"href":"https:\/\/torebunia.pl\/sklep\/wp-json\/wp\/v2\/types\/product"}],"replies":[{"embeddable":true,"href":"https:\/\/torebunia.pl\/sklep\/wp-json\/wp\/v2\/comments?post=18124"}],"wp:featuredmedia":[{"embeddable":true,"href":"https:\/\/torebunia.pl\/sklep\/wp-json\/wp\/v2\/media\/18125"}],"wp:attachment":[{"href":"https:\/\/torebunia.pl\/sklep\/wp-json\/wp\/v2\/media?parent=18124"}],"curies":[{"name":"wp","href":"https:\/\/api.w.org\/{rel}","templated":true}]}}