{"id":18090,"date":"2020-12-19T08:32:36","date_gmt":"2020-12-19T08:32:36","guid":{"rendered":"https:\/\/torebunia.pl\/sklep\/produkt\/melissa-baleriny-ultragirl-flower\/"},"modified":"2021-01-27T14:33:09","modified_gmt":"2021-01-27T14:33:09","slug":"melissa-baleriny-ultragirl-flower","status":"publish","type":"product","link":"https:\/\/torebunia.pl\/sklep\/produkt\/melissa-baleriny-ultragirl-flower\/","title":{"rendered":"Melissa &#8211; Baleriny Ultragirl Flower"},"content":{"rendered":"<p>Parametry produktu:<\/p>\n<ul>\n<li>cena: <strong>339.9 PLN<\/strong><\/li>\n<li>marka: <strong>Melissa<\/strong><\/li>\n<li>p\u0142e\u0107: <strong>Female<\/strong><\/li>\n<li>kategoria: <strong>ONA \/ Obuwie \/ Baleriny<\/strong><\/li>\n<li>kolor: <strong>czerwony<\/strong><\/li>\n<\/ul>\n<p>Opis:<br \/>\nBaleriny z kolekcji Melissa. Model wykonany z materia\u0142u syntetycznego. &#8211; Buty wykonane s\u0105 z aromatyzowanego, unikalnego tworzywa Mel-flex &#8211; mieszanki plastiku i kauczuku o charakterystycznym zapachu gumy balonowej. &#8211; Mi\u0119kki zapi\u0119tek. &#8211; Ozdobny detal z przodu. &#8211; D\u0142ugo\u015b\u0107 wk\u0142adki wynosi: 23,5 cm. &#8211; Wymiary podane dla rozmiaru: 37. Materia\u0142: syntetyczny Sk\u0142ad: Materia\u0142 syntetyczny, ID produktu: 4911-OBD0U0 Kod producenta: M.32655.53469<\/p>\n","protected":false},"excerpt":{"rendered":"<p>Parametry produktu: cena: 339.9 PLN marka: Melissa p\u0142e\u0107: Female kategoria: ONA \/ Obuwie \/ Baleriny kolor: czerwony Opis: Baleriny z kolekcji Melissa. Model wykonany z materia\u0142u syntetycznego. &#8211; Buty wykonane<\/p>\n","protected":false},"featured_media":18091,"comment_status":"closed","ping_status":"open","template":"","meta":[],"class_list":{"0":"post-18090","1":"product","2":"type-product","3":"status-publish","5":"hentry","6":"product_cat-baleriny","7":"product_cat-obuwie","8":"product_cat-ona","9":"product_tag-melissa","10":"product_tag-melissa-baleriny-ultragirl-flower"},"yoast_head":"<!-- This site is optimized with the Yoast SEO plugin v15.6.2 - https:\/\/yoast.com\/wordpress\/plugins\/seo\/ -->\n<title>Melissa - Baleriny Ultragirl Flower<\/title>\n<meta name=\"robots\" content=\"index, follow, max-snippet:-1, max-image-preview:large, max-video-preview:-1\" \/>\n<link rel=\"canonical\" href=\"https:\/\/torebunia.pl\/sklep\/produkt\/melissa-baleriny-ultragirl-flower\/\" \/>\n<meta property=\"og:locale\" content=\"pl_PL\" \/>\n<meta property=\"og:type\" content=\"article\" \/>\n<meta property=\"og:title\" content=\"Melissa - Baleriny Ultragirl Flower\" \/>\n<meta property=\"og:description\" content=\"Parametry produktu: cena: 339.9 PLN marka: Melissa p\u0142e\u0107: Female kategoria: ONA \/ Obuwie \/ Baleriny kolor: czerwony Opis: Baleriny z kolekcji Melissa. Model wykonany z materia\u0142u syntetycznego. &#8211; Buty wykonane\" \/>\n<meta property=\"og:url\" content=\"https:\/\/torebunia.pl\/sklep\/produkt\/melissa-baleriny-ultragirl-flower\/\" \/>\n<meta property=\"og:site_name\" content=\"Moje Blog\" \/>\n<meta property=\"article:modified_time\" content=\"2021-01-27T14:33:09+00:00\" \/>\n<meta property=\"og:image\" content=\"https:\/\/torebunia.pl\/sklep\/wp-content\/uploads\/2021\/01\/e8ea8497aa5b2a0f0d74a0af7bc80a02a9aa8c6c.jpg\" \/>\n\t<meta property=\"og:image:width\" content=\"855\" \/>\n\t<meta property=\"og:image:height\" content=\"1290\" \/>\n<meta name=\"twitter:card\" content=\"summary_large_image\" \/>\n<script type=\"application\/ld+json\" class=\"yoast-schema-graph\">{\"@context\":\"https:\/\/schema.org\",\"@graph\":[{\"@type\":\"WebSite\",\"@id\":\"https:\/\/torebunia.pl\/sklep\/#website\",\"url\":\"https:\/\/torebunia.pl\/sklep\/\",\"name\":\"Moje Blog\",\"description\":\"Kolejna witryna WordPress\",\"potentialAction\":[{\"@type\":\"SearchAction\",\"target\":\"https:\/\/torebunia.pl\/sklep\/?s={search_term_string}\",\"query-input\":\"required name=search_term_string\"}],\"inLanguage\":\"pl-PL\"},{\"@type\":\"ImageObject\",\"@id\":\"https:\/\/torebunia.pl\/sklep\/produkt\/melissa-baleriny-ultragirl-flower\/#primaryimage\",\"inLanguage\":\"pl-PL\",\"url\":\"https:\/\/torebunia.pl\/sklep\/wp-content\/uploads\/2021\/01\/e8ea8497aa5b2a0f0d74a0af7bc80a02a9aa8c6c.jpg\",\"width\":855,\"height\":1290,\"caption\":\"Melissa - Baleriny Ultragirl Flower\"},{\"@type\":\"WebPage\",\"@id\":\"https:\/\/torebunia.pl\/sklep\/produkt\/melissa-baleriny-ultragirl-flower\/#webpage\",\"url\":\"https:\/\/torebunia.pl\/sklep\/produkt\/melissa-baleriny-ultragirl-flower\/\",\"name\":\"Melissa - Baleriny Ultragirl Flower\",\"isPartOf\":{\"@id\":\"https:\/\/torebunia.pl\/sklep\/#website\"},\"primaryImageOfPage\":{\"@id\":\"https:\/\/torebunia.pl\/sklep\/produkt\/melissa-baleriny-ultragirl-flower\/#primaryimage\"},\"datePublished\":\"2020-12-19T08:32:36+00:00\",\"dateModified\":\"2021-01-27T14:33:09+00:00\",\"inLanguage\":\"pl-PL\",\"potentialAction\":[{\"@type\":\"ReadAction\",\"target\":[\"https:\/\/torebunia.pl\/sklep\/produkt\/melissa-baleriny-ultragirl-flower\/\"]}]}]}<\/script>\n<!-- \/ Yoast SEO plugin. -->","_links":{"self":[{"href":"https:\/\/torebunia.pl\/sklep\/wp-json\/wp\/v2\/product\/18090","targetHints":{"allow":["GET"]}}],"collection":[{"href":"https:\/\/torebunia.pl\/sklep\/wp-json\/wp\/v2\/product"}],"about":[{"href":"https:\/\/torebunia.pl\/sklep\/wp-json\/wp\/v2\/types\/product"}],"replies":[{"embeddable":true,"href":"https:\/\/torebunia.pl\/sklep\/wp-json\/wp\/v2\/comments?post=18090"}],"wp:featuredmedia":[{"embeddable":true,"href":"https:\/\/torebunia.pl\/sklep\/wp-json\/wp\/v2\/media\/18091"}],"wp:attachment":[{"href":"https:\/\/torebunia.pl\/sklep\/wp-json\/wp\/v2\/media?parent=18090"}],"curies":[{"name":"wp","href":"https:\/\/api.w.org\/{rel}","templated":true}]}}