{"id":18044,"date":"2020-04-17T16:45:27","date_gmt":"2020-04-17T16:45:27","guid":{"rendered":"https:\/\/torebunia.pl\/sklep\/produkt\/adidas-performance-top\/"},"modified":"2021-01-27T14:31:56","modified_gmt":"2021-01-27T14:31:56","slug":"adidas-performance-top","status":"publish","type":"product","link":"https:\/\/torebunia.pl\/sklep\/produkt\/adidas-performance-top\/","title":{"rendered":"adidas Performance &#8211; Top"},"content":{"rendered":"<p>Parametry produktu:<\/p>\n<ul>\n<li>cena: <strong>129.9 PLN<\/strong><\/li>\n<li>marka: <strong>adidas Performance<\/strong><\/li>\n<li>p\u0142e\u0107: <strong>Female<\/strong><\/li>\n<li>kategoria: <strong>ONA \/ Odzie\u017c \/ Topy i t-shirty \/ Bez r\u0119kaw\u00f3w<\/strong><\/li>\n<li>kolor: <strong>czarny<\/strong><\/li>\n<\/ul>\n<p>Opis:<br \/>\nTop z kolekcji adidas Performance. Model wykonany z dzianiny. &#8211; Model wyko\u0144czony elastyczn\u0105 listw\u0105. &#8211; Prosty fason. &#8211; Okr\u0105g\u0142y dekolt. &#8211; Szeroko\u015b\u0107 pod pachami: 45 cm. &#8211; D\u0142ugo\u015b\u0107: 43 cm. &#8211; Wymiary podane dla rozmiaru: S. Wz\u00f3r: wzorzyste Dekolt: okr\u0105g\u0142y Wyr\u00f3\u017cnienie: crop top Okazje: casual Sk\u0142ad: Materia\u0142 1: 25 % Bawe\u0142na, 50 % Poliester z recyklingu, 25 % Rayon, Materia\u0142 2: 95 % Bawe\u0142na, 5 % Elastan ID produktu: 4901-TSD11W Kod producenta: FL1848<\/p>\n","protected":false},"excerpt":{"rendered":"<p>Parametry produktu: cena: 129.9 PLN marka: adidas Performance p\u0142e\u0107: Female kategoria: ONA \/ Odzie\u017c \/ Topy i t-shirty \/ Bez r\u0119kaw\u00f3w kolor: czarny Opis: Top z kolekcji adidas Performance. Model<\/p>\n","protected":false},"featured_media":18045,"comment_status":"closed","ping_status":"open","template":"","meta":[],"class_list":{"0":"post-18044","1":"product","2":"type-product","3":"status-publish","5":"hentry","6":"product_cat-bez-rekawow","7":"product_cat-odziez","8":"product_cat-ona","9":"product_cat-topy-i-t-shirty","10":"product_tag-adidas-performance","11":"product_tag-adidas-performance-top"},"yoast_head":"<!-- This site is optimized with the Yoast SEO plugin v15.6.2 - https:\/\/yoast.com\/wordpress\/plugins\/seo\/ -->\n<title>adidas Performance - Top<\/title>\n<meta name=\"robots\" content=\"index, follow, max-snippet:-1, max-image-preview:large, max-video-preview:-1\" \/>\n<link rel=\"canonical\" href=\"https:\/\/torebunia.pl\/sklep\/produkt\/adidas-performance-top\/\" \/>\n<meta property=\"og:locale\" content=\"pl_PL\" \/>\n<meta property=\"og:type\" content=\"article\" \/>\n<meta property=\"og:title\" content=\"adidas Performance - Top\" \/>\n<meta property=\"og:description\" content=\"Parametry produktu: cena: 129.9 PLN marka: adidas Performance p\u0142e\u0107: Female kategoria: ONA \/ Odzie\u017c \/ Topy i t-shirty \/ Bez r\u0119kaw\u00f3w kolor: czarny Opis: Top z kolekcji adidas Performance. Model\" \/>\n<meta property=\"og:url\" content=\"https:\/\/torebunia.pl\/sklep\/produkt\/adidas-performance-top\/\" \/>\n<meta property=\"og:site_name\" content=\"Moje Blog\" \/>\n<meta property=\"article:modified_time\" content=\"2021-01-27T14:31:56+00:00\" \/>\n<meta property=\"og:image\" content=\"https:\/\/torebunia.pl\/sklep\/wp-content\/uploads\/2021\/01\/0314910304e2d0f9fdd217f95614722654bb1ec7.jpg\" \/>\n\t<meta property=\"og:image:width\" content=\"855\" \/>\n\t<meta property=\"og:image:height\" content=\"1290\" \/>\n<meta name=\"twitter:card\" content=\"summary_large_image\" \/>\n<script type=\"application\/ld+json\" class=\"yoast-schema-graph\">{\"@context\":\"https:\/\/schema.org\",\"@graph\":[{\"@type\":\"WebSite\",\"@id\":\"https:\/\/torebunia.pl\/sklep\/#website\",\"url\":\"https:\/\/torebunia.pl\/sklep\/\",\"name\":\"Moje Blog\",\"description\":\"Kolejna witryna WordPress\",\"potentialAction\":[{\"@type\":\"SearchAction\",\"target\":\"https:\/\/torebunia.pl\/sklep\/?s={search_term_string}\",\"query-input\":\"required name=search_term_string\"}],\"inLanguage\":\"pl-PL\"},{\"@type\":\"ImageObject\",\"@id\":\"https:\/\/torebunia.pl\/sklep\/produkt\/adidas-performance-top\/#primaryimage\",\"inLanguage\":\"pl-PL\",\"url\":\"https:\/\/torebunia.pl\/sklep\/wp-content\/uploads\/2021\/01\/0314910304e2d0f9fdd217f95614722654bb1ec7.jpg\",\"width\":855,\"height\":1290,\"caption\":\"adidas Performance - Top\"},{\"@type\":\"WebPage\",\"@id\":\"https:\/\/torebunia.pl\/sklep\/produkt\/adidas-performance-top\/#webpage\",\"url\":\"https:\/\/torebunia.pl\/sklep\/produkt\/adidas-performance-top\/\",\"name\":\"adidas Performance - Top\",\"isPartOf\":{\"@id\":\"https:\/\/torebunia.pl\/sklep\/#website\"},\"primaryImageOfPage\":{\"@id\":\"https:\/\/torebunia.pl\/sklep\/produkt\/adidas-performance-top\/#primaryimage\"},\"datePublished\":\"2020-04-17T16:45:27+00:00\",\"dateModified\":\"2021-01-27T14:31:56+00:00\",\"inLanguage\":\"pl-PL\",\"potentialAction\":[{\"@type\":\"ReadAction\",\"target\":[\"https:\/\/torebunia.pl\/sklep\/produkt\/adidas-performance-top\/\"]}]}]}<\/script>\n<!-- \/ Yoast SEO plugin. -->","_links":{"self":[{"href":"https:\/\/torebunia.pl\/sklep\/wp-json\/wp\/v2\/product\/18044","targetHints":{"allow":["GET"]}}],"collection":[{"href":"https:\/\/torebunia.pl\/sklep\/wp-json\/wp\/v2\/product"}],"about":[{"href":"https:\/\/torebunia.pl\/sklep\/wp-json\/wp\/v2\/types\/product"}],"replies":[{"embeddable":true,"href":"https:\/\/torebunia.pl\/sklep\/wp-json\/wp\/v2\/comments?post=18044"}],"wp:featuredmedia":[{"embeddable":true,"href":"https:\/\/torebunia.pl\/sklep\/wp-json\/wp\/v2\/media\/18045"}],"wp:attachment":[{"href":"https:\/\/torebunia.pl\/sklep\/wp-json\/wp\/v2\/media?parent=18044"}],"curies":[{"name":"wp","href":"https:\/\/api.w.org\/{rel}","templated":true}]}}