{"id":17860,"date":"2020-05-27T00:48:12","date_gmt":"2020-05-27T00:48:12","guid":{"rendered":"https:\/\/torebunia.pl\/sklep\/produkt\/mango-spodnica-borecuad\/"},"modified":"2021-01-27T14:26:59","modified_gmt":"2021-01-27T14:26:59","slug":"mango-spodnica-borecuad","status":"publish","type":"product","link":"https:\/\/torebunia.pl\/sklep\/produkt\/mango-spodnica-borecuad\/","title":{"rendered":"Mango &#8211; Sp\u00f3dnica Borecuad"},"content":{"rendered":"<p>Parametry produktu:<\/p>\n<ul>\n<li>cena: <strong>89.9 PLN<\/strong><\/li>\n<li>marka: <strong>Mango<\/strong><\/li>\n<li>p\u0142e\u0107: <strong>Female<\/strong><\/li>\n<li>kategoria: <strong>ONA \/ Odzie\u017c \/ Sp\u00f3dnice<\/strong><\/li>\n<li>kolor: <strong>czarny<\/strong><\/li>\n<\/ul>\n<p>Opis:<br \/>\nSp\u00f3dnica z kolekcji Mango. Model o o\u0142\u00f3wkowym kroju, wykonany z wzorzystej tkaniny. &#8211; Model z zak\u0142adanym przodem. &#8211; Kryte zapi\u0119cie na suwak. &#8211; O\u0142\u00f3wkowy fason. &#8211; Regularna talia. &#8211; Wzorzysta tkanina. &#8211; Model na podszewce. &#8211; Wymiary: rozmiar pas\/ biodra 32 60\/88 34 62\/90 36 66\/94 38 70\/98 40 74\/102 42 78\/106 44 83\/110. Materia\u0142: tkanina Wz\u00f3r: drobny wz\u00f3r D\u0142ugo\u015b\u0107: midi Fason: o\u0142\u00f3wkowy Okazje: biuro Sk\u0142ad: Podszewka: 5 % Elastan, 95 % Poliester, Materia\u0142 zasadniczy: 2 % Elastan, 64 % Poliester, 34 % Wiskoza ID produktu: 5901-SDD009 Kod producenta: 67053259<\/p>\n","protected":false},"excerpt":{"rendered":"<p>Parametry produktu: cena: 89.9 PLN marka: Mango p\u0142e\u0107: Female kategoria: ONA \/ Odzie\u017c \/ Sp\u00f3dnice kolor: czarny Opis: Sp\u00f3dnica z kolekcji Mango. Model o o\u0142\u00f3wkowym kroju, wykonany z wzorzystej tkaniny.<\/p>\n","protected":false},"featured_media":17861,"comment_status":"closed","ping_status":"open","template":"","meta":[],"class_list":{"0":"post-17860","1":"product","2":"type-product","3":"status-publish","5":"hentry","6":"product_cat-odziez","7":"product_cat-ona","8":"product_cat-spodnice","9":"product_tag-mango","10":"product_tag-mango-spodnica-borecuad"},"yoast_head":"<!-- This site is optimized with the Yoast SEO plugin v15.6.2 - https:\/\/yoast.com\/wordpress\/plugins\/seo\/ -->\n<title>Mango - Sp\u00f3dnica Borecuad<\/title>\n<meta name=\"robots\" content=\"index, follow, max-snippet:-1, max-image-preview:large, max-video-preview:-1\" \/>\n<link rel=\"canonical\" href=\"https:\/\/torebunia.pl\/sklep\/produkt\/mango-spodnica-borecuad\/\" \/>\n<meta property=\"og:locale\" content=\"pl_PL\" \/>\n<meta property=\"og:type\" content=\"article\" \/>\n<meta property=\"og:title\" content=\"Mango - Sp\u00f3dnica Borecuad\" \/>\n<meta property=\"og:description\" content=\"Parametry produktu: cena: 89.9 PLN marka: Mango p\u0142e\u0107: Female kategoria: ONA \/ Odzie\u017c \/ Sp\u00f3dnice kolor: czarny Opis: Sp\u00f3dnica z kolekcji Mango. Model o o\u0142\u00f3wkowym kroju, wykonany z wzorzystej tkaniny.\" \/>\n<meta property=\"og:url\" content=\"https:\/\/torebunia.pl\/sklep\/produkt\/mango-spodnica-borecuad\/\" \/>\n<meta property=\"og:site_name\" content=\"Moje Blog\" \/>\n<meta property=\"article:modified_time\" content=\"2021-01-27T14:26:59+00:00\" \/>\n<meta property=\"og:image\" content=\"https:\/\/torebunia.pl\/sklep\/wp-content\/uploads\/2021\/01\/d0942bfcd8bb495338ab14387a4c728f71a4060a.jpg\" \/>\n\t<meta property=\"og:image:width\" content=\"855\" \/>\n\t<meta property=\"og:image:height\" content=\"1290\" \/>\n<meta name=\"twitter:card\" content=\"summary_large_image\" \/>\n<script type=\"application\/ld+json\" class=\"yoast-schema-graph\">{\"@context\":\"https:\/\/schema.org\",\"@graph\":[{\"@type\":\"WebSite\",\"@id\":\"https:\/\/torebunia.pl\/sklep\/#website\",\"url\":\"https:\/\/torebunia.pl\/sklep\/\",\"name\":\"Moje Blog\",\"description\":\"Kolejna witryna WordPress\",\"potentialAction\":[{\"@type\":\"SearchAction\",\"target\":\"https:\/\/torebunia.pl\/sklep\/?s={search_term_string}\",\"query-input\":\"required name=search_term_string\"}],\"inLanguage\":\"pl-PL\"},{\"@type\":\"ImageObject\",\"@id\":\"https:\/\/torebunia.pl\/sklep\/produkt\/mango-spodnica-borecuad\/#primaryimage\",\"inLanguage\":\"pl-PL\",\"url\":\"https:\/\/torebunia.pl\/sklep\/wp-content\/uploads\/2021\/01\/d0942bfcd8bb495338ab14387a4c728f71a4060a.jpg\",\"width\":855,\"height\":1290,\"caption\":\"Mango - Sp\\u00f3dnica Borecuad\"},{\"@type\":\"WebPage\",\"@id\":\"https:\/\/torebunia.pl\/sklep\/produkt\/mango-spodnica-borecuad\/#webpage\",\"url\":\"https:\/\/torebunia.pl\/sklep\/produkt\/mango-spodnica-borecuad\/\",\"name\":\"Mango - Sp\\u00f3dnica Borecuad\",\"isPartOf\":{\"@id\":\"https:\/\/torebunia.pl\/sklep\/#website\"},\"primaryImageOfPage\":{\"@id\":\"https:\/\/torebunia.pl\/sklep\/produkt\/mango-spodnica-borecuad\/#primaryimage\"},\"datePublished\":\"2020-05-27T00:48:12+00:00\",\"dateModified\":\"2021-01-27T14:26:59+00:00\",\"inLanguage\":\"pl-PL\",\"potentialAction\":[{\"@type\":\"ReadAction\",\"target\":[\"https:\/\/torebunia.pl\/sklep\/produkt\/mango-spodnica-borecuad\/\"]}]}]}<\/script>\n<!-- \/ Yoast SEO plugin. -->","_links":{"self":[{"href":"https:\/\/torebunia.pl\/sklep\/wp-json\/wp\/v2\/product\/17860","targetHints":{"allow":["GET"]}}],"collection":[{"href":"https:\/\/torebunia.pl\/sklep\/wp-json\/wp\/v2\/product"}],"about":[{"href":"https:\/\/torebunia.pl\/sklep\/wp-json\/wp\/v2\/types\/product"}],"replies":[{"embeddable":true,"href":"https:\/\/torebunia.pl\/sklep\/wp-json\/wp\/v2\/comments?post=17860"}],"wp:featuredmedia":[{"embeddable":true,"href":"https:\/\/torebunia.pl\/sklep\/wp-json\/wp\/v2\/media\/17861"}],"wp:attachment":[{"href":"https:\/\/torebunia.pl\/sklep\/wp-json\/wp\/v2\/media?parent=17860"}],"curies":[{"name":"wp","href":"https:\/\/api.w.org\/{rel}","templated":true}]}}