{"id":1785,"date":"2020-04-05T16:41:13","date_gmt":"2020-04-05T16:41:13","guid":{"rendered":"https:\/\/torebunia.pl\/sklep\/produkt\/salomon-buty-shelter-cs-wp-w\/"},"modified":"2021-01-27T11:34:37","modified_gmt":"2021-01-27T11:34:37","slug":"salomon-buty-shelter-cs-wp-w","status":"publish","type":"product","link":"https:\/\/torebunia.pl\/sklep\/produkt\/salomon-buty-shelter-cs-wp-w\/","title":{"rendered":"Salomon &#8211; Buty Shelter CS WP W"},"content":{"rendered":"<p>Parametry produktu:<\/p>\n<ul>\n<li>cena: <strong>569.9 PLN<\/strong><\/li>\n<li>marka: <strong>Salomon<\/strong><\/li>\n<li>p\u0142e\u0107: <strong>Female<\/strong><\/li>\n<li>kategoria: <strong>ONA \/ Obuwie \/ Outdoor<\/strong><\/li>\n<li>kolor: <strong>czarny<\/strong><\/li>\n<\/ul>\n<p>Opis:<br \/>\nButy z kolekcji Salomon. Ocieplony model wykonany z po\u0142\u0105czenia materia\u0142u tekstylnego i syntetycznego. &#8211; Ocieplenie Climatherm HD\u2122 do -18\u00b0C. &#8211; Softershell to nowoczesna tkanina termoaktywna. Zabezpiecza przed zimnem, wiatrem i deszczem, odprowadzaj\u0105c skutecznie wilgo\u0107 na zewn\u0105trz. &#8211; Contagrip to podeszwa zapewniaj\u0105ca optymaln\u0105 przyczepno\u015b\u0107 na r\u00f3\u017cnego typu nawierzchniach. &#8211; Sznurowany model. &#8211; D\u0142ugo\u015b\u0107 wk\u0142adki wynosi: 23,5 cm. &#8211; Wymiary podane dla rozmiaru: 37 1\/3. Materia\u0142: tekstylny Materia\u0142: syntetyczny Ocieplenie: ocieplane Sk\u0142ad: Cholewka: Materia\u0142 syntetyczny, Materia\u0142 tekstylny, Wn\u0119trze: Materia\u0142 tekstylny, Podeszwa: Materia\u0142 syntetyczny ID produktu: 4900-OBD2RU Kod producenta: L41110500<\/p>\n","protected":false},"excerpt":{"rendered":"<p>Parametry produktu: cena: 569.9 PLN marka: Salomon p\u0142e\u0107: Female kategoria: ONA \/ Obuwie \/ Outdoor kolor: czarny Opis: Buty z kolekcji Salomon. Ocieplony model wykonany z po\u0142\u0105czenia materia\u0142u tekstylnego i<\/p>\n","protected":false},"featured_media":1786,"comment_status":"closed","ping_status":"open","template":"","meta":[],"class_list":{"0":"post-1785","1":"product","2":"type-product","3":"status-publish","5":"hentry","6":"product_cat-obuwie","7":"product_cat-ona","8":"product_cat-outdoor","9":"product_tag-salomon","10":"product_tag-salomon-buty-shelter-cs-wp-w"},"yoast_head":"<!-- This site is optimized with the Yoast SEO plugin v15.6.2 - https:\/\/yoast.com\/wordpress\/plugins\/seo\/ -->\n<title>Salomon - Buty Shelter CS WP W<\/title>\n<meta name=\"robots\" content=\"index, follow, max-snippet:-1, max-image-preview:large, max-video-preview:-1\" \/>\n<link rel=\"canonical\" href=\"https:\/\/torebunia.pl\/sklep\/produkt\/salomon-buty-shelter-cs-wp-w\/\" \/>\n<meta property=\"og:locale\" content=\"pl_PL\" \/>\n<meta property=\"og:type\" content=\"article\" \/>\n<meta property=\"og:title\" content=\"Salomon - Buty Shelter CS WP W\" \/>\n<meta property=\"og:description\" content=\"Parametry produktu: cena: 569.9 PLN marka: Salomon p\u0142e\u0107: Female kategoria: ONA \/ Obuwie \/ Outdoor kolor: czarny Opis: Buty z kolekcji Salomon. Ocieplony model wykonany z po\u0142\u0105czenia materia\u0142u tekstylnego i\" \/>\n<meta property=\"og:url\" content=\"https:\/\/torebunia.pl\/sklep\/produkt\/salomon-buty-shelter-cs-wp-w\/\" \/>\n<meta property=\"og:site_name\" content=\"Moje Blog\" \/>\n<meta property=\"article:modified_time\" content=\"2021-01-27T11:34:37+00:00\" \/>\n<meta property=\"og:image\" content=\"https:\/\/torebunia.pl\/sklep\/wp-content\/uploads\/2021\/01\/9095d7ccc10e84e68f22601c6ca7d6205f85d5b9.jpg\" \/>\n\t<meta property=\"og:image:width\" content=\"855\" \/>\n\t<meta property=\"og:image:height\" content=\"1290\" \/>\n<meta name=\"twitter:card\" content=\"summary_large_image\" \/>\n<meta name=\"twitter:label1\" content=\"Est. reading time\">\n\t<meta name=\"twitter:data1\" content=\"1 minuta\">\n<script type=\"application\/ld+json\" class=\"yoast-schema-graph\">{\"@context\":\"https:\/\/schema.org\",\"@graph\":[{\"@type\":\"WebSite\",\"@id\":\"https:\/\/torebunia.pl\/sklep\/#website\",\"url\":\"https:\/\/torebunia.pl\/sklep\/\",\"name\":\"Moje Blog\",\"description\":\"Kolejna witryna WordPress\",\"potentialAction\":[{\"@type\":\"SearchAction\",\"target\":\"https:\/\/torebunia.pl\/sklep\/?s={search_term_string}\",\"query-input\":\"required name=search_term_string\"}],\"inLanguage\":\"pl-PL\"},{\"@type\":\"ImageObject\",\"@id\":\"https:\/\/torebunia.pl\/sklep\/produkt\/salomon-buty-shelter-cs-wp-w\/#primaryimage\",\"inLanguage\":\"pl-PL\",\"url\":\"https:\/\/torebunia.pl\/sklep\/wp-content\/uploads\/2021\/01\/9095d7ccc10e84e68f22601c6ca7d6205f85d5b9.jpg\",\"width\":855,\"height\":1290,\"caption\":\"Salomon - Buty Shelter CS WP W\"},{\"@type\":\"WebPage\",\"@id\":\"https:\/\/torebunia.pl\/sklep\/produkt\/salomon-buty-shelter-cs-wp-w\/#webpage\",\"url\":\"https:\/\/torebunia.pl\/sklep\/produkt\/salomon-buty-shelter-cs-wp-w\/\",\"name\":\"Salomon - Buty Shelter CS WP W\",\"isPartOf\":{\"@id\":\"https:\/\/torebunia.pl\/sklep\/#website\"},\"primaryImageOfPage\":{\"@id\":\"https:\/\/torebunia.pl\/sklep\/produkt\/salomon-buty-shelter-cs-wp-w\/#primaryimage\"},\"datePublished\":\"2020-04-05T16:41:13+00:00\",\"dateModified\":\"2021-01-27T11:34:37+00:00\",\"inLanguage\":\"pl-PL\",\"potentialAction\":[{\"@type\":\"ReadAction\",\"target\":[\"https:\/\/torebunia.pl\/sklep\/produkt\/salomon-buty-shelter-cs-wp-w\/\"]}]}]}<\/script>\n<!-- \/ Yoast SEO plugin. -->","_links":{"self":[{"href":"https:\/\/torebunia.pl\/sklep\/wp-json\/wp\/v2\/product\/1785","targetHints":{"allow":["GET"]}}],"collection":[{"href":"https:\/\/torebunia.pl\/sklep\/wp-json\/wp\/v2\/product"}],"about":[{"href":"https:\/\/torebunia.pl\/sklep\/wp-json\/wp\/v2\/types\/product"}],"replies":[{"embeddable":true,"href":"https:\/\/torebunia.pl\/sklep\/wp-json\/wp\/v2\/comments?post=1785"}],"wp:featuredmedia":[{"embeddable":true,"href":"https:\/\/torebunia.pl\/sklep\/wp-json\/wp\/v2\/media\/1786"}],"wp:attachment":[{"href":"https:\/\/torebunia.pl\/sklep\/wp-json\/wp\/v2\/media?parent=1785"}],"curies":[{"name":"wp","href":"https:\/\/api.w.org\/{rel}","templated":true}]}}