{"id":1783,"date":"2020-09-21T13:33:41","date_gmt":"2020-09-21T13:33:41","guid":{"rendered":"https:\/\/torebunia.pl\/sklep\/produkt\/tommy-hilfiger-kaszkiet\/"},"modified":"2021-01-27T11:34:36","modified_gmt":"2021-01-27T11:34:36","slug":"tommy-hilfiger-kaszkiet","status":"publish","type":"product","link":"https:\/\/torebunia.pl\/sklep\/produkt\/tommy-hilfiger-kaszkiet\/","title":{"rendered":"Tommy Hilfiger &#8211; Kaszkiet"},"content":{"rendered":"<p>Parametry produktu:<\/p>\n<ul>\n<li>cena: <strong>229.9 PLN<\/strong><\/li>\n<li>marka: <strong>Tommy Hilfiger<\/strong><\/li>\n<li>p\u0142e\u0107: <strong>Female<\/strong><\/li>\n<li>kategoria: <strong>ONA \/ Akcesoria \/ Czapki i kapelusze \/ Kaszkiety i berety<\/strong><\/li>\n<li>kolor: <strong>granatowy<\/strong><\/li>\n<\/ul>\n<p>Opis:<br \/>\nKaszkiet z kolekcji Tommy Hilfiger. Model wykonany z g\u0142adkiego materia\u0142u. &#8211; Ozdobny detal z przodu. &#8211; Wymiary: 55 cm. Wz\u00f3r: g\u0142adkie ID produktu: 4900-CAD02W Kod producenta: AW0AW08875<\/p>\n","protected":false},"excerpt":{"rendered":"<p>Parametry produktu: cena: 229.9 PLN marka: Tommy Hilfiger p\u0142e\u0107: Female kategoria: ONA \/ Akcesoria \/ Czapki i kapelusze \/ Kaszkiety i berety kolor: granatowy Opis: Kaszkiet z kolekcji Tommy Hilfiger.<\/p>\n","protected":false},"featured_media":1784,"comment_status":"closed","ping_status":"open","template":"","meta":[],"class_list":{"0":"post-1783","1":"product","2":"type-product","3":"status-publish","5":"hentry","6":"product_cat-akcesoria","7":"product_cat-czapki-i-kapelusze","8":"product_cat-kaszkiety-i-berety","9":"product_cat-ona","10":"product_tag-tommy-hilfiger","11":"product_tag-tommy-hilfiger-kaszkiet"},"yoast_head":"<!-- This site is optimized with the Yoast SEO plugin v15.6.2 - https:\/\/yoast.com\/wordpress\/plugins\/seo\/ -->\n<title>Tommy Hilfiger - Kaszkiet<\/title>\n<meta name=\"robots\" content=\"index, follow, max-snippet:-1, max-image-preview:large, max-video-preview:-1\" \/>\n<link rel=\"canonical\" href=\"https:\/\/torebunia.pl\/sklep\/produkt\/tommy-hilfiger-kaszkiet\/\" \/>\n<meta property=\"og:locale\" content=\"pl_PL\" \/>\n<meta property=\"og:type\" content=\"article\" \/>\n<meta property=\"og:title\" content=\"Tommy Hilfiger - Kaszkiet\" \/>\n<meta property=\"og:description\" content=\"Parametry produktu: cena: 229.9 PLN marka: Tommy Hilfiger p\u0142e\u0107: Female kategoria: ONA \/ Akcesoria \/ Czapki i kapelusze \/ Kaszkiety i berety kolor: granatowy Opis: Kaszkiet z kolekcji Tommy Hilfiger.\" \/>\n<meta property=\"og:url\" content=\"https:\/\/torebunia.pl\/sklep\/produkt\/tommy-hilfiger-kaszkiet\/\" \/>\n<meta property=\"og:site_name\" content=\"Moje Blog\" \/>\n<meta property=\"article:modified_time\" content=\"2021-01-27T11:34:36+00:00\" \/>\n<meta property=\"og:image\" content=\"https:\/\/torebunia.pl\/sklep\/wp-content\/uploads\/2021\/01\/19c6469497c01c85f1ad4a1bd758251caff6f150.jpg\" \/>\n\t<meta property=\"og:image:width\" content=\"855\" \/>\n\t<meta property=\"og:image:height\" content=\"1290\" \/>\n<meta name=\"twitter:card\" content=\"summary_large_image\" \/>\n<script type=\"application\/ld+json\" class=\"yoast-schema-graph\">{\"@context\":\"https:\/\/schema.org\",\"@graph\":[{\"@type\":\"WebSite\",\"@id\":\"https:\/\/torebunia.pl\/sklep\/#website\",\"url\":\"https:\/\/torebunia.pl\/sklep\/\",\"name\":\"Moje Blog\",\"description\":\"Kolejna witryna WordPress\",\"potentialAction\":[{\"@type\":\"SearchAction\",\"target\":\"https:\/\/torebunia.pl\/sklep\/?s={search_term_string}\",\"query-input\":\"required name=search_term_string\"}],\"inLanguage\":\"pl-PL\"},{\"@type\":\"ImageObject\",\"@id\":\"https:\/\/torebunia.pl\/sklep\/produkt\/tommy-hilfiger-kaszkiet\/#primaryimage\",\"inLanguage\":\"pl-PL\",\"url\":\"https:\/\/torebunia.pl\/sklep\/wp-content\/uploads\/2021\/01\/19c6469497c01c85f1ad4a1bd758251caff6f150.jpg\",\"width\":855,\"height\":1290,\"caption\":\"Tommy Hilfiger - Kaszkiet\"},{\"@type\":\"WebPage\",\"@id\":\"https:\/\/torebunia.pl\/sklep\/produkt\/tommy-hilfiger-kaszkiet\/#webpage\",\"url\":\"https:\/\/torebunia.pl\/sklep\/produkt\/tommy-hilfiger-kaszkiet\/\",\"name\":\"Tommy Hilfiger - Kaszkiet\",\"isPartOf\":{\"@id\":\"https:\/\/torebunia.pl\/sklep\/#website\"},\"primaryImageOfPage\":{\"@id\":\"https:\/\/torebunia.pl\/sklep\/produkt\/tommy-hilfiger-kaszkiet\/#primaryimage\"},\"datePublished\":\"2020-09-21T13:33:41+00:00\",\"dateModified\":\"2021-01-27T11:34:36+00:00\",\"inLanguage\":\"pl-PL\",\"potentialAction\":[{\"@type\":\"ReadAction\",\"target\":[\"https:\/\/torebunia.pl\/sklep\/produkt\/tommy-hilfiger-kaszkiet\/\"]}]}]}<\/script>\n<!-- \/ Yoast SEO plugin. -->","_links":{"self":[{"href":"https:\/\/torebunia.pl\/sklep\/wp-json\/wp\/v2\/product\/1783","targetHints":{"allow":["GET"]}}],"collection":[{"href":"https:\/\/torebunia.pl\/sklep\/wp-json\/wp\/v2\/product"}],"about":[{"href":"https:\/\/torebunia.pl\/sklep\/wp-json\/wp\/v2\/types\/product"}],"replies":[{"embeddable":true,"href":"https:\/\/torebunia.pl\/sklep\/wp-json\/wp\/v2\/comments?post=1783"}],"wp:featuredmedia":[{"embeddable":true,"href":"https:\/\/torebunia.pl\/sklep\/wp-json\/wp\/v2\/media\/1784"}],"wp:attachment":[{"href":"https:\/\/torebunia.pl\/sklep\/wp-json\/wp\/v2\/media?parent=1783"}],"curies":[{"name":"wp","href":"https:\/\/api.w.org\/{rel}","templated":true}]}}