{"id":1773,"date":"2020-09-17T05:13:00","date_gmt":"2020-09-17T05:13:00","guid":{"rendered":"https:\/\/torebunia.pl\/sklep\/produkt\/henderson-ladies-biustonosz-raff\/"},"modified":"2021-01-25T14:11:01","modified_gmt":"2021-01-25T14:11:01","slug":"henderson-ladies-biustonosz-raff","status":"publish","type":"product","link":"https:\/\/torebunia.pl\/sklep\/produkt\/henderson-ladies-biustonosz-raff\/","title":{"rendered":"Henderson Ladies &#8211; Biustonosz Raff"},"content":{"rendered":"<p>Parametry produktu:<\/p>\n<ul>\n<li>cena: <strong>69.9 PLN<\/strong><\/li>\n<li>marka: <strong>Henderson Ladies<\/strong><\/li>\n<li>p\u0142e\u0107: <strong>Female<\/strong><\/li>\n<li>kategoria: <strong>ONA \/ Odzie\u017c \/ Bielizna \/ Biustonosze<\/strong><\/li>\n<li>kolor: <strong>czarny<\/strong><\/li>\n<\/ul>\n<p>Opis:<br \/>\nBiustonosz w fasonie bardotka z kolekcji Henderson Ladies. Model wykonany z g\u0142adkiego materia\u0142u. &#8211; Wyko\u0144czenie z silikonem. &#8211; G\u0142adka miseczka. &#8211; Miseczki wzmocnione fiszbinami. &#8211; Pomi\u0119dzy miseczkami ozdobny detal. &#8211; Zapi\u0119cie na podw\u00f3jne trzystopniowe haftki. &#8211; Regulowane rami\u0105czka. &#8211; Biustonosz z zapinanymi rami\u0105czkami. &#8211; Miseczka z wyjmowanymi wk\u0142adkami. &#8211; G\u0142adki materia\u0142. &#8211; Do\u0142\u0105czone silikonowe rami\u0105czka. Wz\u00f3r: g\u0142adkie Miseczka: usztywniana Miseczka: z fiszbinami Materia\u0142: dzianina Sk\u0142ad: 15 % Elastan, 85 % Poliamid ID produktu: 4941-BID356 Kod producenta: 23446<\/p>\n","protected":false},"excerpt":{"rendered":"<p>Parametry produktu: cena: 69.9 PLN marka: Henderson Ladies p\u0142e\u0107: Female kategoria: ONA \/ Odzie\u017c \/ Bielizna \/ Biustonosze kolor: czarny Opis: Biustonosz w fasonie bardotka z kolekcji Henderson Ladies. Model<\/p>\n","protected":false},"featured_media":1774,"comment_status":"closed","ping_status":"open","template":"","meta":[],"class_list":{"0":"post-1773","1":"product","2":"type-product","3":"status-publish","5":"hentry","6":"product_cat-bielizna","7":"product_cat-biustonosze","8":"product_cat-odziez","9":"product_cat-ona","10":"product_tag-henderson-ladies","11":"product_tag-henderson-ladies-biustonosz-raff"},"yoast_head":"<!-- This site is optimized with the Yoast SEO plugin v15.6.2 - https:\/\/yoast.com\/wordpress\/plugins\/seo\/ -->\n<title>Henderson Ladies - Biustonosz Raff<\/title>\n<meta name=\"robots\" content=\"index, follow, max-snippet:-1, max-image-preview:large, max-video-preview:-1\" \/>\n<link rel=\"canonical\" href=\"https:\/\/torebunia.pl\/sklep\/produkt\/henderson-ladies-biustonosz-raff\/\" \/>\n<meta property=\"og:locale\" content=\"pl_PL\" \/>\n<meta property=\"og:type\" content=\"article\" \/>\n<meta property=\"og:title\" content=\"Henderson Ladies - Biustonosz Raff\" \/>\n<meta property=\"og:description\" content=\"Parametry produktu: cena: 69.9 PLN marka: Henderson Ladies p\u0142e\u0107: Female kategoria: ONA \/ Odzie\u017c \/ Bielizna \/ Biustonosze kolor: czarny Opis: Biustonosz w fasonie bardotka z kolekcji Henderson Ladies. Model\" \/>\n<meta property=\"og:url\" content=\"https:\/\/torebunia.pl\/sklep\/produkt\/henderson-ladies-biustonosz-raff\/\" \/>\n<meta property=\"og:site_name\" content=\"Moje Blog\" \/>\n<meta property=\"article:modified_time\" content=\"2021-01-25T14:11:01+00:00\" \/>\n<meta property=\"og:image\" content=\"https:\/\/torebunia.pl\/sklep\/wp-content\/uploads\/2021\/01\/1995f402af31e5ec9556a19f9b73a48f558ce9ce.jpg\" \/>\n\t<meta property=\"og:image:width\" content=\"855\" \/>\n\t<meta property=\"og:image:height\" content=\"1290\" \/>\n<meta name=\"twitter:card\" content=\"summary_large_image\" \/>\n<meta name=\"twitter:label1\" content=\"Est. reading time\">\n\t<meta name=\"twitter:data1\" content=\"1 minuta\">\n<script type=\"application\/ld+json\" class=\"yoast-schema-graph\">{\"@context\":\"https:\/\/schema.org\",\"@graph\":[{\"@type\":\"WebSite\",\"@id\":\"https:\/\/torebunia.pl\/sklep\/#website\",\"url\":\"https:\/\/torebunia.pl\/sklep\/\",\"name\":\"Moje Blog\",\"description\":\"Kolejna witryna WordPress\",\"potentialAction\":[{\"@type\":\"SearchAction\",\"target\":\"https:\/\/torebunia.pl\/sklep\/?s={search_term_string}\",\"query-input\":\"required name=search_term_string\"}],\"inLanguage\":\"pl-PL\"},{\"@type\":\"ImageObject\",\"@id\":\"https:\/\/torebunia.pl\/sklep\/produkt\/henderson-ladies-biustonosz-raff\/#primaryimage\",\"inLanguage\":\"pl-PL\",\"url\":\"https:\/\/torebunia.pl\/sklep\/wp-content\/uploads\/2021\/01\/1995f402af31e5ec9556a19f9b73a48f558ce9ce.jpg\",\"width\":855,\"height\":1290,\"caption\":\"Henderson Ladies - Biustonosz Raff\"},{\"@type\":\"WebPage\",\"@id\":\"https:\/\/torebunia.pl\/sklep\/produkt\/henderson-ladies-biustonosz-raff\/#webpage\",\"url\":\"https:\/\/torebunia.pl\/sklep\/produkt\/henderson-ladies-biustonosz-raff\/\",\"name\":\"Henderson Ladies - Biustonosz Raff\",\"isPartOf\":{\"@id\":\"https:\/\/torebunia.pl\/sklep\/#website\"},\"primaryImageOfPage\":{\"@id\":\"https:\/\/torebunia.pl\/sklep\/produkt\/henderson-ladies-biustonosz-raff\/#primaryimage\"},\"datePublished\":\"2020-09-17T05:13:00+00:00\",\"dateModified\":\"2021-01-25T14:11:01+00:00\",\"inLanguage\":\"pl-PL\",\"potentialAction\":[{\"@type\":\"ReadAction\",\"target\":[\"https:\/\/torebunia.pl\/sklep\/produkt\/henderson-ladies-biustonosz-raff\/\"]}]}]}<\/script>\n<!-- \/ Yoast SEO plugin. -->","_links":{"self":[{"href":"https:\/\/torebunia.pl\/sklep\/wp-json\/wp\/v2\/product\/1773","targetHints":{"allow":["GET"]}}],"collection":[{"href":"https:\/\/torebunia.pl\/sklep\/wp-json\/wp\/v2\/product"}],"about":[{"href":"https:\/\/torebunia.pl\/sklep\/wp-json\/wp\/v2\/types\/product"}],"replies":[{"embeddable":true,"href":"https:\/\/torebunia.pl\/sklep\/wp-json\/wp\/v2\/comments?post=1773"}],"wp:featuredmedia":[{"embeddable":true,"href":"https:\/\/torebunia.pl\/sklep\/wp-json\/wp\/v2\/media\/1774"}],"wp:attachment":[{"href":"https:\/\/torebunia.pl\/sklep\/wp-json\/wp\/v2\/media?parent=1773"}],"curies":[{"name":"wp","href":"https:\/\/api.w.org\/{rel}","templated":true}]}}