{"id":17696,"date":"2020-11-08T12:06:30","date_gmt":"2020-11-08T12:06:30","guid":{"rendered":"https:\/\/torebunia.pl\/sklep\/produkt\/lacoste-bluza-4\/"},"modified":"2021-01-27T14:22:38","modified_gmt":"2021-01-27T14:22:38","slug":"lacoste-bluza-4","status":"publish","type":"product","link":"https:\/\/torebunia.pl\/sklep\/produkt\/lacoste-bluza-4\/","title":{"rendered":"Lacoste &#8211; Bluza"},"content":{"rendered":"<p>Parametry produktu:<\/p>\n<ul>\n<li>cena: <strong>539.9 PLN<\/strong><\/li>\n<li>marka: <strong>Lacoste<\/strong><\/li>\n<li>p\u0142e\u0107: <strong>Female<\/strong><\/li>\n<li>kategoria: <strong>ONA \/ Odzie\u017c \/ Bluzy \/ Przez g\u0142ow\u0119<\/strong><\/li>\n<li>kolor: <strong>r\u00f3\u017cowy<\/strong><\/li>\n<\/ul>\n<p>Opis:<br \/>\nBluza z kolekcji Lacoste. Model wykonany z cienkiej, lekko elastycznej dzianiny. &#8211; Prosty fason. &#8211; D\u0142ugi r\u0119kaw. &#8211; Okr\u0105g\u0142y dekolt. &#8211; Cienka, elastyczna dzianina. &#8211; Wyko\u0144czenie ze \u015bci\u0105gacza. Wz\u00f3r: g\u0142adkie Kaptur: bez kaptura Sk\u0142ad: Materia\u0142 zasadniczy: 89 % Bawe\u0142na, 11 % Poliester, \u015aci\u0105gacz: 98 % Bawe\u0142na, 2 % Elastan ID produktu: 4900-BLD0RP Kod producenta: SF2400<\/p>\n","protected":false},"excerpt":{"rendered":"<p>Parametry produktu: cena: 539.9 PLN marka: Lacoste p\u0142e\u0107: Female kategoria: ONA \/ Odzie\u017c \/ Bluzy \/ Przez g\u0142ow\u0119 kolor: r\u00f3\u017cowy Opis: Bluza z kolekcji Lacoste. Model wykonany z cienkiej, lekko<\/p>\n","protected":false},"featured_media":17697,"comment_status":"closed","ping_status":"open","template":"","meta":[],"class_list":{"0":"post-17696","1":"product","2":"type-product","3":"status-publish","5":"hentry","6":"product_cat-bluzy","7":"product_cat-odziez","8":"product_cat-ona","9":"product_cat-przez-glowe","10":"product_tag-lacoste","11":"product_tag-lacoste-bluza"},"yoast_head":"<!-- This site is optimized with the Yoast SEO plugin v15.6.2 - https:\/\/yoast.com\/wordpress\/plugins\/seo\/ -->\n<title>Lacoste - Bluza<\/title>\n<meta name=\"robots\" content=\"index, follow, max-snippet:-1, max-image-preview:large, max-video-preview:-1\" \/>\n<link rel=\"canonical\" href=\"https:\/\/torebunia.pl\/sklep\/produkt\/lacoste-bluza-4\/\" \/>\n<meta property=\"og:locale\" content=\"pl_PL\" \/>\n<meta property=\"og:type\" content=\"article\" \/>\n<meta property=\"og:title\" content=\"Lacoste - Bluza\" \/>\n<meta property=\"og:description\" content=\"Parametry produktu: cena: 539.9 PLN marka: Lacoste p\u0142e\u0107: Female kategoria: ONA \/ Odzie\u017c \/ Bluzy \/ Przez g\u0142ow\u0119 kolor: r\u00f3\u017cowy Opis: Bluza z kolekcji Lacoste. Model wykonany z cienkiej, lekko\" \/>\n<meta property=\"og:url\" content=\"https:\/\/torebunia.pl\/sklep\/produkt\/lacoste-bluza-4\/\" \/>\n<meta property=\"og:site_name\" content=\"Moje Blog\" \/>\n<meta property=\"article:modified_time\" content=\"2021-01-27T14:22:38+00:00\" \/>\n<meta property=\"og:image\" content=\"https:\/\/torebunia.pl\/sklep\/wp-content\/uploads\/2021\/01\/ee6fcb29220c883b8e101f4f7db2f4deca8090f6.jpg\" \/>\n\t<meta property=\"og:image:width\" content=\"855\" \/>\n\t<meta property=\"og:image:height\" content=\"1290\" \/>\n<meta name=\"twitter:card\" content=\"summary_large_image\" \/>\n<script type=\"application\/ld+json\" class=\"yoast-schema-graph\">{\"@context\":\"https:\/\/schema.org\",\"@graph\":[{\"@type\":\"WebSite\",\"@id\":\"https:\/\/torebunia.pl\/sklep\/#website\",\"url\":\"https:\/\/torebunia.pl\/sklep\/\",\"name\":\"Moje Blog\",\"description\":\"Kolejna witryna WordPress\",\"potentialAction\":[{\"@type\":\"SearchAction\",\"target\":\"https:\/\/torebunia.pl\/sklep\/?s={search_term_string}\",\"query-input\":\"required name=search_term_string\"}],\"inLanguage\":\"pl-PL\"},{\"@type\":\"ImageObject\",\"@id\":\"https:\/\/torebunia.pl\/sklep\/produkt\/lacoste-bluza-4\/#primaryimage\",\"inLanguage\":\"pl-PL\",\"url\":\"https:\/\/torebunia.pl\/sklep\/wp-content\/uploads\/2021\/01\/ee6fcb29220c883b8e101f4f7db2f4deca8090f6.jpg\",\"width\":855,\"height\":1290,\"caption\":\"Lacoste - Bluza\"},{\"@type\":\"WebPage\",\"@id\":\"https:\/\/torebunia.pl\/sklep\/produkt\/lacoste-bluza-4\/#webpage\",\"url\":\"https:\/\/torebunia.pl\/sklep\/produkt\/lacoste-bluza-4\/\",\"name\":\"Lacoste - Bluza\",\"isPartOf\":{\"@id\":\"https:\/\/torebunia.pl\/sklep\/#website\"},\"primaryImageOfPage\":{\"@id\":\"https:\/\/torebunia.pl\/sklep\/produkt\/lacoste-bluza-4\/#primaryimage\"},\"datePublished\":\"2020-11-08T12:06:30+00:00\",\"dateModified\":\"2021-01-27T14:22:38+00:00\",\"inLanguage\":\"pl-PL\",\"potentialAction\":[{\"@type\":\"ReadAction\",\"target\":[\"https:\/\/torebunia.pl\/sklep\/produkt\/lacoste-bluza-4\/\"]}]}]}<\/script>\n<!-- \/ Yoast SEO plugin. -->","_links":{"self":[{"href":"https:\/\/torebunia.pl\/sklep\/wp-json\/wp\/v2\/product\/17696","targetHints":{"allow":["GET"]}}],"collection":[{"href":"https:\/\/torebunia.pl\/sklep\/wp-json\/wp\/v2\/product"}],"about":[{"href":"https:\/\/torebunia.pl\/sklep\/wp-json\/wp\/v2\/types\/product"}],"replies":[{"embeddable":true,"href":"https:\/\/torebunia.pl\/sklep\/wp-json\/wp\/v2\/comments?post=17696"}],"wp:featuredmedia":[{"embeddable":true,"href":"https:\/\/torebunia.pl\/sklep\/wp-json\/wp\/v2\/media\/17697"}],"wp:attachment":[{"href":"https:\/\/torebunia.pl\/sklep\/wp-json\/wp\/v2\/media?parent=17696"}],"curies":[{"name":"wp","href":"https:\/\/api.w.org\/{rel}","templated":true}]}}