{"id":17566,"date":"2021-01-25T15:05:17","date_gmt":"2021-01-25T15:05:17","guid":{"rendered":"https:\/\/torebunia.pl\/sklep\/produkt\/calvin-klein-jeans-t-shirt-8\/"},"modified":"2021-01-27T14:18:56","modified_gmt":"2021-01-27T14:18:56","slug":"calvin-klein-jeans-t-shirt-8","status":"publish","type":"product","link":"https:\/\/torebunia.pl\/sklep\/produkt\/calvin-klein-jeans-t-shirt-8\/","title":{"rendered":"Calvin Klein Jeans &#8211; T-shirt"},"content":{"rendered":"<p>Parametry produktu:<\/p>\n<ul>\n<li>cena: <strong>139.9 PLN<\/strong><\/li>\n<li>marka: <strong>Calvin Klein Jeans<\/strong><\/li>\n<li>p\u0142e\u0107: <strong>Female<\/strong><\/li>\n<li>kategoria: <strong>ONA \/ Odzie\u017c \/ Topy i t-shirty \/ Z kr\u00f3tkim r\u0119kawem<\/strong><\/li>\n<li>kolor: <strong>bia\u0142y<\/strong><\/li>\n<\/ul>\n<p>Opis:<br \/>\nT-shirt z kolekcji Calvin Klein Jeans. Model wykonany z cienkiej, lekko elastycznej dzianiny. &#8211; Prosty fason. &#8211; Okr\u0105g\u0142y dekolt. &#8211; Cienki materia\u0142. &#8211; Model z nadrukiem. &#8211; Szeroko\u015b\u0107 pod pachami: 48 cm. &#8211; D\u0142ugo\u015b\u0107: 55 cm. &#8211; Wymiary podane dla rozmiaru: S. Wz\u00f3r: nadruk Dekolt: okr\u0105g\u0142y Materia\u0142: bawe\u0142na Okazje: casual Sk\u0142ad: 100 % Bawe\u0142na ID produktu: 4900-TSD00S Kod producenta: J20J214220<\/p>\n","protected":false},"excerpt":{"rendered":"<p>Parametry produktu: cena: 139.9 PLN marka: Calvin Klein Jeans p\u0142e\u0107: Female kategoria: ONA \/ Odzie\u017c \/ Topy i t-shirty \/ Z kr\u00f3tkim r\u0119kawem kolor: bia\u0142y Opis: T-shirt z kolekcji Calvin<\/p>\n","protected":false},"featured_media":17567,"comment_status":"closed","ping_status":"open","template":"","meta":[],"class_list":{"0":"post-17566","1":"product","2":"type-product","3":"status-publish","5":"hentry","6":"product_cat-odziez","7":"product_cat-ona","8":"product_cat-topy-i-t-shirty","9":"product_cat-z-krotkim-rekawem","10":"product_tag-calvin-klein-jeans","11":"product_tag-calvin-klein-jeans-t-shirt"},"yoast_head":"<!-- This site is optimized with the Yoast SEO plugin v15.6.2 - https:\/\/yoast.com\/wordpress\/plugins\/seo\/ -->\n<title>Calvin Klein Jeans - T-shirt<\/title>\n<meta name=\"robots\" content=\"index, follow, max-snippet:-1, max-image-preview:large, max-video-preview:-1\" \/>\n<link rel=\"canonical\" href=\"https:\/\/torebunia.pl\/sklep\/produkt\/calvin-klein-jeans-t-shirt-8\/\" \/>\n<meta property=\"og:locale\" content=\"pl_PL\" \/>\n<meta property=\"og:type\" content=\"article\" \/>\n<meta property=\"og:title\" content=\"Calvin Klein Jeans - T-shirt\" \/>\n<meta property=\"og:description\" content=\"Parametry produktu: cena: 139.9 PLN marka: Calvin Klein Jeans p\u0142e\u0107: Female kategoria: ONA \/ Odzie\u017c \/ Topy i t-shirty \/ Z kr\u00f3tkim r\u0119kawem kolor: bia\u0142y Opis: T-shirt z kolekcji Calvin\" \/>\n<meta property=\"og:url\" content=\"https:\/\/torebunia.pl\/sklep\/produkt\/calvin-klein-jeans-t-shirt-8\/\" \/>\n<meta property=\"og:site_name\" content=\"Moje Blog\" \/>\n<meta property=\"article:modified_time\" content=\"2021-01-27T14:18:56+00:00\" \/>\n<meta property=\"og:image\" content=\"https:\/\/torebunia.pl\/sklep\/wp-content\/uploads\/2021\/01\/4955cffd901cfb31fb7af21ba71a98afc54decba.jpg\" \/>\n\t<meta property=\"og:image:width\" content=\"855\" \/>\n\t<meta property=\"og:image:height\" content=\"1290\" \/>\n<meta name=\"twitter:card\" content=\"summary_large_image\" \/>\n<script type=\"application\/ld+json\" class=\"yoast-schema-graph\">{\"@context\":\"https:\/\/schema.org\",\"@graph\":[{\"@type\":\"WebSite\",\"@id\":\"https:\/\/torebunia.pl\/sklep\/#website\",\"url\":\"https:\/\/torebunia.pl\/sklep\/\",\"name\":\"Moje Blog\",\"description\":\"Kolejna witryna WordPress\",\"potentialAction\":[{\"@type\":\"SearchAction\",\"target\":\"https:\/\/torebunia.pl\/sklep\/?s={search_term_string}\",\"query-input\":\"required name=search_term_string\"}],\"inLanguage\":\"pl-PL\"},{\"@type\":\"ImageObject\",\"@id\":\"https:\/\/torebunia.pl\/sklep\/produkt\/calvin-klein-jeans-t-shirt-8\/#primaryimage\",\"inLanguage\":\"pl-PL\",\"url\":\"https:\/\/torebunia.pl\/sklep\/wp-content\/uploads\/2021\/01\/4955cffd901cfb31fb7af21ba71a98afc54decba.jpg\",\"width\":855,\"height\":1290,\"caption\":\"Calvin Klein Jeans - T-shirt\"},{\"@type\":\"WebPage\",\"@id\":\"https:\/\/torebunia.pl\/sklep\/produkt\/calvin-klein-jeans-t-shirt-8\/#webpage\",\"url\":\"https:\/\/torebunia.pl\/sklep\/produkt\/calvin-klein-jeans-t-shirt-8\/\",\"name\":\"Calvin Klein Jeans - T-shirt\",\"isPartOf\":{\"@id\":\"https:\/\/torebunia.pl\/sklep\/#website\"},\"primaryImageOfPage\":{\"@id\":\"https:\/\/torebunia.pl\/sklep\/produkt\/calvin-klein-jeans-t-shirt-8\/#primaryimage\"},\"datePublished\":\"2021-01-25T15:05:17+00:00\",\"dateModified\":\"2021-01-27T14:18:56+00:00\",\"inLanguage\":\"pl-PL\",\"potentialAction\":[{\"@type\":\"ReadAction\",\"target\":[\"https:\/\/torebunia.pl\/sklep\/produkt\/calvin-klein-jeans-t-shirt-8\/\"]}]}]}<\/script>\n<!-- \/ Yoast SEO plugin. -->","_links":{"self":[{"href":"https:\/\/torebunia.pl\/sklep\/wp-json\/wp\/v2\/product\/17566","targetHints":{"allow":["GET"]}}],"collection":[{"href":"https:\/\/torebunia.pl\/sklep\/wp-json\/wp\/v2\/product"}],"about":[{"href":"https:\/\/torebunia.pl\/sklep\/wp-json\/wp\/v2\/types\/product"}],"replies":[{"embeddable":true,"href":"https:\/\/torebunia.pl\/sklep\/wp-json\/wp\/v2\/comments?post=17566"}],"wp:featuredmedia":[{"embeddable":true,"href":"https:\/\/torebunia.pl\/sklep\/wp-json\/wp\/v2\/media\/17567"}],"wp:attachment":[{"href":"https:\/\/torebunia.pl\/sklep\/wp-json\/wp\/v2\/media?parent=17566"}],"curies":[{"name":"wp","href":"https:\/\/api.w.org\/{rel}","templated":true}]}}