{"id":17528,"date":"2020-05-11T20:55:59","date_gmt":"2020-05-11T20:55:59","guid":{"rendered":"https:\/\/torebunia.pl\/sklep\/produkt\/adidas-originals-top-3\/"},"modified":"2021-01-27T14:17:54","modified_gmt":"2021-01-27T14:17:54","slug":"adidas-originals-top-3","status":"publish","type":"product","link":"https:\/\/torebunia.pl\/sklep\/produkt\/adidas-originals-top-3\/","title":{"rendered":"adidas Originals &#8211; Top"},"content":{"rendered":"<p>Parametry produktu:<\/p>\n<ul>\n<li>cena: <strong>79.9 PLN<\/strong><\/li>\n<li>marka: <strong>adidas Originals<\/strong><\/li>\n<li>p\u0142e\u0107: <strong>Female<\/strong><\/li>\n<li>kategoria: <strong>ONA \/ Odzie\u017c \/ Topy i t-shirty \/ Bez r\u0119kaw\u00f3w<\/strong><\/li>\n<li>kolor: <strong>brzoskwiniowy<\/strong><\/li>\n<\/ul>\n<p>Opis:<br \/>\nDopasowany top z kolekcji adidas Originals. Model wykonany z cienkiej, bardzo elastycznej dzianiny. &#8211; Dopasowany model. &#8211; Okr\u0105g\u0142y dekolt. &#8211; Model na rami\u0105czkach. &#8211; Cienki materia\u0142. &#8211; Szeroko\u015b\u0107 pod pachami: 37 cm. &#8211; D\u0142ugo\u015b\u0107: 63,5 cm. &#8211; Wymiary podane dla rozmiaru: 36. Wz\u00f3r: g\u0142adkie Dekolt: okr\u0105g\u0142y Materia\u0142: z elastanem Okazje: casual Sk\u0142ad: 95 % Bawe\u0142na, 5 % Elastan ID produktu: 4901-TSD1BA Kod producenta: FM2555<\/p>\n","protected":false},"excerpt":{"rendered":"<p>Parametry produktu: cena: 79.9 PLN marka: adidas Originals p\u0142e\u0107: Female kategoria: ONA \/ Odzie\u017c \/ Topy i t-shirty \/ Bez r\u0119kaw\u00f3w kolor: brzoskwiniowy Opis: Dopasowany top z kolekcji adidas Originals.<\/p>\n","protected":false},"featured_media":17529,"comment_status":"closed","ping_status":"open","template":"","meta":[],"class_list":{"0":"post-17528","1":"product","2":"type-product","3":"status-publish","5":"hentry","6":"product_cat-bez-rekawow","7":"product_cat-odziez","8":"product_cat-ona","9":"product_cat-topy-i-t-shirty","10":"product_tag-adidas-originals","11":"product_tag-adidas-originals-top"},"yoast_head":"<!-- This site is optimized with the Yoast SEO plugin v15.6.2 - https:\/\/yoast.com\/wordpress\/plugins\/seo\/ -->\n<title>adidas Originals - Top<\/title>\n<meta name=\"robots\" content=\"index, follow, max-snippet:-1, max-image-preview:large, max-video-preview:-1\" \/>\n<link rel=\"canonical\" href=\"https:\/\/torebunia.pl\/sklep\/produkt\/adidas-originals-top-3\/\" \/>\n<meta property=\"og:locale\" content=\"pl_PL\" \/>\n<meta property=\"og:type\" content=\"article\" \/>\n<meta property=\"og:title\" content=\"adidas Originals - Top\" \/>\n<meta property=\"og:description\" content=\"Parametry produktu: cena: 79.9 PLN marka: adidas Originals p\u0142e\u0107: Female kategoria: ONA \/ Odzie\u017c \/ Topy i t-shirty \/ Bez r\u0119kaw\u00f3w kolor: brzoskwiniowy Opis: Dopasowany top z kolekcji adidas Originals.\" \/>\n<meta property=\"og:url\" content=\"https:\/\/torebunia.pl\/sklep\/produkt\/adidas-originals-top-3\/\" \/>\n<meta property=\"og:site_name\" content=\"Moje Blog\" \/>\n<meta property=\"article:modified_time\" content=\"2021-01-27T14:17:54+00:00\" \/>\n<meta property=\"og:image\" content=\"https:\/\/torebunia.pl\/sklep\/wp-content\/uploads\/2021\/01\/542304fe152bac6adc42ab20a3d0cbacc14f9756.jpg\" \/>\n\t<meta property=\"og:image:width\" content=\"855\" \/>\n\t<meta property=\"og:image:height\" content=\"1290\" \/>\n<meta name=\"twitter:card\" content=\"summary_large_image\" \/>\n<script type=\"application\/ld+json\" class=\"yoast-schema-graph\">{\"@context\":\"https:\/\/schema.org\",\"@graph\":[{\"@type\":\"WebSite\",\"@id\":\"https:\/\/torebunia.pl\/sklep\/#website\",\"url\":\"https:\/\/torebunia.pl\/sklep\/\",\"name\":\"Moje Blog\",\"description\":\"Kolejna witryna WordPress\",\"potentialAction\":[{\"@type\":\"SearchAction\",\"target\":\"https:\/\/torebunia.pl\/sklep\/?s={search_term_string}\",\"query-input\":\"required name=search_term_string\"}],\"inLanguage\":\"pl-PL\"},{\"@type\":\"ImageObject\",\"@id\":\"https:\/\/torebunia.pl\/sklep\/produkt\/adidas-originals-top-3\/#primaryimage\",\"inLanguage\":\"pl-PL\",\"url\":\"https:\/\/torebunia.pl\/sklep\/wp-content\/uploads\/2021\/01\/542304fe152bac6adc42ab20a3d0cbacc14f9756.jpg\",\"width\":855,\"height\":1290,\"caption\":\"adidas Originals - Top\"},{\"@type\":\"WebPage\",\"@id\":\"https:\/\/torebunia.pl\/sklep\/produkt\/adidas-originals-top-3\/#webpage\",\"url\":\"https:\/\/torebunia.pl\/sklep\/produkt\/adidas-originals-top-3\/\",\"name\":\"adidas Originals - Top\",\"isPartOf\":{\"@id\":\"https:\/\/torebunia.pl\/sklep\/#website\"},\"primaryImageOfPage\":{\"@id\":\"https:\/\/torebunia.pl\/sklep\/produkt\/adidas-originals-top-3\/#primaryimage\"},\"datePublished\":\"2020-05-11T20:55:59+00:00\",\"dateModified\":\"2021-01-27T14:17:54+00:00\",\"inLanguage\":\"pl-PL\",\"potentialAction\":[{\"@type\":\"ReadAction\",\"target\":[\"https:\/\/torebunia.pl\/sklep\/produkt\/adidas-originals-top-3\/\"]}]}]}<\/script>\n<!-- \/ Yoast SEO plugin. -->","_links":{"self":[{"href":"https:\/\/torebunia.pl\/sklep\/wp-json\/wp\/v2\/product\/17528","targetHints":{"allow":["GET"]}}],"collection":[{"href":"https:\/\/torebunia.pl\/sklep\/wp-json\/wp\/v2\/product"}],"about":[{"href":"https:\/\/torebunia.pl\/sklep\/wp-json\/wp\/v2\/types\/product"}],"replies":[{"embeddable":true,"href":"https:\/\/torebunia.pl\/sklep\/wp-json\/wp\/v2\/comments?post=17528"}],"wp:featuredmedia":[{"embeddable":true,"href":"https:\/\/torebunia.pl\/sklep\/wp-json\/wp\/v2\/media\/17529"}],"wp:attachment":[{"href":"https:\/\/torebunia.pl\/sklep\/wp-json\/wp\/v2\/media?parent=17528"}],"curies":[{"name":"wp","href":"https:\/\/api.w.org\/{rel}","templated":true}]}}