{"id":17384,"date":"2020-09-04T13:48:05","date_gmt":"2020-09-04T13:48:05","guid":{"rendered":"https:\/\/torebunia.pl\/sklep\/produkt\/jack-wolfskin-plecak-4\/"},"modified":"2021-01-27T14:13:45","modified_gmt":"2021-01-27T14:13:45","slug":"jack-wolfskin-plecak-4","status":"publish","type":"product","link":"https:\/\/torebunia.pl\/sklep\/produkt\/jack-wolfskin-plecak-4\/","title":{"rendered":"Jack Wolfskin &#8211; Plecak"},"content":{"rendered":"<p>Parametry produktu:<\/p>\n<ul>\n<li>cena: <strong>299.9 PLN<\/strong><\/li>\n<li>marka: <strong>Jack Wolfskin<\/strong><\/li>\n<li>p\u0142e\u0107: <strong>Female<\/strong><\/li>\n<li>kategoria: <strong>ONA \/ Akcesoria \/ Plecaki \/ ON<\/strong><\/li>\n<li>kolor: <strong>szary<\/strong><\/li>\n<\/ul>\n<p>Opis:<br \/>\nPlecak z kolekcji Jack Wolfskin. Model wykonany z wytrzyma\u0142ego materia\u0142u. &#8211; Model wyposa\u017cony w pas piersiowy. &#8211; Dwukomorowy model. &#8211; Uchwyt do r\u0119ki. &#8211; Regulowana d\u0142ugo\u015b\u0107 pask\u00f3w. &#8211; Mie\u015bci format A4. &#8211; Model z nadrukiem. &#8211; Wewn\u0105trz dodatkowe kieszenie. &#8211; G\u0142\u0119boko\u015b\u0107: 14 cm. &#8211; Wysoko\u015b\u0107: 49 cm. &#8211; Szeroko\u015b\u0107 u podstawy: 29 cm. Wz\u00f3r: nadruk Materia\u0142: tekstylny Wielko\u015b\u0107: mie\u015bci A4 Sk\u0142ad: 100 % Poliester ID produktu: 4900-PKU01D Kod producenta: 2002482<\/p>\n","protected":false},"excerpt":{"rendered":"<p>Parametry produktu: cena: 299.9 PLN marka: Jack Wolfskin p\u0142e\u0107: Female kategoria: ONA \/ Akcesoria \/ Plecaki \/ ON kolor: szary Opis: Plecak z kolekcji Jack Wolfskin. Model wykonany z wytrzyma\u0142ego<\/p>\n","protected":false},"featured_media":17385,"comment_status":"closed","ping_status":"open","template":"","meta":[],"class_list":{"0":"post-17384","1":"product","2":"type-product","3":"status-publish","5":"hentry","6":"product_cat-akcesoria","7":"product_cat-on","8":"product_cat-ona","9":"product_cat-plecaki","10":"product_tag-jack-wolfskin","11":"product_tag-jack-wolfskin-plecak"},"yoast_head":"<!-- This site is optimized with the Yoast SEO plugin v15.6.2 - https:\/\/yoast.com\/wordpress\/plugins\/seo\/ -->\n<title>Jack Wolfskin - Plecak<\/title>\n<meta name=\"robots\" content=\"index, follow, max-snippet:-1, max-image-preview:large, max-video-preview:-1\" \/>\n<link rel=\"canonical\" href=\"https:\/\/torebunia.pl\/sklep\/produkt\/jack-wolfskin-plecak-4\/\" \/>\n<meta property=\"og:locale\" content=\"pl_PL\" \/>\n<meta property=\"og:type\" content=\"article\" \/>\n<meta property=\"og:title\" content=\"Jack Wolfskin - Plecak\" \/>\n<meta property=\"og:description\" content=\"Parametry produktu: cena: 299.9 PLN marka: Jack Wolfskin p\u0142e\u0107: Female kategoria: ONA \/ Akcesoria \/ Plecaki \/ ON kolor: szary Opis: Plecak z kolekcji Jack Wolfskin. Model wykonany z wytrzyma\u0142ego\" \/>\n<meta property=\"og:url\" content=\"https:\/\/torebunia.pl\/sklep\/produkt\/jack-wolfskin-plecak-4\/\" \/>\n<meta property=\"og:site_name\" content=\"Moje Blog\" \/>\n<meta property=\"article:modified_time\" content=\"2021-01-27T14:13:45+00:00\" \/>\n<meta property=\"og:image\" content=\"https:\/\/torebunia.pl\/sklep\/wp-content\/uploads\/2021\/01\/7c4c681797463c3c4cbc2f00f6dbd0c5efd67142.jpg\" \/>\n\t<meta property=\"og:image:width\" content=\"855\" \/>\n\t<meta property=\"og:image:height\" content=\"1290\" \/>\n<meta name=\"twitter:card\" content=\"summary_large_image\" \/>\n<script type=\"application\/ld+json\" class=\"yoast-schema-graph\">{\"@context\":\"https:\/\/schema.org\",\"@graph\":[{\"@type\":\"WebSite\",\"@id\":\"https:\/\/torebunia.pl\/sklep\/#website\",\"url\":\"https:\/\/torebunia.pl\/sklep\/\",\"name\":\"Moje Blog\",\"description\":\"Kolejna witryna WordPress\",\"potentialAction\":[{\"@type\":\"SearchAction\",\"target\":\"https:\/\/torebunia.pl\/sklep\/?s={search_term_string}\",\"query-input\":\"required name=search_term_string\"}],\"inLanguage\":\"pl-PL\"},{\"@type\":\"ImageObject\",\"@id\":\"https:\/\/torebunia.pl\/sklep\/produkt\/jack-wolfskin-plecak-4\/#primaryimage\",\"inLanguage\":\"pl-PL\",\"url\":\"https:\/\/torebunia.pl\/sklep\/wp-content\/uploads\/2021\/01\/7c4c681797463c3c4cbc2f00f6dbd0c5efd67142.jpg\",\"width\":855,\"height\":1290,\"caption\":\"Jack Wolfskin - Plecak\"},{\"@type\":\"WebPage\",\"@id\":\"https:\/\/torebunia.pl\/sklep\/produkt\/jack-wolfskin-plecak-4\/#webpage\",\"url\":\"https:\/\/torebunia.pl\/sklep\/produkt\/jack-wolfskin-plecak-4\/\",\"name\":\"Jack Wolfskin - Plecak\",\"isPartOf\":{\"@id\":\"https:\/\/torebunia.pl\/sklep\/#website\"},\"primaryImageOfPage\":{\"@id\":\"https:\/\/torebunia.pl\/sklep\/produkt\/jack-wolfskin-plecak-4\/#primaryimage\"},\"datePublished\":\"2020-09-04T13:48:05+00:00\",\"dateModified\":\"2021-01-27T14:13:45+00:00\",\"inLanguage\":\"pl-PL\",\"potentialAction\":[{\"@type\":\"ReadAction\",\"target\":[\"https:\/\/torebunia.pl\/sklep\/produkt\/jack-wolfskin-plecak-4\/\"]}]}]}<\/script>\n<!-- \/ Yoast SEO plugin. -->","_links":{"self":[{"href":"https:\/\/torebunia.pl\/sklep\/wp-json\/wp\/v2\/product\/17384","targetHints":{"allow":["GET"]}}],"collection":[{"href":"https:\/\/torebunia.pl\/sklep\/wp-json\/wp\/v2\/product"}],"about":[{"href":"https:\/\/torebunia.pl\/sklep\/wp-json\/wp\/v2\/types\/product"}],"replies":[{"embeddable":true,"href":"https:\/\/torebunia.pl\/sklep\/wp-json\/wp\/v2\/comments?post=17384"}],"wp:featuredmedia":[{"embeddable":true,"href":"https:\/\/torebunia.pl\/sklep\/wp-json\/wp\/v2\/media\/17385"}],"wp:attachment":[{"href":"https:\/\/torebunia.pl\/sklep\/wp-json\/wp\/v2\/media?parent=17384"}],"curies":[{"name":"wp","href":"https:\/\/api.w.org\/{rel}","templated":true}]}}