{"id":17378,"date":"2020-10-24T03:47:22","date_gmt":"2020-10-24T03:47:22","guid":{"rendered":"https:\/\/torebunia.pl\/sklep\/produkt\/silvian-heach-bluzka\/"},"modified":"2021-01-27T14:13:35","modified_gmt":"2021-01-27T14:13:35","slug":"silvian-heach-bluzka","status":"publish","type":"product","link":"https:\/\/torebunia.pl\/sklep\/produkt\/silvian-heach-bluzka\/","title":{"rendered":"Silvian Heach &#8211; Bluzka"},"content":{"rendered":"<p>Parametry produktu:<\/p>\n<ul>\n<li>cena: <strong>479.9 PLN<\/strong><\/li>\n<li>marka: <strong>Silvian Heach<\/strong><\/li>\n<li>p\u0142e\u0107: <strong>Female<\/strong><\/li>\n<li>kategoria: <strong>ONA \/ Odzie\u017c \/ Bluzki i koszule \/ Bluzki<\/strong><\/li>\n<li>kolor: <strong>czarny<\/strong><\/li>\n<\/ul>\n<p>Opis:<br \/>\nDost\u0119pne rozmiary s\u0105 przeliczone z w\u0142oskiej rozmiar\u00f3wki producenta na standardow\u0105 rozmiar\u00f3wk\u0119 europejsk\u0105. Zamawiany rozmiar mo\u017ce r\u00f3\u017cni\u0107 si\u0119 od widocznego na metce (IT 38\/XXS = EU XS). Dla pewno\u015bci prosimy o zapoznanie si\u0119 z tabel\u0105 rozmiarow\u0105. Bluzka z kolekcji Silvian Heach. Model wykonany z wzorzystej dzianiny. Posiada okr\u0105g\u0142y dekolt. &#8211; Dopasowany fason. &#8211; Model w fasonie body. &#8211; D\u0142ugi r\u0119kaw. &#8211; Model z bufkami. &#8211; Okr\u0105g\u0142y dekolt. &#8211; Zapi\u0119cie na kryty suwak. &#8211; Cienka, elastyczna dzianina. &#8211; Szeroko\u015b\u0107 pod pachami: 42 cm. &#8211; D\u0142ugo\u015b\u0107 r\u0119kawa: 64 cm. &#8211; D\u0142ugo\u015b\u0107: 73 cm. &#8211; Wymiary podane dla rozmiaru: S. Wz\u00f3r: wzorzyste Fason: slim R\u0119kaw: d\u0142ugi Dekolt: okr\u0105g\u0142y Materia\u0142: z elastanem Okazje: casual Wz\u00f3r: animal Sk\u0142ad: 4 % Elastan, 96 % Poliester ID produktu: 4900-BDD06M Kod producenta: PGA20165BD<\/p>\n","protected":false},"excerpt":{"rendered":"<p>Parametry produktu: cena: 479.9 PLN marka: Silvian Heach p\u0142e\u0107: Female kategoria: ONA \/ Odzie\u017c \/ Bluzki i koszule \/ Bluzki kolor: czarny Opis: Dost\u0119pne rozmiary s\u0105 przeliczone z w\u0142oskiej rozmiar\u00f3wki<\/p>\n","protected":false},"featured_media":17379,"comment_status":"closed","ping_status":"open","template":"","meta":[],"class_list":{"0":"post-17378","1":"product","2":"type-product","3":"status-publish","5":"hentry","6":"product_cat-bluzki","7":"product_cat-bluzki-i-koszule","8":"product_cat-odziez","9":"product_cat-ona","10":"product_tag-silvian-heach","11":"product_tag-silvian-heach-bluzka"},"yoast_head":"<!-- This site is optimized with the Yoast SEO plugin v15.6.2 - https:\/\/yoast.com\/wordpress\/plugins\/seo\/ -->\n<title>Silvian Heach - Bluzka<\/title>\n<meta name=\"robots\" content=\"index, follow, max-snippet:-1, max-image-preview:large, max-video-preview:-1\" \/>\n<link rel=\"canonical\" href=\"https:\/\/torebunia.pl\/sklep\/produkt\/silvian-heach-bluzka\/\" \/>\n<meta property=\"og:locale\" content=\"pl_PL\" \/>\n<meta property=\"og:type\" content=\"article\" \/>\n<meta property=\"og:title\" content=\"Silvian Heach - Bluzka\" \/>\n<meta property=\"og:description\" content=\"Parametry produktu: cena: 479.9 PLN marka: Silvian Heach p\u0142e\u0107: Female kategoria: ONA \/ Odzie\u017c \/ Bluzki i koszule \/ Bluzki kolor: czarny Opis: Dost\u0119pne rozmiary s\u0105 przeliczone z w\u0142oskiej rozmiar\u00f3wki\" \/>\n<meta property=\"og:url\" content=\"https:\/\/torebunia.pl\/sklep\/produkt\/silvian-heach-bluzka\/\" \/>\n<meta property=\"og:site_name\" content=\"Moje Blog\" \/>\n<meta property=\"article:modified_time\" content=\"2021-01-27T14:13:35+00:00\" \/>\n<meta property=\"og:image\" content=\"https:\/\/torebunia.pl\/sklep\/wp-content\/uploads\/2021\/01\/e9e2893c9926569ca5c280ccc7284a68aade8305.jpg\" \/>\n\t<meta property=\"og:image:width\" content=\"855\" \/>\n\t<meta property=\"og:image:height\" content=\"1290\" \/>\n<meta name=\"twitter:card\" content=\"summary_large_image\" \/>\n<meta name=\"twitter:label1\" content=\"Est. reading time\">\n\t<meta name=\"twitter:data1\" content=\"1 minuta\">\n<script type=\"application\/ld+json\" class=\"yoast-schema-graph\">{\"@context\":\"https:\/\/schema.org\",\"@graph\":[{\"@type\":\"WebSite\",\"@id\":\"https:\/\/torebunia.pl\/sklep\/#website\",\"url\":\"https:\/\/torebunia.pl\/sklep\/\",\"name\":\"Moje Blog\",\"description\":\"Kolejna witryna WordPress\",\"potentialAction\":[{\"@type\":\"SearchAction\",\"target\":\"https:\/\/torebunia.pl\/sklep\/?s={search_term_string}\",\"query-input\":\"required name=search_term_string\"}],\"inLanguage\":\"pl-PL\"},{\"@type\":\"ImageObject\",\"@id\":\"https:\/\/torebunia.pl\/sklep\/produkt\/silvian-heach-bluzka\/#primaryimage\",\"inLanguage\":\"pl-PL\",\"url\":\"https:\/\/torebunia.pl\/sklep\/wp-content\/uploads\/2021\/01\/e9e2893c9926569ca5c280ccc7284a68aade8305.jpg\",\"width\":855,\"height\":1290,\"caption\":\"Silvian Heach - Bluzka\"},{\"@type\":\"WebPage\",\"@id\":\"https:\/\/torebunia.pl\/sklep\/produkt\/silvian-heach-bluzka\/#webpage\",\"url\":\"https:\/\/torebunia.pl\/sklep\/produkt\/silvian-heach-bluzka\/\",\"name\":\"Silvian Heach - Bluzka\",\"isPartOf\":{\"@id\":\"https:\/\/torebunia.pl\/sklep\/#website\"},\"primaryImageOfPage\":{\"@id\":\"https:\/\/torebunia.pl\/sklep\/produkt\/silvian-heach-bluzka\/#primaryimage\"},\"datePublished\":\"2020-10-24T03:47:22+00:00\",\"dateModified\":\"2021-01-27T14:13:35+00:00\",\"inLanguage\":\"pl-PL\",\"potentialAction\":[{\"@type\":\"ReadAction\",\"target\":[\"https:\/\/torebunia.pl\/sklep\/produkt\/silvian-heach-bluzka\/\"]}]}]}<\/script>\n<!-- \/ Yoast SEO plugin. -->","_links":{"self":[{"href":"https:\/\/torebunia.pl\/sklep\/wp-json\/wp\/v2\/product\/17378","targetHints":{"allow":["GET"]}}],"collection":[{"href":"https:\/\/torebunia.pl\/sklep\/wp-json\/wp\/v2\/product"}],"about":[{"href":"https:\/\/torebunia.pl\/sklep\/wp-json\/wp\/v2\/types\/product"}],"replies":[{"embeddable":true,"href":"https:\/\/torebunia.pl\/sklep\/wp-json\/wp\/v2\/comments?post=17378"}],"wp:featuredmedia":[{"embeddable":true,"href":"https:\/\/torebunia.pl\/sklep\/wp-json\/wp\/v2\/media\/17379"}],"wp:attachment":[{"href":"https:\/\/torebunia.pl\/sklep\/wp-json\/wp\/v2\/media?parent=17378"}],"curies":[{"name":"wp","href":"https:\/\/api.w.org\/{rel}","templated":true}]}}