{"id":17372,"date":"2020-09-25T11:30:52","date_gmt":"2020-09-25T11:30:52","guid":{"rendered":"https:\/\/torebunia.pl\/sklep\/produkt\/calvin-klein-underwear-spodnie-pizamowe-3\/"},"modified":"2021-01-27T14:13:26","modified_gmt":"2021-01-27T14:13:26","slug":"calvin-klein-underwear-spodnie-pizamowe-3","status":"publish","type":"product","link":"https:\/\/torebunia.pl\/sklep\/produkt\/calvin-klein-underwear-spodnie-pizamowe-3\/","title":{"rendered":"Calvin Klein Underwear &#8211; Spodnie pi\u017camowe"},"content":{"rendered":"<p>Parametry produktu:<\/p>\n<ul>\n<li>cena: <strong>199.9 PLN<\/strong><\/li>\n<li>marka: <strong>Calvin Klein Underwear<\/strong><\/li>\n<li>p\u0142e\u0107: <strong>Female<\/strong><\/li>\n<li>kategoria: <strong>ONA \/ Odzie\u017c \/ Bielizna \/ Pi\u017camy<\/strong><\/li>\n<li>kolor: <strong>czarny<\/strong><\/li>\n<\/ul>\n<p>Opis:<br \/>\nSpodnie pi\u017camowe z kolekcji Calvin Klein Underwear. Model wykonany z wzorzystej dzianiny. &#8211; Prosty fason. &#8211; Elastyczna listwa w pasie. &#8211; Cienka, elastyczna dzianina. &#8211; Szeroko\u015b\u0107 w pasie: 37 cm. &#8211; Wysoko\u015b\u0107 stanu: 27 cm. &#8211; D\u0142ugo\u015b\u0107: 94 cm. &#8211; Wymiary podane dla rozmiaru: S. Wz\u00f3r: wzorzyste Rodzaj: d\u00f3\u0142 Materia\u0142: dzianina Sk\u0142ad: 4 % Elastan, 96 % Bawe\u0142na ID produktu: 4900-BID06I Kod producenta: 000QS6434E<\/p>\n","protected":false},"excerpt":{"rendered":"<p>Parametry produktu: cena: 199.9 PLN marka: Calvin Klein Underwear p\u0142e\u0107: Female kategoria: ONA \/ Odzie\u017c \/ Bielizna \/ Pi\u017camy kolor: czarny Opis: Spodnie pi\u017camowe z kolekcji Calvin Klein Underwear. Model<\/p>\n","protected":false},"featured_media":17373,"comment_status":"closed","ping_status":"open","template":"","meta":[],"class_list":{"0":"post-17372","1":"product","2":"type-product","3":"status-publish","5":"hentry","6":"product_cat-bielizna","7":"product_cat-odziez","8":"product_cat-ona","9":"product_cat-pizamy","10":"product_tag-calvin-klein-underwear","11":"product_tag-calvin-klein-underwear-spodnie-pizamowe"},"yoast_head":"<!-- This site is optimized with the Yoast SEO plugin v15.6.2 - https:\/\/yoast.com\/wordpress\/plugins\/seo\/ -->\n<title>Calvin Klein Underwear - Spodnie pi\u017camowe<\/title>\n<meta name=\"robots\" content=\"index, follow, max-snippet:-1, max-image-preview:large, max-video-preview:-1\" \/>\n<link rel=\"canonical\" href=\"https:\/\/torebunia.pl\/sklep\/produkt\/calvin-klein-underwear-spodnie-pizamowe-3\/\" \/>\n<meta property=\"og:locale\" content=\"pl_PL\" \/>\n<meta property=\"og:type\" content=\"article\" \/>\n<meta property=\"og:title\" content=\"Calvin Klein Underwear - Spodnie pi\u017camowe\" \/>\n<meta property=\"og:description\" content=\"Parametry produktu: cena: 199.9 PLN marka: Calvin Klein Underwear p\u0142e\u0107: Female kategoria: ONA \/ Odzie\u017c \/ Bielizna \/ Pi\u017camy kolor: czarny Opis: Spodnie pi\u017camowe z kolekcji Calvin Klein Underwear. Model\" \/>\n<meta property=\"og:url\" content=\"https:\/\/torebunia.pl\/sklep\/produkt\/calvin-klein-underwear-spodnie-pizamowe-3\/\" \/>\n<meta property=\"og:site_name\" content=\"Moje Blog\" \/>\n<meta property=\"article:modified_time\" content=\"2021-01-27T14:13:26+00:00\" \/>\n<meta property=\"og:image\" content=\"https:\/\/torebunia.pl\/sklep\/wp-content\/uploads\/2021\/01\/87203a17f78aa2f48e9e9ac72f0642ca807da09f.jpg\" \/>\n\t<meta property=\"og:image:width\" content=\"855\" \/>\n\t<meta property=\"og:image:height\" content=\"1290\" \/>\n<meta name=\"twitter:card\" content=\"summary_large_image\" \/>\n<script type=\"application\/ld+json\" class=\"yoast-schema-graph\">{\"@context\":\"https:\/\/schema.org\",\"@graph\":[{\"@type\":\"WebSite\",\"@id\":\"https:\/\/torebunia.pl\/sklep\/#website\",\"url\":\"https:\/\/torebunia.pl\/sklep\/\",\"name\":\"Moje Blog\",\"description\":\"Kolejna witryna WordPress\",\"potentialAction\":[{\"@type\":\"SearchAction\",\"target\":\"https:\/\/torebunia.pl\/sklep\/?s={search_term_string}\",\"query-input\":\"required name=search_term_string\"}],\"inLanguage\":\"pl-PL\"},{\"@type\":\"ImageObject\",\"@id\":\"https:\/\/torebunia.pl\/sklep\/produkt\/calvin-klein-underwear-spodnie-pizamowe-3\/#primaryimage\",\"inLanguage\":\"pl-PL\",\"url\":\"https:\/\/torebunia.pl\/sklep\/wp-content\/uploads\/2021\/01\/87203a17f78aa2f48e9e9ac72f0642ca807da09f.jpg\",\"width\":855,\"height\":1290,\"caption\":\"Calvin Klein Underwear - Spodnie pi\\u017camowe\"},{\"@type\":\"WebPage\",\"@id\":\"https:\/\/torebunia.pl\/sklep\/produkt\/calvin-klein-underwear-spodnie-pizamowe-3\/#webpage\",\"url\":\"https:\/\/torebunia.pl\/sklep\/produkt\/calvin-klein-underwear-spodnie-pizamowe-3\/\",\"name\":\"Calvin Klein Underwear - Spodnie pi\\u017camowe\",\"isPartOf\":{\"@id\":\"https:\/\/torebunia.pl\/sklep\/#website\"},\"primaryImageOfPage\":{\"@id\":\"https:\/\/torebunia.pl\/sklep\/produkt\/calvin-klein-underwear-spodnie-pizamowe-3\/#primaryimage\"},\"datePublished\":\"2020-09-25T11:30:52+00:00\",\"dateModified\":\"2021-01-27T14:13:26+00:00\",\"inLanguage\":\"pl-PL\",\"potentialAction\":[{\"@type\":\"ReadAction\",\"target\":[\"https:\/\/torebunia.pl\/sklep\/produkt\/calvin-klein-underwear-spodnie-pizamowe-3\/\"]}]}]}<\/script>\n<!-- \/ Yoast SEO plugin. -->","_links":{"self":[{"href":"https:\/\/torebunia.pl\/sklep\/wp-json\/wp\/v2\/product\/17372","targetHints":{"allow":["GET"]}}],"collection":[{"href":"https:\/\/torebunia.pl\/sklep\/wp-json\/wp\/v2\/product"}],"about":[{"href":"https:\/\/torebunia.pl\/sklep\/wp-json\/wp\/v2\/types\/product"}],"replies":[{"embeddable":true,"href":"https:\/\/torebunia.pl\/sklep\/wp-json\/wp\/v2\/comments?post=17372"}],"wp:featuredmedia":[{"embeddable":true,"href":"https:\/\/torebunia.pl\/sklep\/wp-json\/wp\/v2\/media\/17373"}],"wp:attachment":[{"href":"https:\/\/torebunia.pl\/sklep\/wp-json\/wp\/v2\/media?parent=17372"}],"curies":[{"name":"wp","href":"https:\/\/api.w.org\/{rel}","templated":true}]}}