{"id":17356,"date":"2020-12-11T22:53:12","date_gmt":"2020-12-11T22:53:12","guid":{"rendered":"https:\/\/torebunia.pl\/sklep\/produkt\/wojas-kozaki-skorzane-4\/"},"modified":"2021-01-27T14:12:59","modified_gmt":"2021-01-27T14:12:59","slug":"wojas-kozaki-skorzane-4","status":"publish","type":"product","link":"https:\/\/torebunia.pl\/sklep\/produkt\/wojas-kozaki-skorzane-4\/","title":{"rendered":"Wojas &#8211; Kozaki sk\u00f3rzane"},"content":{"rendered":"<p>Parametry produktu:<\/p>\n<ul>\n<li>cena: <strong>599.9 PLN<\/strong><\/li>\n<li>marka: <strong>Wojas<\/strong><\/li>\n<li>p\u0142e\u0107: <strong>Female<\/strong><\/li>\n<li>kategoria: <strong>ONA \/ Obuwie \/ Kozaki i botki \/ Kozaki<\/strong><\/li>\n<li>kolor: <strong>czarny<\/strong><\/li>\n<\/ul>\n<p>Opis:<br \/>\nKozaki z kolekcji Wojas. Model wykonany ze sk\u00f3ry naturalnej. &#8211; Migda\u0142owy, usztywniony nosek. &#8211; Zapi\u0119cie na suwak. &#8211; Gumowa podeszwa. &#8211; Model na stabilnym obcasie. &#8211; Obw\u00f3d cholewki: 32 cm. &#8211; Wysoko\u015b\u0107 cholewki: 41 cm. &#8211; Wysoko\u015b\u0107 obcasa: 7,5 cm. &#8211; D\u0142ugo\u015b\u0107 wk\u0142adki wynosi: 23,5 cm. &#8211; Wymiary podane dla rozmiaru: 37. Obcas: s\u0142upek Ocieplenie: nieocieplane Materia\u0142: sk\u00f3ra licowa Wysoko\u015b\u0107 obcasa: 5-8 cm Zapi\u0119cie: na zamek Sk\u0142ad: Cholewka: Sk\u00f3ra naturalna, Wn\u0119trze: Materia\u0142 tekstylny, Sk\u00f3ra naturalna, Podeszwa: Materia\u0142 syntetyczny ID produktu: -100-OBD018 Kod producenta: 773051<\/p>\n","protected":false},"excerpt":{"rendered":"<p>Parametry produktu: cena: 599.9 PLN marka: Wojas p\u0142e\u0107: Female kategoria: ONA \/ Obuwie \/ Kozaki i botki \/ Kozaki kolor: czarny Opis: Kozaki z kolekcji Wojas. Model wykonany ze sk\u00f3ry<\/p>\n","protected":false},"featured_media":17357,"comment_status":"closed","ping_status":"open","template":"","meta":[],"class_list":{"0":"post-17356","1":"product","2":"type-product","3":"status-publish","5":"hentry","6":"product_cat-kozaki","7":"product_cat-kozaki-i-botki","8":"product_cat-obuwie","9":"product_cat-ona","10":"product_tag-wojas","11":"product_tag-wojas-kozaki-skorzane"},"yoast_head":"<!-- This site is optimized with the Yoast SEO plugin v15.6.2 - https:\/\/yoast.com\/wordpress\/plugins\/seo\/ -->\n<title>Wojas - Kozaki sk\u00f3rzane<\/title>\n<meta name=\"robots\" content=\"index, follow, max-snippet:-1, max-image-preview:large, max-video-preview:-1\" \/>\n<link rel=\"canonical\" href=\"https:\/\/torebunia.pl\/sklep\/produkt\/wojas-kozaki-skorzane-4\/\" \/>\n<meta property=\"og:locale\" content=\"pl_PL\" \/>\n<meta property=\"og:type\" content=\"article\" \/>\n<meta property=\"og:title\" content=\"Wojas - Kozaki sk\u00f3rzane\" \/>\n<meta property=\"og:description\" content=\"Parametry produktu: cena: 599.9 PLN marka: Wojas p\u0142e\u0107: Female kategoria: ONA \/ Obuwie \/ Kozaki i botki \/ Kozaki kolor: czarny Opis: Kozaki z kolekcji Wojas. Model wykonany ze sk\u00f3ry\" \/>\n<meta property=\"og:url\" content=\"https:\/\/torebunia.pl\/sklep\/produkt\/wojas-kozaki-skorzane-4\/\" \/>\n<meta property=\"og:site_name\" content=\"Moje Blog\" \/>\n<meta property=\"article:modified_time\" content=\"2021-01-27T14:12:59+00:00\" \/>\n<meta property=\"og:image\" content=\"https:\/\/torebunia.pl\/sklep\/wp-content\/uploads\/2021\/01\/f1dc152319aaec012874722db52c9ae224da0d86-1.jpg\" \/>\n\t<meta property=\"og:image:width\" content=\"855\" \/>\n\t<meta property=\"og:image:height\" content=\"1290\" \/>\n<meta name=\"twitter:card\" content=\"summary_large_image\" \/>\n<meta name=\"twitter:label1\" content=\"Est. reading time\">\n\t<meta name=\"twitter:data1\" content=\"1 minuta\">\n<script type=\"application\/ld+json\" class=\"yoast-schema-graph\">{\"@context\":\"https:\/\/schema.org\",\"@graph\":[{\"@type\":\"WebSite\",\"@id\":\"https:\/\/torebunia.pl\/sklep\/#website\",\"url\":\"https:\/\/torebunia.pl\/sklep\/\",\"name\":\"Moje Blog\",\"description\":\"Kolejna witryna WordPress\",\"potentialAction\":[{\"@type\":\"SearchAction\",\"target\":\"https:\/\/torebunia.pl\/sklep\/?s={search_term_string}\",\"query-input\":\"required name=search_term_string\"}],\"inLanguage\":\"pl-PL\"},{\"@type\":\"ImageObject\",\"@id\":\"https:\/\/torebunia.pl\/sklep\/produkt\/wojas-kozaki-skorzane-4\/#primaryimage\",\"inLanguage\":\"pl-PL\",\"url\":\"https:\/\/torebunia.pl\/sklep\/wp-content\/uploads\/2021\/01\/f1dc152319aaec012874722db52c9ae224da0d86-1.jpg\",\"width\":855,\"height\":1290,\"caption\":\"Wojas - Kozaki sk\\u00f3rzane\"},{\"@type\":\"WebPage\",\"@id\":\"https:\/\/torebunia.pl\/sklep\/produkt\/wojas-kozaki-skorzane-4\/#webpage\",\"url\":\"https:\/\/torebunia.pl\/sklep\/produkt\/wojas-kozaki-skorzane-4\/\",\"name\":\"Wojas - Kozaki sk\\u00f3rzane\",\"isPartOf\":{\"@id\":\"https:\/\/torebunia.pl\/sklep\/#website\"},\"primaryImageOfPage\":{\"@id\":\"https:\/\/torebunia.pl\/sklep\/produkt\/wojas-kozaki-skorzane-4\/#primaryimage\"},\"datePublished\":\"2020-12-11T22:53:12+00:00\",\"dateModified\":\"2021-01-27T14:12:59+00:00\",\"inLanguage\":\"pl-PL\",\"potentialAction\":[{\"@type\":\"ReadAction\",\"target\":[\"https:\/\/torebunia.pl\/sklep\/produkt\/wojas-kozaki-skorzane-4\/\"]}]}]}<\/script>\n<!-- \/ Yoast SEO plugin. -->","_links":{"self":[{"href":"https:\/\/torebunia.pl\/sklep\/wp-json\/wp\/v2\/product\/17356","targetHints":{"allow":["GET"]}}],"collection":[{"href":"https:\/\/torebunia.pl\/sklep\/wp-json\/wp\/v2\/product"}],"about":[{"href":"https:\/\/torebunia.pl\/sklep\/wp-json\/wp\/v2\/types\/product"}],"replies":[{"embeddable":true,"href":"https:\/\/torebunia.pl\/sklep\/wp-json\/wp\/v2\/comments?post=17356"}],"wp:featuredmedia":[{"embeddable":true,"href":"https:\/\/torebunia.pl\/sklep\/wp-json\/wp\/v2\/media\/17357"}],"wp:attachment":[{"href":"https:\/\/torebunia.pl\/sklep\/wp-json\/wp\/v2\/media?parent=17356"}],"curies":[{"name":"wp","href":"https:\/\/api.w.org\/{rel}","templated":true}]}}