{"id":1729,"date":"2020-12-19T13:45:50","date_gmt":"2020-12-19T13:45:50","guid":{"rendered":"https:\/\/torebunia.pl\/sklep\/produkt\/desigual-kardigan\/"},"modified":"2021-01-27T11:34:21","modified_gmt":"2021-01-27T11:34:21","slug":"desigual-kardigan","status":"publish","type":"product","link":"https:\/\/torebunia.pl\/sklep\/produkt\/desigual-kardigan\/","title":{"rendered":"Desigual &#8211; Kardigan"},"content":{"rendered":"<p>Parametry produktu:<\/p>\n<ul>\n<li>cena: <strong>669.9 PLN<\/strong><\/li>\n<li>marka: <strong>Desigual<\/strong><\/li>\n<li>p\u0142e\u0107: <strong>Female<\/strong><\/li>\n<li>kategoria: <strong>ONA \/ Odzie\u017c \/ Swetry \/ Rozpinane<\/strong><\/li>\n<li>kolor: <strong>multikolor<\/strong><\/li>\n<\/ul>\n<p>Opis:<br \/>\nKardigan z kolekcji Desigual. Model wykonany z dzianiny z we\u0142n\u0105. &#8211; Prosty fason. &#8211; D\u0142ugi r\u0119kaw. &#8211; Z przodu kieszonki. &#8211; D\u0142ugo\u015b\u0107 r\u0119kawa: 53,5 cm. &#8211; D\u0142ugo\u015b\u0107: 80 cm. &#8211; Szeroko\u015b\u0107 pod pachami: 54 cm. &#8211; Wymiary podane dla rozmiaru: S. Wz\u00f3r: wzorzyste Materia\u0142: z domieszk\u0105 we\u0142ny Dzianina: \u015bredniej grubo\u015bci Sk\u0142ad: 71 % Akryl, 6 % Poliester, 20 % We\u0142na, 3 % W\u0142\u00f3kno metaliczne, Wskaz\u00f3wki piel\u0119gnacyjne: pra\u0107 w pralce w temperaturze 30 stopni, nie suszy\u0107 w suszarce b\u0119bnowej, suszy\u0107 w stanie roz\u0142o\u017conym, nie wybiela\u0107, prasowa\u0107 w niskiej temperaturze ID produktu: 4900-SWD02C Kod producenta: 20WWJF36<\/p>\n","protected":false},"excerpt":{"rendered":"<p>Parametry produktu: cena: 669.9 PLN marka: Desigual p\u0142e\u0107: Female kategoria: ONA \/ Odzie\u017c \/ Swetry \/ Rozpinane kolor: multikolor Opis: Kardigan z kolekcji Desigual. Model wykonany z dzianiny z we\u0142n\u0105.<\/p>\n","protected":false},"featured_media":1730,"comment_status":"closed","ping_status":"open","template":"","meta":[],"class_list":{"0":"post-1729","1":"product","2":"type-product","3":"status-publish","5":"hentry","6":"product_cat-odziez","7":"product_cat-ona","8":"product_cat-rozpinane","9":"product_cat-swetry","10":"product_tag-desigual","11":"product_tag-desigual-kardigan"},"yoast_head":"<!-- This site is optimized with the Yoast SEO plugin v15.6.2 - https:\/\/yoast.com\/wordpress\/plugins\/seo\/ -->\n<title>Desigual - Kardigan<\/title>\n<meta name=\"robots\" content=\"index, follow, max-snippet:-1, max-image-preview:large, max-video-preview:-1\" \/>\n<link rel=\"canonical\" href=\"https:\/\/torebunia.pl\/sklep\/produkt\/desigual-kardigan\/\" \/>\n<meta property=\"og:locale\" content=\"pl_PL\" \/>\n<meta property=\"og:type\" content=\"article\" \/>\n<meta property=\"og:title\" content=\"Desigual - Kardigan\" \/>\n<meta property=\"og:description\" content=\"Parametry produktu: cena: 669.9 PLN marka: Desigual p\u0142e\u0107: Female kategoria: ONA \/ Odzie\u017c \/ Swetry \/ Rozpinane kolor: multikolor Opis: Kardigan z kolekcji Desigual. Model wykonany z dzianiny z we\u0142n\u0105.\" \/>\n<meta property=\"og:url\" content=\"https:\/\/torebunia.pl\/sklep\/produkt\/desigual-kardigan\/\" \/>\n<meta property=\"og:site_name\" content=\"Moje Blog\" \/>\n<meta property=\"article:modified_time\" content=\"2021-01-27T11:34:21+00:00\" \/>\n<meta property=\"og:image\" content=\"https:\/\/torebunia.pl\/sklep\/wp-content\/uploads\/2021\/01\/873d3f8dae040edf52c53c960fa5a6a2f4d70d52.jpg\" \/>\n\t<meta property=\"og:image:width\" content=\"855\" \/>\n\t<meta property=\"og:image:height\" content=\"1290\" \/>\n<meta name=\"twitter:card\" content=\"summary_large_image\" \/>\n<meta name=\"twitter:label1\" content=\"Est. reading time\">\n\t<meta name=\"twitter:data1\" content=\"1 minuta\">\n<script type=\"application\/ld+json\" class=\"yoast-schema-graph\">{\"@context\":\"https:\/\/schema.org\",\"@graph\":[{\"@type\":\"WebSite\",\"@id\":\"https:\/\/torebunia.pl\/sklep\/#website\",\"url\":\"https:\/\/torebunia.pl\/sklep\/\",\"name\":\"Moje Blog\",\"description\":\"Kolejna witryna WordPress\",\"potentialAction\":[{\"@type\":\"SearchAction\",\"target\":\"https:\/\/torebunia.pl\/sklep\/?s={search_term_string}\",\"query-input\":\"required name=search_term_string\"}],\"inLanguage\":\"pl-PL\"},{\"@type\":\"ImageObject\",\"@id\":\"https:\/\/torebunia.pl\/sklep\/produkt\/desigual-kardigan\/#primaryimage\",\"inLanguage\":\"pl-PL\",\"url\":\"https:\/\/torebunia.pl\/sklep\/wp-content\/uploads\/2021\/01\/873d3f8dae040edf52c53c960fa5a6a2f4d70d52.jpg\",\"width\":855,\"height\":1290,\"caption\":\"Desigual - Kardigan\"},{\"@type\":\"WebPage\",\"@id\":\"https:\/\/torebunia.pl\/sklep\/produkt\/desigual-kardigan\/#webpage\",\"url\":\"https:\/\/torebunia.pl\/sklep\/produkt\/desigual-kardigan\/\",\"name\":\"Desigual - Kardigan\",\"isPartOf\":{\"@id\":\"https:\/\/torebunia.pl\/sklep\/#website\"},\"primaryImageOfPage\":{\"@id\":\"https:\/\/torebunia.pl\/sklep\/produkt\/desigual-kardigan\/#primaryimage\"},\"datePublished\":\"2020-12-19T13:45:50+00:00\",\"dateModified\":\"2021-01-27T11:34:21+00:00\",\"inLanguage\":\"pl-PL\",\"potentialAction\":[{\"@type\":\"ReadAction\",\"target\":[\"https:\/\/torebunia.pl\/sklep\/produkt\/desigual-kardigan\/\"]}]}]}<\/script>\n<!-- \/ Yoast SEO plugin. -->","_links":{"self":[{"href":"https:\/\/torebunia.pl\/sklep\/wp-json\/wp\/v2\/product\/1729","targetHints":{"allow":["GET"]}}],"collection":[{"href":"https:\/\/torebunia.pl\/sklep\/wp-json\/wp\/v2\/product"}],"about":[{"href":"https:\/\/torebunia.pl\/sklep\/wp-json\/wp\/v2\/types\/product"}],"replies":[{"embeddable":true,"href":"https:\/\/torebunia.pl\/sklep\/wp-json\/wp\/v2\/comments?post=1729"}],"wp:featuredmedia":[{"embeddable":true,"href":"https:\/\/torebunia.pl\/sklep\/wp-json\/wp\/v2\/media\/1730"}],"wp:attachment":[{"href":"https:\/\/torebunia.pl\/sklep\/wp-json\/wp\/v2\/media?parent=1729"}],"curies":[{"name":"wp","href":"https:\/\/api.w.org\/{rel}","templated":true}]}}