{"id":17200,"date":"2020-09-23T20:40:54","date_gmt":"2020-09-23T20:40:54","guid":{"rendered":"https:\/\/torebunia.pl\/sklep\/produkt\/pepe-jeans-bluzka-aida-x-dua-lipa\/"},"modified":"2021-01-27T14:01:40","modified_gmt":"2021-01-27T14:01:40","slug":"pepe-jeans-bluzka-aida-x-dua-lipa","status":"publish","type":"product","link":"https:\/\/torebunia.pl\/sklep\/produkt\/pepe-jeans-bluzka-aida-x-dua-lipa\/","title":{"rendered":"Pepe Jeans &#8211; Bluzka Aida x Dua Lipa"},"content":{"rendered":"<p>Parametry produktu:<\/p>\n<ul>\n<li>cena: <strong>219.9 PLN<\/strong><\/li>\n<li>marka: <strong>Pepe Jeans<\/strong><\/li>\n<li>p\u0142e\u0107: <strong>Female<\/strong><\/li>\n<li>kategoria: <strong>ONA \/ Odzie\u017c \/ Bluzki i koszule \/ Bluzki<\/strong><\/li>\n<li>kolor: <strong>czarny<\/strong><\/li>\n<\/ul>\n<p>Opis:<br \/>\nBluzka z kolekcji Pepe Jeans. Model wykonany z dzianiny. Posiada p\u00f3\u0142golf. &#8211; Prosty fason. &#8211; G\u0142adka dzianina. &#8211; Cienka, elastyczna dzianina. &#8211; D\u0142ugo\u015b\u0107 r\u0119kawa: 74 cm. &#8211; D\u0142ugo\u015b\u0107: 74 cm. &#8211; Szeroko\u015b\u0107 pod pachami: 44 cm. &#8211; Wymiary podane dla rozmiaru: S. Wz\u00f3r: g\u0142adkie R\u0119kaw: d\u0142ugi Dekolt: st\u00f3jka Sk\u0142ad: 10 % Kaszmir, 90 % Mikromodal ID produktu: 4910-BUD06E Kod producenta: PL504329<\/p>\n","protected":false},"excerpt":{"rendered":"<p>Parametry produktu: cena: 219.9 PLN marka: Pepe Jeans p\u0142e\u0107: Female kategoria: ONA \/ Odzie\u017c \/ Bluzki i koszule \/ Bluzki kolor: czarny Opis: Bluzka z kolekcji Pepe Jeans. Model wykonany<\/p>\n","protected":false},"featured_media":17201,"comment_status":"closed","ping_status":"open","template":"","meta":[],"class_list":{"0":"post-17200","1":"product","2":"type-product","3":"status-publish","5":"hentry","6":"product_cat-bluzki","7":"product_cat-bluzki-i-koszule","8":"product_cat-odziez","9":"product_cat-ona","10":"product_tag-pepe-jeans","11":"product_tag-pepe-jeans-bluzka-aida-x-dua-lipa"},"yoast_head":"<!-- This site is optimized with the Yoast SEO plugin v15.6.2 - https:\/\/yoast.com\/wordpress\/plugins\/seo\/ -->\n<title>Pepe Jeans - Bluzka Aida x Dua Lipa<\/title>\n<meta name=\"robots\" content=\"index, follow, max-snippet:-1, max-image-preview:large, max-video-preview:-1\" \/>\n<link rel=\"canonical\" href=\"https:\/\/torebunia.pl\/sklep\/produkt\/pepe-jeans-bluzka-aida-x-dua-lipa\/\" \/>\n<meta property=\"og:locale\" content=\"pl_PL\" \/>\n<meta property=\"og:type\" content=\"article\" \/>\n<meta property=\"og:title\" content=\"Pepe Jeans - Bluzka Aida x Dua Lipa\" \/>\n<meta property=\"og:description\" content=\"Parametry produktu: cena: 219.9 PLN marka: Pepe Jeans p\u0142e\u0107: Female kategoria: ONA \/ Odzie\u017c \/ Bluzki i koszule \/ Bluzki kolor: czarny Opis: Bluzka z kolekcji Pepe Jeans. Model wykonany\" \/>\n<meta property=\"og:url\" content=\"https:\/\/torebunia.pl\/sklep\/produkt\/pepe-jeans-bluzka-aida-x-dua-lipa\/\" \/>\n<meta property=\"og:site_name\" content=\"Moje Blog\" \/>\n<meta property=\"article:modified_time\" content=\"2021-01-27T14:01:40+00:00\" \/>\n<meta property=\"og:image\" content=\"https:\/\/torebunia.pl\/sklep\/wp-content\/uploads\/2021\/01\/60f3bb3227cd2b11bcc0178458854a894e95a38e.jpg\" \/>\n\t<meta property=\"og:image:width\" content=\"855\" \/>\n\t<meta property=\"og:image:height\" content=\"1290\" \/>\n<meta name=\"twitter:card\" content=\"summary_large_image\" \/>\n<script type=\"application\/ld+json\" class=\"yoast-schema-graph\">{\"@context\":\"https:\/\/schema.org\",\"@graph\":[{\"@type\":\"WebSite\",\"@id\":\"https:\/\/torebunia.pl\/sklep\/#website\",\"url\":\"https:\/\/torebunia.pl\/sklep\/\",\"name\":\"Moje Blog\",\"description\":\"Kolejna witryna WordPress\",\"potentialAction\":[{\"@type\":\"SearchAction\",\"target\":\"https:\/\/torebunia.pl\/sklep\/?s={search_term_string}\",\"query-input\":\"required name=search_term_string\"}],\"inLanguage\":\"pl-PL\"},{\"@type\":\"ImageObject\",\"@id\":\"https:\/\/torebunia.pl\/sklep\/produkt\/pepe-jeans-bluzka-aida-x-dua-lipa\/#primaryimage\",\"inLanguage\":\"pl-PL\",\"url\":\"https:\/\/torebunia.pl\/sklep\/wp-content\/uploads\/2021\/01\/60f3bb3227cd2b11bcc0178458854a894e95a38e.jpg\",\"width\":855,\"height\":1290,\"caption\":\"Pepe Jeans - Bluzka Aida x Dua Lipa\"},{\"@type\":\"WebPage\",\"@id\":\"https:\/\/torebunia.pl\/sklep\/produkt\/pepe-jeans-bluzka-aida-x-dua-lipa\/#webpage\",\"url\":\"https:\/\/torebunia.pl\/sklep\/produkt\/pepe-jeans-bluzka-aida-x-dua-lipa\/\",\"name\":\"Pepe Jeans - Bluzka Aida x Dua Lipa\",\"isPartOf\":{\"@id\":\"https:\/\/torebunia.pl\/sklep\/#website\"},\"primaryImageOfPage\":{\"@id\":\"https:\/\/torebunia.pl\/sklep\/produkt\/pepe-jeans-bluzka-aida-x-dua-lipa\/#primaryimage\"},\"datePublished\":\"2020-09-23T20:40:54+00:00\",\"dateModified\":\"2021-01-27T14:01:40+00:00\",\"inLanguage\":\"pl-PL\",\"potentialAction\":[{\"@type\":\"ReadAction\",\"target\":[\"https:\/\/torebunia.pl\/sklep\/produkt\/pepe-jeans-bluzka-aida-x-dua-lipa\/\"]}]}]}<\/script>\n<!-- \/ Yoast SEO plugin. -->","_links":{"self":[{"href":"https:\/\/torebunia.pl\/sklep\/wp-json\/wp\/v2\/product\/17200","targetHints":{"allow":["GET"]}}],"collection":[{"href":"https:\/\/torebunia.pl\/sklep\/wp-json\/wp\/v2\/product"}],"about":[{"href":"https:\/\/torebunia.pl\/sklep\/wp-json\/wp\/v2\/types\/product"}],"replies":[{"embeddable":true,"href":"https:\/\/torebunia.pl\/sklep\/wp-json\/wp\/v2\/comments?post=17200"}],"wp:featuredmedia":[{"embeddable":true,"href":"https:\/\/torebunia.pl\/sklep\/wp-json\/wp\/v2\/media\/17201"}],"wp:attachment":[{"href":"https:\/\/torebunia.pl\/sklep\/wp-json\/wp\/v2\/media?parent=17200"}],"curies":[{"name":"wp","href":"https:\/\/api.w.org\/{rel}","templated":true}]}}