{"id":16882,"date":"2020-06-23T06:34:31","date_gmt":"2020-06-23T06:34:31","guid":{"rendered":"https:\/\/torebunia.pl\/sklep\/produkt\/karl-lagerfeld-trampki\/"},"modified":"2021-01-27T13:41:47","modified_gmt":"2021-01-27T13:41:47","slug":"karl-lagerfeld-trampki","status":"publish","type":"product","link":"https:\/\/torebunia.pl\/sklep\/produkt\/karl-lagerfeld-trampki\/","title":{"rendered":"Karl Lagerfeld &#8211; Trampki"},"content":{"rendered":"<p>Parametry produktu:<\/p>\n<ul>\n<li>cena: <strong>639.9 PLN<\/strong><\/li>\n<li>marka: <strong>Karl Lagerfeld<\/strong><\/li>\n<li>p\u0142e\u0107: <strong>Female<\/strong><\/li>\n<li>kategoria: <strong>ONA \/ Obuwie \/ Trampki i tenis\u00f3wki \/ Wysokie<\/strong><\/li>\n<li>kolor: <strong>bia\u0142y<\/strong><\/li>\n<\/ul>\n<p>Opis:<br \/>\nTrampki z kolekcji Karl Lagerfeld. Model wykonany z materia\u0142u tekstylnego. &#8211; Gumowany nosek. &#8211; Gumowa podeszwa. &#8211; Tekstylne wn\u0119trze. &#8211; Usztywniony zapi\u0119tek. &#8211; Sznurowany model. &#8211; D\u0142ugo\u015b\u0107 wk\u0142adki wynosi: 23 cm. &#8211; Wymiary podane dla rozmiaru: 37. Materia\u0142: tekstylny Obcas: p\u0142aski Sk\u0142ad: Cholewka: Materia\u0142 tekstylny, Wn\u0119trze: Materia\u0142 tekstylny, Podeszwa: Materia\u0142 syntetyczny ID produktu: 4901-OBD2F7 Kod producenta: KL60250<\/p>\n","protected":false},"excerpt":{"rendered":"<p>Parametry produktu: cena: 639.9 PLN marka: Karl Lagerfeld p\u0142e\u0107: Female kategoria: ONA \/ Obuwie \/ Trampki i tenis\u00f3wki \/ Wysokie kolor: bia\u0142y Opis: Trampki z kolekcji Karl Lagerfeld. Model wykonany<\/p>\n","protected":false},"featured_media":16883,"comment_status":"closed","ping_status":"open","template":"","meta":[],"class_list":{"0":"post-16882","1":"product","2":"type-product","3":"status-publish","5":"hentry","6":"product_cat-obuwie","7":"product_cat-ona","8":"product_cat-trampki-i-tenisowki","9":"product_cat-wysokie","10":"product_tag-karl-lagerfeld","11":"product_tag-karl-lagerfeld-trampki"},"yoast_head":"<!-- This site is optimized with the Yoast SEO plugin v15.6.2 - https:\/\/yoast.com\/wordpress\/plugins\/seo\/ -->\n<title>Karl Lagerfeld - Trampki<\/title>\n<meta name=\"robots\" content=\"index, follow, max-snippet:-1, max-image-preview:large, max-video-preview:-1\" \/>\n<link rel=\"canonical\" href=\"https:\/\/torebunia.pl\/sklep\/produkt\/karl-lagerfeld-trampki\/\" \/>\n<meta property=\"og:locale\" content=\"pl_PL\" \/>\n<meta property=\"og:type\" content=\"article\" \/>\n<meta property=\"og:title\" content=\"Karl Lagerfeld - Trampki\" \/>\n<meta property=\"og:description\" content=\"Parametry produktu: cena: 639.9 PLN marka: Karl Lagerfeld p\u0142e\u0107: Female kategoria: ONA \/ Obuwie \/ Trampki i tenis\u00f3wki \/ Wysokie kolor: bia\u0142y Opis: Trampki z kolekcji Karl Lagerfeld. Model wykonany\" \/>\n<meta property=\"og:url\" content=\"https:\/\/torebunia.pl\/sklep\/produkt\/karl-lagerfeld-trampki\/\" \/>\n<meta property=\"og:site_name\" content=\"Moje Blog\" \/>\n<meta property=\"article:modified_time\" content=\"2021-01-27T13:41:47+00:00\" \/>\n<meta property=\"og:image\" content=\"https:\/\/torebunia.pl\/sklep\/wp-content\/uploads\/2021\/01\/164c31515f43fe467b46d25509070276464fc760.jpg\" \/>\n\t<meta property=\"og:image:width\" content=\"855\" \/>\n\t<meta property=\"og:image:height\" content=\"1290\" \/>\n<meta name=\"twitter:card\" content=\"summary_large_image\" \/>\n<script type=\"application\/ld+json\" class=\"yoast-schema-graph\">{\"@context\":\"https:\/\/schema.org\",\"@graph\":[{\"@type\":\"WebSite\",\"@id\":\"https:\/\/torebunia.pl\/sklep\/#website\",\"url\":\"https:\/\/torebunia.pl\/sklep\/\",\"name\":\"Moje Blog\",\"description\":\"Kolejna witryna WordPress\",\"potentialAction\":[{\"@type\":\"SearchAction\",\"target\":\"https:\/\/torebunia.pl\/sklep\/?s={search_term_string}\",\"query-input\":\"required name=search_term_string\"}],\"inLanguage\":\"pl-PL\"},{\"@type\":\"ImageObject\",\"@id\":\"https:\/\/torebunia.pl\/sklep\/produkt\/karl-lagerfeld-trampki\/#primaryimage\",\"inLanguage\":\"pl-PL\",\"url\":\"https:\/\/torebunia.pl\/sklep\/wp-content\/uploads\/2021\/01\/164c31515f43fe467b46d25509070276464fc760.jpg\",\"width\":855,\"height\":1290,\"caption\":\"Karl Lagerfeld - Trampki\"},{\"@type\":\"WebPage\",\"@id\":\"https:\/\/torebunia.pl\/sklep\/produkt\/karl-lagerfeld-trampki\/#webpage\",\"url\":\"https:\/\/torebunia.pl\/sklep\/produkt\/karl-lagerfeld-trampki\/\",\"name\":\"Karl Lagerfeld - Trampki\",\"isPartOf\":{\"@id\":\"https:\/\/torebunia.pl\/sklep\/#website\"},\"primaryImageOfPage\":{\"@id\":\"https:\/\/torebunia.pl\/sklep\/produkt\/karl-lagerfeld-trampki\/#primaryimage\"},\"datePublished\":\"2020-06-23T06:34:31+00:00\",\"dateModified\":\"2021-01-27T13:41:47+00:00\",\"inLanguage\":\"pl-PL\",\"potentialAction\":[{\"@type\":\"ReadAction\",\"target\":[\"https:\/\/torebunia.pl\/sklep\/produkt\/karl-lagerfeld-trampki\/\"]}]}]}<\/script>\n<!-- \/ Yoast SEO plugin. -->","_links":{"self":[{"href":"https:\/\/torebunia.pl\/sklep\/wp-json\/wp\/v2\/product\/16882","targetHints":{"allow":["GET"]}}],"collection":[{"href":"https:\/\/torebunia.pl\/sklep\/wp-json\/wp\/v2\/product"}],"about":[{"href":"https:\/\/torebunia.pl\/sklep\/wp-json\/wp\/v2\/types\/product"}],"replies":[{"embeddable":true,"href":"https:\/\/torebunia.pl\/sklep\/wp-json\/wp\/v2\/comments?post=16882"}],"wp:featuredmedia":[{"embeddable":true,"href":"https:\/\/torebunia.pl\/sklep\/wp-json\/wp\/v2\/media\/16883"}],"wp:attachment":[{"href":"https:\/\/torebunia.pl\/sklep\/wp-json\/wp\/v2\/media?parent=16882"}],"curies":[{"name":"wp","href":"https:\/\/api.w.org\/{rel}","templated":true}]}}