{"id":16846,"date":"2020-09-13T00:59:18","date_gmt":"2020-09-13T00:59:18","guid":{"rendered":"https:\/\/torebunia.pl\/sklep\/produkt\/adidas-originals-legginsy-3\/"},"modified":"2021-01-27T13:40:45","modified_gmt":"2021-01-27T13:40:45","slug":"adidas-originals-legginsy-3","status":"publish","type":"product","link":"https:\/\/torebunia.pl\/sklep\/produkt\/adidas-originals-legginsy-3\/","title":{"rendered":"adidas Originals &#8211; Legginsy"},"content":{"rendered":"<p>Parametry produktu:<\/p>\n<ul>\n<li>cena: <strong>129.9 PLN<\/strong><\/li>\n<li>marka: <strong>adidas Originals<\/strong><\/li>\n<li>p\u0142e\u0107: <strong>Female<\/strong><\/li>\n<li>kategoria: <strong>ONA \/ Odzie\u017c \/ Spodnie i legginsy \/ Legginsy<\/strong><\/li>\n<li>kolor: <strong>czarny<\/strong><\/li>\n<\/ul>\n<p>Opis:<br \/>\nLegginsy z kolekcji adidas Originals. Model wykonany z cienkiej, lekko elastycznej dzianiny. &#8211; Dopasowany fason. &#8211; Podwy\u017cszona talia. &#8211; Elastyczna listwa w pasie. &#8211; Elastyczna dzianina. &#8211; Szeroko\u015b\u0107 w pasie: 32,5 cm. &#8211; Wysoko\u015b\u0107 stanu: 31 cm. &#8211; D\u0142ugo\u015b\u0107: 97,5 cm. &#8211; Wymiary podane dla rozmiaru: 36. Wz\u00f3r: g\u0142adkie Materia\u0142: dzianina Materia\u0142: z elastanem Sk\u0142ad: 21 % Elastan, 79 % Poliester z recyklingu ID produktu: 4900-LGD053 Kod producenta: GE4810<\/p>\n","protected":false},"excerpt":{"rendered":"<p>Parametry produktu: cena: 129.9 PLN marka: adidas Originals p\u0142e\u0107: Female kategoria: ONA \/ Odzie\u017c \/ Spodnie i legginsy \/ Legginsy kolor: czarny Opis: Legginsy z kolekcji adidas Originals. Model wykonany<\/p>\n","protected":false},"featured_media":16847,"comment_status":"closed","ping_status":"open","template":"","meta":[],"class_list":{"0":"post-16846","1":"product","2":"type-product","3":"status-publish","5":"hentry","6":"product_cat-legginsy","7":"product_cat-odziez","8":"product_cat-ona","9":"product_cat-spodnie-i-legginsy","10":"product_tag-adidas-originals","11":"product_tag-adidas-originals-legginsy"},"yoast_head":"<!-- This site is optimized with the Yoast SEO plugin v15.6.2 - https:\/\/yoast.com\/wordpress\/plugins\/seo\/ -->\n<title>adidas Originals - Legginsy<\/title>\n<meta name=\"robots\" content=\"index, follow, max-snippet:-1, max-image-preview:large, max-video-preview:-1\" \/>\n<link rel=\"canonical\" href=\"https:\/\/torebunia.pl\/sklep\/produkt\/adidas-originals-legginsy-3\/\" \/>\n<meta property=\"og:locale\" content=\"pl_PL\" \/>\n<meta property=\"og:type\" content=\"article\" \/>\n<meta property=\"og:title\" content=\"adidas Originals - Legginsy\" \/>\n<meta property=\"og:description\" content=\"Parametry produktu: cena: 129.9 PLN marka: adidas Originals p\u0142e\u0107: Female kategoria: ONA \/ Odzie\u017c \/ Spodnie i legginsy \/ Legginsy kolor: czarny Opis: Legginsy z kolekcji adidas Originals. Model wykonany\" \/>\n<meta property=\"og:url\" content=\"https:\/\/torebunia.pl\/sklep\/produkt\/adidas-originals-legginsy-3\/\" \/>\n<meta property=\"og:site_name\" content=\"Moje Blog\" \/>\n<meta property=\"article:modified_time\" content=\"2021-01-27T13:40:45+00:00\" \/>\n<meta property=\"og:image\" content=\"https:\/\/torebunia.pl\/sklep\/wp-content\/uploads\/2021\/01\/82d7109d164dd2dc0aa074b1b7d23ee5ed73c645.jpg\" \/>\n\t<meta property=\"og:image:width\" content=\"855\" \/>\n\t<meta property=\"og:image:height\" content=\"1290\" \/>\n<meta name=\"twitter:card\" content=\"summary_large_image\" \/>\n<script type=\"application\/ld+json\" class=\"yoast-schema-graph\">{\"@context\":\"https:\/\/schema.org\",\"@graph\":[{\"@type\":\"WebSite\",\"@id\":\"https:\/\/torebunia.pl\/sklep\/#website\",\"url\":\"https:\/\/torebunia.pl\/sklep\/\",\"name\":\"Moje Blog\",\"description\":\"Kolejna witryna WordPress\",\"potentialAction\":[{\"@type\":\"SearchAction\",\"target\":\"https:\/\/torebunia.pl\/sklep\/?s={search_term_string}\",\"query-input\":\"required name=search_term_string\"}],\"inLanguage\":\"pl-PL\"},{\"@type\":\"ImageObject\",\"@id\":\"https:\/\/torebunia.pl\/sklep\/produkt\/adidas-originals-legginsy-3\/#primaryimage\",\"inLanguage\":\"pl-PL\",\"url\":\"https:\/\/torebunia.pl\/sklep\/wp-content\/uploads\/2021\/01\/82d7109d164dd2dc0aa074b1b7d23ee5ed73c645.jpg\",\"width\":855,\"height\":1290,\"caption\":\"adidas Originals - Legginsy\"},{\"@type\":\"WebPage\",\"@id\":\"https:\/\/torebunia.pl\/sklep\/produkt\/adidas-originals-legginsy-3\/#webpage\",\"url\":\"https:\/\/torebunia.pl\/sklep\/produkt\/adidas-originals-legginsy-3\/\",\"name\":\"adidas Originals - Legginsy\",\"isPartOf\":{\"@id\":\"https:\/\/torebunia.pl\/sklep\/#website\"},\"primaryImageOfPage\":{\"@id\":\"https:\/\/torebunia.pl\/sklep\/produkt\/adidas-originals-legginsy-3\/#primaryimage\"},\"datePublished\":\"2020-09-13T00:59:18+00:00\",\"dateModified\":\"2021-01-27T13:40:45+00:00\",\"inLanguage\":\"pl-PL\",\"potentialAction\":[{\"@type\":\"ReadAction\",\"target\":[\"https:\/\/torebunia.pl\/sklep\/produkt\/adidas-originals-legginsy-3\/\"]}]}]}<\/script>\n<!-- \/ Yoast SEO plugin. -->","_links":{"self":[{"href":"https:\/\/torebunia.pl\/sklep\/wp-json\/wp\/v2\/product\/16846","targetHints":{"allow":["GET"]}}],"collection":[{"href":"https:\/\/torebunia.pl\/sklep\/wp-json\/wp\/v2\/product"}],"about":[{"href":"https:\/\/torebunia.pl\/sklep\/wp-json\/wp\/v2\/types\/product"}],"replies":[{"embeddable":true,"href":"https:\/\/torebunia.pl\/sklep\/wp-json\/wp\/v2\/comments?post=16846"}],"wp:featuredmedia":[{"embeddable":true,"href":"https:\/\/torebunia.pl\/sklep\/wp-json\/wp\/v2\/media\/16847"}],"wp:attachment":[{"href":"https:\/\/torebunia.pl\/sklep\/wp-json\/wp\/v2\/media?parent=16846"}],"curies":[{"name":"wp","href":"https:\/\/api.w.org\/{rel}","templated":true}]}}