{"id":16844,"date":"2020-06-24T17:33:52","date_gmt":"2020-06-24T17:33:52","guid":{"rendered":"https:\/\/torebunia.pl\/sklep\/produkt\/nobo-torebka-20\/"},"modified":"2021-01-27T13:40:40","modified_gmt":"2021-01-27T13:40:40","slug":"nobo-torebka-20","status":"publish","type":"product","link":"https:\/\/torebunia.pl\/sklep\/produkt\/nobo-torebka-20\/","title":{"rendered":"Nobo &#8211; Torebka"},"content":{"rendered":"<p>Parametry produktu:<\/p>\n<ul>\n<li>cena: <strong>239.9 PLN<\/strong><\/li>\n<li>marka: <strong>NOBO<\/strong><\/li>\n<li>p\u0142e\u0107: <strong>Female<\/strong><\/li>\n<li>kategoria: <strong>ONA \/ Akcesoria \/ Torebki \/ Shopper i tote<\/strong><\/li>\n<li>kolor: <strong>cielisty<\/strong><\/li>\n<\/ul>\n<p>Opis:<br \/>\nDu\u017ca torebka z kolekcji Nobo. zapinany wykonany ze sk\u00f3ry ekologicznej. &#8211; Dopinany d\u0142u\u017cszy pasek z regulacj\u0105. &#8211; Mie\u015bci format A4. &#8211; Torebka do noszenia w r\u0119ku lub na ramieniu. &#8211; Zapi\u0119cie na suwak. &#8211; Ozdobny detal z przodu. &#8211; G\u0142\u0119boko\u015b\u0107: 12 cm. &#8211; Wysoko\u015b\u0107: 32 cm. &#8211; D\u0142ugo\u015b\u0107 uchwyt\u00f3w: 44 cm. &#8211; Szeroko\u015b\u0107 u podstawy: 32 cm. Wz\u00f3r: g\u0142adkie Wielko\u015b\u0107: mie\u015bci A4 Materia\u0142: imitacja sk\u00f3ry licowej Pasek: odpinany pasek Sk\u0142ad: Podszewka: 100 % Poliester, Materia\u0142 zasadniczy: 100 % PU ID produktu: 4901-TOD1CP Kod producenta: NBAG.I4470.C015<\/p>\n","protected":false},"excerpt":{"rendered":"<p>Parametry produktu: cena: 239.9 PLN marka: NOBO p\u0142e\u0107: Female kategoria: ONA \/ Akcesoria \/ Torebki \/ Shopper i tote kolor: cielisty Opis: Du\u017ca torebka z kolekcji Nobo. zapinany wykonany ze<\/p>\n","protected":false},"featured_media":16845,"comment_status":"closed","ping_status":"open","template":"","meta":[],"class_list":{"0":"post-16844","1":"product","2":"type-product","3":"status-publish","5":"hentry","6":"product_cat-akcesoria","7":"product_cat-ona","8":"product_cat-shopper-i-tote","9":"product_cat-torebki","10":"product_tag-nobo","11":"product_tag-nobo-torebka"},"yoast_head":"<!-- This site is optimized with the Yoast SEO plugin v15.6.2 - https:\/\/yoast.com\/wordpress\/plugins\/seo\/ -->\n<title>Nobo - Torebka<\/title>\n<meta name=\"robots\" content=\"index, follow, max-snippet:-1, max-image-preview:large, max-video-preview:-1\" \/>\n<link rel=\"canonical\" href=\"https:\/\/torebunia.pl\/sklep\/produkt\/nobo-torebka-20\/\" \/>\n<meta property=\"og:locale\" content=\"pl_PL\" \/>\n<meta property=\"og:type\" content=\"article\" \/>\n<meta property=\"og:title\" content=\"Nobo - Torebka\" \/>\n<meta property=\"og:description\" content=\"Parametry produktu: cena: 239.9 PLN marka: NOBO p\u0142e\u0107: Female kategoria: ONA \/ Akcesoria \/ Torebki \/ Shopper i tote kolor: cielisty Opis: Du\u017ca torebka z kolekcji Nobo. zapinany wykonany ze\" \/>\n<meta property=\"og:url\" content=\"https:\/\/torebunia.pl\/sklep\/produkt\/nobo-torebka-20\/\" \/>\n<meta property=\"og:site_name\" content=\"Moje Blog\" \/>\n<meta property=\"article:modified_time\" content=\"2021-01-27T13:40:40+00:00\" \/>\n<meta property=\"og:image\" content=\"https:\/\/torebunia.pl\/sklep\/wp-content\/uploads\/2021\/01\/61e35d14399f52c16c8700d4fa9bd65e7a42ed93.jpg\" \/>\n\t<meta property=\"og:image:width\" content=\"855\" \/>\n\t<meta property=\"og:image:height\" content=\"1290\" \/>\n<meta name=\"twitter:card\" content=\"summary_large_image\" \/>\n<meta name=\"twitter:label1\" content=\"Est. reading time\">\n\t<meta name=\"twitter:data1\" content=\"1 minuta\">\n<script type=\"application\/ld+json\" class=\"yoast-schema-graph\">{\"@context\":\"https:\/\/schema.org\",\"@graph\":[{\"@type\":\"WebSite\",\"@id\":\"https:\/\/torebunia.pl\/sklep\/#website\",\"url\":\"https:\/\/torebunia.pl\/sklep\/\",\"name\":\"Moje Blog\",\"description\":\"Kolejna witryna WordPress\",\"potentialAction\":[{\"@type\":\"SearchAction\",\"target\":\"https:\/\/torebunia.pl\/sklep\/?s={search_term_string}\",\"query-input\":\"required name=search_term_string\"}],\"inLanguage\":\"pl-PL\"},{\"@type\":\"ImageObject\",\"@id\":\"https:\/\/torebunia.pl\/sklep\/produkt\/nobo-torebka-20\/#primaryimage\",\"inLanguage\":\"pl-PL\",\"url\":\"https:\/\/torebunia.pl\/sklep\/wp-content\/uploads\/2021\/01\/61e35d14399f52c16c8700d4fa9bd65e7a42ed93.jpg\",\"width\":855,\"height\":1290,\"caption\":\"Nobo - Torebka\"},{\"@type\":\"WebPage\",\"@id\":\"https:\/\/torebunia.pl\/sklep\/produkt\/nobo-torebka-20\/#webpage\",\"url\":\"https:\/\/torebunia.pl\/sklep\/produkt\/nobo-torebka-20\/\",\"name\":\"Nobo - Torebka\",\"isPartOf\":{\"@id\":\"https:\/\/torebunia.pl\/sklep\/#website\"},\"primaryImageOfPage\":{\"@id\":\"https:\/\/torebunia.pl\/sklep\/produkt\/nobo-torebka-20\/#primaryimage\"},\"datePublished\":\"2020-06-24T17:33:52+00:00\",\"dateModified\":\"2021-01-27T13:40:40+00:00\",\"inLanguage\":\"pl-PL\",\"potentialAction\":[{\"@type\":\"ReadAction\",\"target\":[\"https:\/\/torebunia.pl\/sklep\/produkt\/nobo-torebka-20\/\"]}]}]}<\/script>\n<!-- \/ Yoast SEO plugin. -->","_links":{"self":[{"href":"https:\/\/torebunia.pl\/sklep\/wp-json\/wp\/v2\/product\/16844","targetHints":{"allow":["GET"]}}],"collection":[{"href":"https:\/\/torebunia.pl\/sklep\/wp-json\/wp\/v2\/product"}],"about":[{"href":"https:\/\/torebunia.pl\/sklep\/wp-json\/wp\/v2\/types\/product"}],"replies":[{"embeddable":true,"href":"https:\/\/torebunia.pl\/sklep\/wp-json\/wp\/v2\/comments?post=16844"}],"wp:featuredmedia":[{"embeddable":true,"href":"https:\/\/torebunia.pl\/sklep\/wp-json\/wp\/v2\/media\/16845"}],"wp:attachment":[{"href":"https:\/\/torebunia.pl\/sklep\/wp-json\/wp\/v2\/media?parent=16844"}],"curies":[{"name":"wp","href":"https:\/\/api.w.org\/{rel}","templated":true}]}}