{"id":16804,"date":"2020-03-18T03:11:27","date_gmt":"2020-03-18T03:11:27","guid":{"rendered":"https:\/\/torebunia.pl\/sklep\/produkt\/armani-exchange-pasek\/"},"modified":"2021-01-27T13:39:30","modified_gmt":"2021-01-27T13:39:30","slug":"armani-exchange-pasek","status":"publish","type":"product","link":"https:\/\/torebunia.pl\/sklep\/produkt\/armani-exchange-pasek\/","title":{"rendered":"Armani Exchange &#8211; Pasek"},"content":{"rendered":"<p>Parametry produktu:<\/p>\n<ul>\n<li>cena: <strong>299.9 PLN<\/strong><\/li>\n<li>marka: <strong>Armani Exchange<\/strong><\/li>\n<li>p\u0142e\u0107: <strong>Female<\/strong><\/li>\n<li>kategoria: <strong>ONA \/ Akcesoria \/ Paski<\/strong><\/li>\n<li>kolor: <strong>czarny<\/strong><\/li>\n<\/ul>\n<p>Opis:<br \/>\nPasek z kolekcji Armani Exchange. Model wykonany ze sk\u00f3ry ekologicznej. &#8211; Model zapakowany w pude\u0142ko firmowe. &#8211; D\u0142ugo\u015b\u0107 paska od pocz\u0105tku klamry do ostatniej dziurki: 90 cm. &#8211; D\u0142ugo\u015b\u0107 paska od szpilki do pierwszej dziurki: 80 cm. &#8211; Ilo\u015b\u0107 dziurek: 5. &#8211; Szeroko\u015b\u0107 paska: 3,5 cm. &#8211; D\u0142ugo\u015b\u0107 paska: 100 cm. &#8211; Wymiary podane dla paska o rozmiarze: 85. Materia\u0142: imitacja sk\u00f3ry licowej Sk\u0142ad: Materia\u0142 1: 100 % Poliester, Materia\u0142 2: 100 % Poliuretan ID produktu: 4901-PAD079 Kod producenta: 941112.0P155<\/p>\n","protected":false},"excerpt":{"rendered":"<p>Parametry produktu: cena: 299.9 PLN marka: Armani Exchange p\u0142e\u0107: Female kategoria: ONA \/ Akcesoria \/ Paski kolor: czarny Opis: Pasek z kolekcji Armani Exchange. Model wykonany ze sk\u00f3ry ekologicznej. &#8211;<\/p>\n","protected":false},"featured_media":16805,"comment_status":"closed","ping_status":"open","template":"","meta":[],"class_list":{"0":"post-16804","1":"product","2":"type-product","3":"status-publish","5":"hentry","6":"product_cat-akcesoria","7":"product_cat-ona","8":"product_cat-paski","9":"product_tag-armani-exchange","10":"product_tag-armani-exchange-pasek"},"yoast_head":"<!-- This site is optimized with the Yoast SEO plugin v15.6.2 - https:\/\/yoast.com\/wordpress\/plugins\/seo\/ -->\n<title>Armani Exchange - Pasek<\/title>\n<meta name=\"robots\" content=\"index, follow, max-snippet:-1, max-image-preview:large, max-video-preview:-1\" \/>\n<link rel=\"canonical\" href=\"https:\/\/torebunia.pl\/sklep\/produkt\/armani-exchange-pasek\/\" \/>\n<meta property=\"og:locale\" content=\"pl_PL\" \/>\n<meta property=\"og:type\" content=\"article\" \/>\n<meta property=\"og:title\" content=\"Armani Exchange - Pasek\" \/>\n<meta property=\"og:description\" content=\"Parametry produktu: cena: 299.9 PLN marka: Armani Exchange p\u0142e\u0107: Female kategoria: ONA \/ Akcesoria \/ Paski kolor: czarny Opis: Pasek z kolekcji Armani Exchange. Model wykonany ze sk\u00f3ry ekologicznej. &#8211;\" \/>\n<meta property=\"og:url\" content=\"https:\/\/torebunia.pl\/sklep\/produkt\/armani-exchange-pasek\/\" \/>\n<meta property=\"og:site_name\" content=\"Moje Blog\" \/>\n<meta property=\"article:modified_time\" content=\"2021-01-27T13:39:30+00:00\" \/>\n<meta property=\"og:image\" content=\"https:\/\/torebunia.pl\/sklep\/wp-content\/uploads\/2021\/01\/99512a64e47ad75542b78dbbe5e5817fb743f872.jpg\" \/>\n\t<meta property=\"og:image:width\" content=\"855\" \/>\n\t<meta property=\"og:image:height\" content=\"1290\" \/>\n<meta name=\"twitter:card\" content=\"summary_large_image\" \/>\n<script type=\"application\/ld+json\" class=\"yoast-schema-graph\">{\"@context\":\"https:\/\/schema.org\",\"@graph\":[{\"@type\":\"WebSite\",\"@id\":\"https:\/\/torebunia.pl\/sklep\/#website\",\"url\":\"https:\/\/torebunia.pl\/sklep\/\",\"name\":\"Moje Blog\",\"description\":\"Kolejna witryna WordPress\",\"potentialAction\":[{\"@type\":\"SearchAction\",\"target\":\"https:\/\/torebunia.pl\/sklep\/?s={search_term_string}\",\"query-input\":\"required name=search_term_string\"}],\"inLanguage\":\"pl-PL\"},{\"@type\":\"ImageObject\",\"@id\":\"https:\/\/torebunia.pl\/sklep\/produkt\/armani-exchange-pasek\/#primaryimage\",\"inLanguage\":\"pl-PL\",\"url\":\"https:\/\/torebunia.pl\/sklep\/wp-content\/uploads\/2021\/01\/99512a64e47ad75542b78dbbe5e5817fb743f872.jpg\",\"width\":855,\"height\":1290,\"caption\":\"Armani Exchange - Pasek\"},{\"@type\":\"WebPage\",\"@id\":\"https:\/\/torebunia.pl\/sklep\/produkt\/armani-exchange-pasek\/#webpage\",\"url\":\"https:\/\/torebunia.pl\/sklep\/produkt\/armani-exchange-pasek\/\",\"name\":\"Armani Exchange - Pasek\",\"isPartOf\":{\"@id\":\"https:\/\/torebunia.pl\/sklep\/#website\"},\"primaryImageOfPage\":{\"@id\":\"https:\/\/torebunia.pl\/sklep\/produkt\/armani-exchange-pasek\/#primaryimage\"},\"datePublished\":\"2020-03-18T03:11:27+00:00\",\"dateModified\":\"2021-01-27T13:39:30+00:00\",\"inLanguage\":\"pl-PL\",\"potentialAction\":[{\"@type\":\"ReadAction\",\"target\":[\"https:\/\/torebunia.pl\/sklep\/produkt\/armani-exchange-pasek\/\"]}]}]}<\/script>\n<!-- \/ Yoast SEO plugin. -->","_links":{"self":[{"href":"https:\/\/torebunia.pl\/sklep\/wp-json\/wp\/v2\/product\/16804","targetHints":{"allow":["GET"]}}],"collection":[{"href":"https:\/\/torebunia.pl\/sklep\/wp-json\/wp\/v2\/product"}],"about":[{"href":"https:\/\/torebunia.pl\/sklep\/wp-json\/wp\/v2\/types\/product"}],"replies":[{"embeddable":true,"href":"https:\/\/torebunia.pl\/sklep\/wp-json\/wp\/v2\/comments?post=16804"}],"wp:featuredmedia":[{"embeddable":true,"href":"https:\/\/torebunia.pl\/sklep\/wp-json\/wp\/v2\/media\/16805"}],"wp:attachment":[{"href":"https:\/\/torebunia.pl\/sklep\/wp-json\/wp\/v2\/media?parent=16804"}],"curies":[{"name":"wp","href":"https:\/\/api.w.org\/{rel}","templated":true}]}}