{"id":16602,"date":"2020-10-05T17:12:14","date_gmt":"2020-10-05T17:12:14","guid":{"rendered":"https:\/\/torebunia.pl\/sklep\/produkt\/adidas-originals-t-shirt-7\/"},"modified":"2021-01-27T13:33:02","modified_gmt":"2021-01-27T13:33:02","slug":"adidas-originals-t-shirt-7","status":"publish","type":"product","link":"https:\/\/torebunia.pl\/sklep\/produkt\/adidas-originals-t-shirt-7\/","title":{"rendered":"adidas Originals &#8211; T-shirt"},"content":{"rendered":"<p>Parametry produktu:<\/p>\n<ul>\n<li>cena: <strong>119.9 PLN<\/strong><\/li>\n<li>marka: <strong>adidas Originals<\/strong><\/li>\n<li>p\u0142e\u0107: <strong>Female<\/strong><\/li>\n<li>kategoria: <strong>ONA \/ Odzie\u017c \/ Topy i t-shirty \/ Z kr\u00f3tkim r\u0119kawem<\/strong><\/li>\n<li>kolor: <strong>multikolor<\/strong><\/li>\n<\/ul>\n<p>Opis:<br \/>\nT-shirt z kolekcji adidas Originals. Model wykonany z lekko elastycznej dzianiny. &#8211; Okr\u0105g\u0142y dekolt. &#8211; Lu\u017any fason. &#8211; Wzorzysta dzianina. &#8211; D\u0142ugo\u015b\u0107: 44 cm. &#8211; Szeroko\u015b\u0107 pod pachami: 47 cm. &#8211; Wymiary podane dla rozmiaru: 36. Wz\u00f3r: wzorzyste Dekolt: okr\u0105g\u0142y Materia\u0142: bawe\u0142na Wyr\u00f3\u017cnienie: crop top Okazje: casual Sk\u0142ad: 100 % Bawe\u0142na ID produktu: 4900-TSD0HN Kod producenta: GC6832<\/p>\n","protected":false},"excerpt":{"rendered":"<p>Parametry produktu: cena: 119.9 PLN marka: adidas Originals p\u0142e\u0107: Female kategoria: ONA \/ Odzie\u017c \/ Topy i t-shirty \/ Z kr\u00f3tkim r\u0119kawem kolor: multikolor Opis: T-shirt z kolekcji adidas Originals.<\/p>\n","protected":false},"featured_media":16603,"comment_status":"closed","ping_status":"open","template":"","meta":[],"class_list":{"0":"post-16602","1":"product","2":"type-product","3":"status-publish","5":"hentry","6":"product_cat-odziez","7":"product_cat-ona","8":"product_cat-topy-i-t-shirty","9":"product_cat-z-krotkim-rekawem","10":"product_tag-adidas-originals","11":"product_tag-adidas-originals-t-shirt"},"yoast_head":"<!-- This site is optimized with the Yoast SEO plugin v15.6.2 - https:\/\/yoast.com\/wordpress\/plugins\/seo\/ -->\n<title>adidas Originals - T-shirt<\/title>\n<meta name=\"robots\" content=\"index, follow, max-snippet:-1, max-image-preview:large, max-video-preview:-1\" \/>\n<link rel=\"canonical\" href=\"https:\/\/torebunia.pl\/sklep\/produkt\/adidas-originals-t-shirt-7\/\" \/>\n<meta property=\"og:locale\" content=\"pl_PL\" \/>\n<meta property=\"og:type\" content=\"article\" \/>\n<meta property=\"og:title\" content=\"adidas Originals - T-shirt\" \/>\n<meta property=\"og:description\" content=\"Parametry produktu: cena: 119.9 PLN marka: adidas Originals p\u0142e\u0107: Female kategoria: ONA \/ Odzie\u017c \/ Topy i t-shirty \/ Z kr\u00f3tkim r\u0119kawem kolor: multikolor Opis: T-shirt z kolekcji adidas Originals.\" \/>\n<meta property=\"og:url\" content=\"https:\/\/torebunia.pl\/sklep\/produkt\/adidas-originals-t-shirt-7\/\" \/>\n<meta property=\"og:site_name\" content=\"Moje Blog\" \/>\n<meta property=\"article:modified_time\" content=\"2021-01-27T13:33:02+00:00\" \/>\n<meta property=\"og:image\" content=\"https:\/\/torebunia.pl\/sklep\/wp-content\/uploads\/2021\/01\/23e62e2b55aa81faebfab0377c664b9ce454a9b9.jpg\" \/>\n\t<meta property=\"og:image:width\" content=\"855\" \/>\n\t<meta property=\"og:image:height\" content=\"1290\" \/>\n<meta name=\"twitter:card\" content=\"summary_large_image\" \/>\n<script type=\"application\/ld+json\" class=\"yoast-schema-graph\">{\"@context\":\"https:\/\/schema.org\",\"@graph\":[{\"@type\":\"WebSite\",\"@id\":\"https:\/\/torebunia.pl\/sklep\/#website\",\"url\":\"https:\/\/torebunia.pl\/sklep\/\",\"name\":\"Moje Blog\",\"description\":\"Kolejna witryna WordPress\",\"potentialAction\":[{\"@type\":\"SearchAction\",\"target\":\"https:\/\/torebunia.pl\/sklep\/?s={search_term_string}\",\"query-input\":\"required name=search_term_string\"}],\"inLanguage\":\"pl-PL\"},{\"@type\":\"ImageObject\",\"@id\":\"https:\/\/torebunia.pl\/sklep\/produkt\/adidas-originals-t-shirt-7\/#primaryimage\",\"inLanguage\":\"pl-PL\",\"url\":\"https:\/\/torebunia.pl\/sklep\/wp-content\/uploads\/2021\/01\/23e62e2b55aa81faebfab0377c664b9ce454a9b9.jpg\",\"width\":855,\"height\":1290,\"caption\":\"adidas Originals - T-shirt\"},{\"@type\":\"WebPage\",\"@id\":\"https:\/\/torebunia.pl\/sklep\/produkt\/adidas-originals-t-shirt-7\/#webpage\",\"url\":\"https:\/\/torebunia.pl\/sklep\/produkt\/adidas-originals-t-shirt-7\/\",\"name\":\"adidas Originals - T-shirt\",\"isPartOf\":{\"@id\":\"https:\/\/torebunia.pl\/sklep\/#website\"},\"primaryImageOfPage\":{\"@id\":\"https:\/\/torebunia.pl\/sklep\/produkt\/adidas-originals-t-shirt-7\/#primaryimage\"},\"datePublished\":\"2020-10-05T17:12:14+00:00\",\"dateModified\":\"2021-01-27T13:33:02+00:00\",\"inLanguage\":\"pl-PL\",\"potentialAction\":[{\"@type\":\"ReadAction\",\"target\":[\"https:\/\/torebunia.pl\/sklep\/produkt\/adidas-originals-t-shirt-7\/\"]}]}]}<\/script>\n<!-- \/ Yoast SEO plugin. -->","_links":{"self":[{"href":"https:\/\/torebunia.pl\/sklep\/wp-json\/wp\/v2\/product\/16602","targetHints":{"allow":["GET"]}}],"collection":[{"href":"https:\/\/torebunia.pl\/sklep\/wp-json\/wp\/v2\/product"}],"about":[{"href":"https:\/\/torebunia.pl\/sklep\/wp-json\/wp\/v2\/types\/product"}],"replies":[{"embeddable":true,"href":"https:\/\/torebunia.pl\/sklep\/wp-json\/wp\/v2\/comments?post=16602"}],"wp:featuredmedia":[{"embeddable":true,"href":"https:\/\/torebunia.pl\/sklep\/wp-json\/wp\/v2\/media\/16603"}],"wp:attachment":[{"href":"https:\/\/torebunia.pl\/sklep\/wp-json\/wp\/v2\/media?parent=16602"}],"curies":[{"name":"wp","href":"https:\/\/api.w.org\/{rel}","templated":true}]}}