{"id":16582,"date":"2020-08-03T10:01:23","date_gmt":"2020-08-03T10:01:23","guid":{"rendered":"https:\/\/torebunia.pl\/sklep\/produkt\/guess-rekawiczki\/"},"modified":"2021-01-27T12:58:17","modified_gmt":"2021-01-27T12:58:17","slug":"guess-rekawiczki","status":"publish","type":"product","link":"https:\/\/torebunia.pl\/sklep\/produkt\/guess-rekawiczki\/","title":{"rendered":"Guess &#8211; R\u0119kawiczki"},"content":{"rendered":"<p>Parametry produktu:<\/p>\n<ul>\n<li>cena: <strong>259.9 PLN<\/strong><\/li>\n<li>marka: <strong>Guess<\/strong><\/li>\n<li>p\u0142e\u0107: <strong>Female<\/strong><\/li>\n<li>kategoria: <strong>ONA \/ Akcesoria \/ R\u0119kawiczki<\/strong><\/li>\n<li>kolor: <strong>czarny<\/strong><\/li>\n<\/ul>\n<p>Opis:<br \/>\nR\u0119kawiczki z kolekcji Guess. Model wykonany ze sk\u00f3ry ekologicznej. Wz\u00f3r: drobny wz\u00f3r Materia\u0142: imitacja sk\u00f3ry licowej Sk\u0142ad: 100 % Poliuretan ID produktu: 4900-RED03S Kod producenta: AW8545.POL02<\/p>\n","protected":false},"excerpt":{"rendered":"<p>Parametry produktu: cena: 259.9 PLN marka: Guess p\u0142e\u0107: Female kategoria: ONA \/ Akcesoria \/ R\u0119kawiczki kolor: czarny Opis: R\u0119kawiczki z kolekcji Guess. Model wykonany ze sk\u00f3ry ekologicznej. Wz\u00f3r: drobny wz\u00f3r<\/p>\n","protected":false},"featured_media":16583,"comment_status":"closed","ping_status":"open","template":"","meta":[],"class_list":{"0":"post-16582","1":"product","2":"type-product","3":"status-publish","5":"hentry","6":"product_cat-akcesoria","7":"product_cat-ona","8":"product_cat-rekawiczki","9":"product_tag-guess","10":"product_tag-guess-rekawiczki"},"yoast_head":"<!-- This site is optimized with the Yoast SEO plugin v15.6.2 - https:\/\/yoast.com\/wordpress\/plugins\/seo\/ -->\n<title>Guess - R\u0119kawiczki<\/title>\n<meta name=\"robots\" content=\"index, follow, max-snippet:-1, max-image-preview:large, max-video-preview:-1\" \/>\n<link rel=\"canonical\" href=\"https:\/\/torebunia.pl\/sklep\/produkt\/guess-rekawiczki\/\" \/>\n<meta property=\"og:locale\" content=\"pl_PL\" \/>\n<meta property=\"og:type\" content=\"article\" \/>\n<meta property=\"og:title\" content=\"Guess - R\u0119kawiczki\" \/>\n<meta property=\"og:description\" content=\"Parametry produktu: cena: 259.9 PLN marka: Guess p\u0142e\u0107: Female kategoria: ONA \/ Akcesoria \/ R\u0119kawiczki kolor: czarny Opis: R\u0119kawiczki z kolekcji Guess. Model wykonany ze sk\u00f3ry ekologicznej. Wz\u00f3r: drobny wz\u00f3r\" \/>\n<meta property=\"og:url\" content=\"https:\/\/torebunia.pl\/sklep\/produkt\/guess-rekawiczki\/\" \/>\n<meta property=\"og:site_name\" content=\"Moje Blog\" \/>\n<meta property=\"article:modified_time\" content=\"2021-01-27T12:58:17+00:00\" \/>\n<meta property=\"og:image\" content=\"https:\/\/torebunia.pl\/sklep\/wp-content\/uploads\/2021\/01\/34f76ea3f2996af26d267b68f27bd075796200e3.jpg\" \/>\n\t<meta property=\"og:image:width\" content=\"855\" \/>\n\t<meta property=\"og:image:height\" content=\"1290\" \/>\n<meta name=\"twitter:card\" content=\"summary_large_image\" \/>\n<script type=\"application\/ld+json\" class=\"yoast-schema-graph\">{\"@context\":\"https:\/\/schema.org\",\"@graph\":[{\"@type\":\"WebSite\",\"@id\":\"https:\/\/torebunia.pl\/sklep\/#website\",\"url\":\"https:\/\/torebunia.pl\/sklep\/\",\"name\":\"Moje Blog\",\"description\":\"Kolejna witryna WordPress\",\"potentialAction\":[{\"@type\":\"SearchAction\",\"target\":\"https:\/\/torebunia.pl\/sklep\/?s={search_term_string}\",\"query-input\":\"required name=search_term_string\"}],\"inLanguage\":\"pl-PL\"},{\"@type\":\"ImageObject\",\"@id\":\"https:\/\/torebunia.pl\/sklep\/produkt\/guess-rekawiczki\/#primaryimage\",\"inLanguage\":\"pl-PL\",\"url\":\"https:\/\/torebunia.pl\/sklep\/wp-content\/uploads\/2021\/01\/34f76ea3f2996af26d267b68f27bd075796200e3.jpg\",\"width\":855,\"height\":1290,\"caption\":\"Guess - R\\u0119kawiczki\"},{\"@type\":\"WebPage\",\"@id\":\"https:\/\/torebunia.pl\/sklep\/produkt\/guess-rekawiczki\/#webpage\",\"url\":\"https:\/\/torebunia.pl\/sklep\/produkt\/guess-rekawiczki\/\",\"name\":\"Guess - R\\u0119kawiczki\",\"isPartOf\":{\"@id\":\"https:\/\/torebunia.pl\/sklep\/#website\"},\"primaryImageOfPage\":{\"@id\":\"https:\/\/torebunia.pl\/sklep\/produkt\/guess-rekawiczki\/#primaryimage\"},\"datePublished\":\"2020-08-03T10:01:23+00:00\",\"dateModified\":\"2021-01-27T12:58:17+00:00\",\"inLanguage\":\"pl-PL\",\"potentialAction\":[{\"@type\":\"ReadAction\",\"target\":[\"https:\/\/torebunia.pl\/sklep\/produkt\/guess-rekawiczki\/\"]}]}]}<\/script>\n<!-- \/ Yoast SEO plugin. -->","_links":{"self":[{"href":"https:\/\/torebunia.pl\/sklep\/wp-json\/wp\/v2\/product\/16582","targetHints":{"allow":["GET"]}}],"collection":[{"href":"https:\/\/torebunia.pl\/sklep\/wp-json\/wp\/v2\/product"}],"about":[{"href":"https:\/\/torebunia.pl\/sklep\/wp-json\/wp\/v2\/types\/product"}],"replies":[{"embeddable":true,"href":"https:\/\/torebunia.pl\/sklep\/wp-json\/wp\/v2\/comments?post=16582"}],"wp:featuredmedia":[{"embeddable":true,"href":"https:\/\/torebunia.pl\/sklep\/wp-json\/wp\/v2\/media\/16583"}],"wp:attachment":[{"href":"https:\/\/torebunia.pl\/sklep\/wp-json\/wp\/v2\/media?parent=16582"}],"curies":[{"name":"wp","href":"https:\/\/api.w.org\/{rel}","templated":true}]}}