{"id":16574,"date":"2020-04-16T18:42:21","date_gmt":"2020-04-16T18:42:21","guid":{"rendered":"https:\/\/torebunia.pl\/sklep\/produkt\/pinko-szorty\/"},"modified":"2021-01-27T12:58:00","modified_gmt":"2021-01-27T12:58:00","slug":"pinko-szorty","status":"publish","type":"product","link":"https:\/\/torebunia.pl\/sklep\/produkt\/pinko-szorty\/","title":{"rendered":"Pinko &#8211; Szorty"},"content":{"rendered":"<p>Parametry produktu:<\/p>\n<ul>\n<li>cena: <strong>659.9 PLN<\/strong><\/li>\n<li>marka: <strong>Pinko<\/strong><\/li>\n<li>p\u0142e\u0107: <strong>Female<\/strong><\/li>\n<li>kategoria: <strong>ONA \/ Odzie\u017c \/ Szorty<\/strong><\/li>\n<li>kolor: <strong>czarny<\/strong><\/li>\n<\/ul>\n<p>Opis:<br \/>\nDost\u0119pne rozmiary s\u0105 przeliczone z w\u0142oskiej rozmiar\u00f3wki producenta na standardow\u0105 rozmiar\u00f3wk\u0119 europejsk\u0105. Zamawiany rozmiar mo\u017ce r\u00f3\u017cni\u0107 si\u0119 od widocznego na metce (IT 38\/XXS = EU XS). Dla pewno\u015bci prosimy o zapoznanie si\u0119 z tabel\u0105 rozmiarow\u0105. Szorty z kolekcji Pinko. Model wykonany z wzorzystego materia\u0142u. Uwaga: oryginalna rozmiar\u00f3wka produkt\u00f3w tej marki jest rozmiar\u00f3wk\u0105 w\u0142osk\u0105. Informujemy, \u017ce rozmiary na metkach mog\u0105 r\u00f3\u017cni\u0107 si\u0119 od zamawianych ze wzgl\u0119du na zastosowany przelicznik. &#8211; Prosty fason. &#8211; Podwy\u017cszona talia. &#8211; Zapi\u0119cie na kryty suwak. &#8211; Wzorzysta tkanina. Wz\u00f3r: wzorzyste Materia\u0142: tkanina Materia\u0142: z elastanem Okazje: casual Talia: high Sk\u0142ad: Materia\u0142 zasadniczy: 26 % Akryl, 73 % Bawe\u0142na, 1 % Elastan, Podszewka 1: 100 % Poliester, Podszewka 2: 35 % Bawe\u0142na, 65 % Poliester ID produktu: 4891-SZD05D Kod producenta: 1Q1078.8406<\/p>\n","protected":false},"excerpt":{"rendered":"<p>Parametry produktu: cena: 659.9 PLN marka: Pinko p\u0142e\u0107: Female kategoria: ONA \/ Odzie\u017c \/ Szorty kolor: czarny Opis: Dost\u0119pne rozmiary s\u0105 przeliczone z w\u0142oskiej rozmiar\u00f3wki producenta na standardow\u0105 rozmiar\u00f3wk\u0119 europejsk\u0105.<\/p>\n","protected":false},"featured_media":16575,"comment_status":"closed","ping_status":"open","template":"","meta":[],"class_list":{"0":"post-16574","1":"product","2":"type-product","3":"status-publish","5":"hentry","6":"product_cat-odziez","7":"product_cat-ona","8":"product_cat-szorty","9":"product_tag-pinko","10":"product_tag-pinko-szorty"},"yoast_head":"<!-- This site is optimized with the Yoast SEO plugin v15.6.2 - https:\/\/yoast.com\/wordpress\/plugins\/seo\/ -->\n<title>Pinko - Szorty<\/title>\n<meta name=\"robots\" content=\"index, follow, max-snippet:-1, max-image-preview:large, max-video-preview:-1\" \/>\n<link rel=\"canonical\" href=\"https:\/\/torebunia.pl\/sklep\/produkt\/pinko-szorty\/\" \/>\n<meta property=\"og:locale\" content=\"pl_PL\" \/>\n<meta property=\"og:type\" content=\"article\" \/>\n<meta property=\"og:title\" content=\"Pinko - Szorty\" \/>\n<meta property=\"og:description\" content=\"Parametry produktu: cena: 659.9 PLN marka: Pinko p\u0142e\u0107: Female kategoria: ONA \/ Odzie\u017c \/ Szorty kolor: czarny Opis: Dost\u0119pne rozmiary s\u0105 przeliczone z w\u0142oskiej rozmiar\u00f3wki producenta na standardow\u0105 rozmiar\u00f3wk\u0119 europejsk\u0105.\" \/>\n<meta property=\"og:url\" content=\"https:\/\/torebunia.pl\/sklep\/produkt\/pinko-szorty\/\" \/>\n<meta property=\"og:site_name\" content=\"Moje Blog\" \/>\n<meta property=\"article:modified_time\" content=\"2021-01-27T12:58:00+00:00\" \/>\n<meta property=\"og:image\" content=\"https:\/\/torebunia.pl\/sklep\/wp-content\/uploads\/2021\/01\/6ea16c66cc05cf4f9e4ec254e6d4cb56b5b5d534.jpg\" \/>\n\t<meta property=\"og:image:width\" content=\"855\" \/>\n\t<meta property=\"og:image:height\" content=\"1290\" \/>\n<meta name=\"twitter:card\" content=\"summary_large_image\" \/>\n<meta name=\"twitter:label1\" content=\"Est. reading time\">\n\t<meta name=\"twitter:data1\" content=\"1 minuta\">\n<script type=\"application\/ld+json\" class=\"yoast-schema-graph\">{\"@context\":\"https:\/\/schema.org\",\"@graph\":[{\"@type\":\"WebSite\",\"@id\":\"https:\/\/torebunia.pl\/sklep\/#website\",\"url\":\"https:\/\/torebunia.pl\/sklep\/\",\"name\":\"Moje Blog\",\"description\":\"Kolejna witryna WordPress\",\"potentialAction\":[{\"@type\":\"SearchAction\",\"target\":\"https:\/\/torebunia.pl\/sklep\/?s={search_term_string}\",\"query-input\":\"required name=search_term_string\"}],\"inLanguage\":\"pl-PL\"},{\"@type\":\"ImageObject\",\"@id\":\"https:\/\/torebunia.pl\/sklep\/produkt\/pinko-szorty\/#primaryimage\",\"inLanguage\":\"pl-PL\",\"url\":\"https:\/\/torebunia.pl\/sklep\/wp-content\/uploads\/2021\/01\/6ea16c66cc05cf4f9e4ec254e6d4cb56b5b5d534.jpg\",\"width\":855,\"height\":1290,\"caption\":\"Pinko - Szorty\"},{\"@type\":\"WebPage\",\"@id\":\"https:\/\/torebunia.pl\/sklep\/produkt\/pinko-szorty\/#webpage\",\"url\":\"https:\/\/torebunia.pl\/sklep\/produkt\/pinko-szorty\/\",\"name\":\"Pinko - Szorty\",\"isPartOf\":{\"@id\":\"https:\/\/torebunia.pl\/sklep\/#website\"},\"primaryImageOfPage\":{\"@id\":\"https:\/\/torebunia.pl\/sklep\/produkt\/pinko-szorty\/#primaryimage\"},\"datePublished\":\"2020-04-16T18:42:21+00:00\",\"dateModified\":\"2021-01-27T12:58:00+00:00\",\"inLanguage\":\"pl-PL\",\"potentialAction\":[{\"@type\":\"ReadAction\",\"target\":[\"https:\/\/torebunia.pl\/sklep\/produkt\/pinko-szorty\/\"]}]}]}<\/script>\n<!-- \/ Yoast SEO plugin. -->","_links":{"self":[{"href":"https:\/\/torebunia.pl\/sklep\/wp-json\/wp\/v2\/product\/16574","targetHints":{"allow":["GET"]}}],"collection":[{"href":"https:\/\/torebunia.pl\/sklep\/wp-json\/wp\/v2\/product"}],"about":[{"href":"https:\/\/torebunia.pl\/sklep\/wp-json\/wp\/v2\/types\/product"}],"replies":[{"embeddable":true,"href":"https:\/\/torebunia.pl\/sklep\/wp-json\/wp\/v2\/comments?post=16574"}],"wp:featuredmedia":[{"embeddable":true,"href":"https:\/\/torebunia.pl\/sklep\/wp-json\/wp\/v2\/media\/16575"}],"wp:attachment":[{"href":"https:\/\/torebunia.pl\/sklep\/wp-json\/wp\/v2\/media?parent=16574"}],"curies":[{"name":"wp","href":"https:\/\/api.w.org\/{rel}","templated":true}]}}