{"id":16420,"date":"2020-07-11T09:34:48","date_gmt":"2020-07-11T09:34:48","guid":{"rendered":"https:\/\/torebunia.pl\/sklep\/produkt\/lee-jeansy-scarlett-4\/"},"modified":"2021-01-27T12:50:23","modified_gmt":"2021-01-27T12:50:23","slug":"lee-jeansy-scarlett-4","status":"publish","type":"product","link":"https:\/\/torebunia.pl\/sklep\/produkt\/lee-jeansy-scarlett-4\/","title":{"rendered":"Lee &#8211; Jeansy Scarlett"},"content":{"rendered":"<p>Parametry produktu:<\/p>\n<ul>\n<li>cena: <strong>329.9 PLN<\/strong><\/li>\n<li>marka: <strong>Lee<\/strong><\/li>\n<li>p\u0142e\u0107: <strong>Female<\/strong><\/li>\n<li>kategoria: <strong>ONA \/ Odzie\u017c \/ Jeansy<\/strong><\/li>\n<li>kolor: <strong>niebieski<\/strong><\/li>\n<\/ul>\n<p>Opis:<br \/>\nJeansy z kolekcji Lee w fasonie skinny z regularn\u0105 tali\u0105. Model wykonany ze spranego denimu. &#8211; Fason skinny. &#8211; Wsuwane kieszenie. &#8211; Regularna talia. &#8211; Zapi\u0119cie na guzik i suwak. &#8211; Szeroko\u015b\u0107 w pasie: 34 cm. &#8211; Szeroko\u015b\u0107 w biodrach: 44 cm. &#8211; Wysoko\u015b\u0107 stanu: 21 cm. &#8211; Szeroko\u015b\u0107 nogawki na dole: 13 cm. &#8211; Szeroko\u015b\u0107 nogawki: 24 cm. &#8211; D\u0142ugo\u015b\u0107: 92 cm. &#8211; Wymiary podane dla rozmiaru: 27\/31. Sk\u0142ad: 89 % Bawe\u0142na, 2 % Elastan, 9 % Poliester ID produktu: 4900-SJD0C3 Kod producenta: L526PVQL<\/p>\n","protected":false},"excerpt":{"rendered":"<p>Parametry produktu: cena: 329.9 PLN marka: Lee p\u0142e\u0107: Female kategoria: ONA \/ Odzie\u017c \/ Jeansy kolor: niebieski Opis: Jeansy z kolekcji Lee w fasonie skinny z regularn\u0105 tali\u0105. Model wykonany<\/p>\n","protected":false},"featured_media":16421,"comment_status":"closed","ping_status":"open","template":"","meta":[],"class_list":{"0":"post-16420","1":"product","2":"type-product","3":"status-publish","5":"hentry","6":"product_cat-jeansy","7":"product_cat-odziez","8":"product_cat-ona","9":"product_tag-lee","10":"product_tag-lee-jeansy-scarlett"},"yoast_head":"<!-- This site is optimized with the Yoast SEO plugin v15.6.2 - https:\/\/yoast.com\/wordpress\/plugins\/seo\/ -->\n<title>Lee - Jeansy Scarlett<\/title>\n<meta name=\"robots\" content=\"index, follow, max-snippet:-1, max-image-preview:large, max-video-preview:-1\" \/>\n<link rel=\"canonical\" href=\"https:\/\/torebunia.pl\/sklep\/produkt\/lee-jeansy-scarlett-4\/\" \/>\n<meta property=\"og:locale\" content=\"pl_PL\" \/>\n<meta property=\"og:type\" content=\"article\" \/>\n<meta property=\"og:title\" content=\"Lee - Jeansy Scarlett\" \/>\n<meta property=\"og:description\" content=\"Parametry produktu: cena: 329.9 PLN marka: Lee p\u0142e\u0107: Female kategoria: ONA \/ Odzie\u017c \/ Jeansy kolor: niebieski Opis: Jeansy z kolekcji Lee w fasonie skinny z regularn\u0105 tali\u0105. Model wykonany\" \/>\n<meta property=\"og:url\" content=\"https:\/\/torebunia.pl\/sklep\/produkt\/lee-jeansy-scarlett-4\/\" \/>\n<meta property=\"og:site_name\" content=\"Moje Blog\" \/>\n<meta property=\"article:modified_time\" content=\"2021-01-27T12:50:23+00:00\" \/>\n<meta property=\"og:image\" content=\"https:\/\/torebunia.pl\/sklep\/wp-content\/uploads\/2021\/01\/b733970b571d5e2f8ed12df8d2eac37d27ba8069-1.jpg\" \/>\n\t<meta property=\"og:image:width\" content=\"855\" \/>\n\t<meta property=\"og:image:height\" content=\"1290\" \/>\n<meta name=\"twitter:card\" content=\"summary_large_image\" \/>\n<script type=\"application\/ld+json\" class=\"yoast-schema-graph\">{\"@context\":\"https:\/\/schema.org\",\"@graph\":[{\"@type\":\"WebSite\",\"@id\":\"https:\/\/torebunia.pl\/sklep\/#website\",\"url\":\"https:\/\/torebunia.pl\/sklep\/\",\"name\":\"Moje Blog\",\"description\":\"Kolejna witryna WordPress\",\"potentialAction\":[{\"@type\":\"SearchAction\",\"target\":\"https:\/\/torebunia.pl\/sklep\/?s={search_term_string}\",\"query-input\":\"required name=search_term_string\"}],\"inLanguage\":\"pl-PL\"},{\"@type\":\"ImageObject\",\"@id\":\"https:\/\/torebunia.pl\/sklep\/produkt\/lee-jeansy-scarlett-4\/#primaryimage\",\"inLanguage\":\"pl-PL\",\"url\":\"https:\/\/torebunia.pl\/sklep\/wp-content\/uploads\/2021\/01\/b733970b571d5e2f8ed12df8d2eac37d27ba8069-1.jpg\",\"width\":855,\"height\":1290,\"caption\":\"Lee - Jeansy Scarlett\"},{\"@type\":\"WebPage\",\"@id\":\"https:\/\/torebunia.pl\/sklep\/produkt\/lee-jeansy-scarlett-4\/#webpage\",\"url\":\"https:\/\/torebunia.pl\/sklep\/produkt\/lee-jeansy-scarlett-4\/\",\"name\":\"Lee - Jeansy Scarlett\",\"isPartOf\":{\"@id\":\"https:\/\/torebunia.pl\/sklep\/#website\"},\"primaryImageOfPage\":{\"@id\":\"https:\/\/torebunia.pl\/sklep\/produkt\/lee-jeansy-scarlett-4\/#primaryimage\"},\"datePublished\":\"2020-07-11T09:34:48+00:00\",\"dateModified\":\"2021-01-27T12:50:23+00:00\",\"inLanguage\":\"pl-PL\",\"potentialAction\":[{\"@type\":\"ReadAction\",\"target\":[\"https:\/\/torebunia.pl\/sklep\/produkt\/lee-jeansy-scarlett-4\/\"]}]}]}<\/script>\n<!-- \/ Yoast SEO plugin. -->","_links":{"self":[{"href":"https:\/\/torebunia.pl\/sklep\/wp-json\/wp\/v2\/product\/16420","targetHints":{"allow":["GET"]}}],"collection":[{"href":"https:\/\/torebunia.pl\/sklep\/wp-json\/wp\/v2\/product"}],"about":[{"href":"https:\/\/torebunia.pl\/sklep\/wp-json\/wp\/v2\/types\/product"}],"replies":[{"embeddable":true,"href":"https:\/\/torebunia.pl\/sklep\/wp-json\/wp\/v2\/comments?post=16420"}],"wp:featuredmedia":[{"embeddable":true,"href":"https:\/\/torebunia.pl\/sklep\/wp-json\/wp\/v2\/media\/16421"}],"wp:attachment":[{"href":"https:\/\/torebunia.pl\/sklep\/wp-json\/wp\/v2\/media?parent=16420"}],"curies":[{"name":"wp","href":"https:\/\/api.w.org\/{rel}","templated":true}]}}