{"id":16400,"date":"2020-08-20T08:18:06","date_gmt":"2020-08-20T08:18:06","guid":{"rendered":"https:\/\/torebunia.pl\/sklep\/produkt\/vila-plaszcz-3\/"},"modified":"2021-01-27T12:49:42","modified_gmt":"2021-01-27T12:49:42","slug":"vila-plaszcz-3","status":"publish","type":"product","link":"https:\/\/torebunia.pl\/sklep\/produkt\/vila-plaszcz-3\/","title":{"rendered":"Vila &#8211; P\u0142aszcz"},"content":{"rendered":"<p>Parametry produktu:<\/p>\n<ul>\n<li>cena: <strong>219.9 PLN<\/strong><\/li>\n<li>marka: <strong>Vila<\/strong><\/li>\n<li>p\u0142e\u0107: <strong>Female<\/strong><\/li>\n<li>kategoria: <strong>ONA \/ Odzie\u017c \/ Kurtki i p\u0142aszcze \/ P\u0142aszcze<\/strong><\/li>\n<li>kolor: <strong>piaskowy<\/strong><\/li>\n<\/ul>\n<p>Opis:<br \/>\nP\u0142aszcz z kolekcji Vila. Nieocieplony model wykonany z imitacji zamszu. &#8211; Prosty fason. &#8211; Wsuwane kieszenie. &#8211; G\u0142adka tkanina. &#8211; W talii pasek. &#8211; Klasyczne klapy. &#8211; D\u0142ugo\u015b\u0107 r\u0119kawa: 61 cm. &#8211; D\u0142ugo\u015b\u0107: 90 cm. &#8211; Szeroko\u015b\u0107 pod pachami: 47 cm. &#8211; Szeroko\u015b\u0107 w ramionach: 40 cm. &#8211; Wymiary podane dla rozmiaru: S. Podszewka: bez podszewki Kaptur: bez kaptura Ocieplenie: nieocieplane Materia\u0142: imitacja zamszu Sk\u0142ad: 8 % Elastan, 92 % Poliester ID produktu: 100-KPD00N Kod producenta: 14059362<\/p>\n","protected":false},"excerpt":{"rendered":"<p>Parametry produktu: cena: 219.9 PLN marka: Vila p\u0142e\u0107: Female kategoria: ONA \/ Odzie\u017c \/ Kurtki i p\u0142aszcze \/ P\u0142aszcze kolor: piaskowy Opis: P\u0142aszcz z kolekcji Vila. Nieocieplony model wykonany z<\/p>\n","protected":false},"featured_media":16401,"comment_status":"closed","ping_status":"open","template":"","meta":[],"class_list":{"0":"post-16400","1":"product","2":"type-product","3":"status-publish","5":"hentry","6":"product_cat-kurtki-i-plaszcze","7":"product_cat-odziez","8":"product_cat-ona","9":"product_cat-plaszcze","10":"product_tag-vila","11":"product_tag-vila-plaszcz"},"yoast_head":"<!-- This site is optimized with the Yoast SEO plugin v15.6.2 - https:\/\/yoast.com\/wordpress\/plugins\/seo\/ -->\n<title>Vila - P\u0142aszcz<\/title>\n<meta name=\"robots\" content=\"index, follow, max-snippet:-1, max-image-preview:large, max-video-preview:-1\" \/>\n<link rel=\"canonical\" href=\"https:\/\/torebunia.pl\/sklep\/produkt\/vila-plaszcz-3\/\" \/>\n<meta property=\"og:locale\" content=\"pl_PL\" \/>\n<meta property=\"og:type\" content=\"article\" \/>\n<meta property=\"og:title\" content=\"Vila - P\u0142aszcz\" \/>\n<meta property=\"og:description\" content=\"Parametry produktu: cena: 219.9 PLN marka: Vila p\u0142e\u0107: Female kategoria: ONA \/ Odzie\u017c \/ Kurtki i p\u0142aszcze \/ P\u0142aszcze kolor: piaskowy Opis: P\u0142aszcz z kolekcji Vila. Nieocieplony model wykonany z\" \/>\n<meta property=\"og:url\" content=\"https:\/\/torebunia.pl\/sklep\/produkt\/vila-plaszcz-3\/\" \/>\n<meta property=\"og:site_name\" content=\"Moje Blog\" \/>\n<meta property=\"article:modified_time\" content=\"2021-01-27T12:49:42+00:00\" \/>\n<meta property=\"og:image\" content=\"https:\/\/torebunia.pl\/sklep\/wp-content\/uploads\/2021\/01\/4e2ddad11572bc5bc64ed9c4aac959f3f018902d.jpg\" \/>\n\t<meta property=\"og:image:width\" content=\"855\" \/>\n\t<meta property=\"og:image:height\" content=\"1290\" \/>\n<meta name=\"twitter:card\" content=\"summary_large_image\" \/>\n<script type=\"application\/ld+json\" class=\"yoast-schema-graph\">{\"@context\":\"https:\/\/schema.org\",\"@graph\":[{\"@type\":\"WebSite\",\"@id\":\"https:\/\/torebunia.pl\/sklep\/#website\",\"url\":\"https:\/\/torebunia.pl\/sklep\/\",\"name\":\"Moje Blog\",\"description\":\"Kolejna witryna WordPress\",\"potentialAction\":[{\"@type\":\"SearchAction\",\"target\":\"https:\/\/torebunia.pl\/sklep\/?s={search_term_string}\",\"query-input\":\"required name=search_term_string\"}],\"inLanguage\":\"pl-PL\"},{\"@type\":\"ImageObject\",\"@id\":\"https:\/\/torebunia.pl\/sklep\/produkt\/vila-plaszcz-3\/#primaryimage\",\"inLanguage\":\"pl-PL\",\"url\":\"https:\/\/torebunia.pl\/sklep\/wp-content\/uploads\/2021\/01\/4e2ddad11572bc5bc64ed9c4aac959f3f018902d.jpg\",\"width\":855,\"height\":1290,\"caption\":\"Vila - P\\u0142aszcz\"},{\"@type\":\"WebPage\",\"@id\":\"https:\/\/torebunia.pl\/sklep\/produkt\/vila-plaszcz-3\/#webpage\",\"url\":\"https:\/\/torebunia.pl\/sklep\/produkt\/vila-plaszcz-3\/\",\"name\":\"Vila - P\\u0142aszcz\",\"isPartOf\":{\"@id\":\"https:\/\/torebunia.pl\/sklep\/#website\"},\"primaryImageOfPage\":{\"@id\":\"https:\/\/torebunia.pl\/sklep\/produkt\/vila-plaszcz-3\/#primaryimage\"},\"datePublished\":\"2020-08-20T08:18:06+00:00\",\"dateModified\":\"2021-01-27T12:49:42+00:00\",\"inLanguage\":\"pl-PL\",\"potentialAction\":[{\"@type\":\"ReadAction\",\"target\":[\"https:\/\/torebunia.pl\/sklep\/produkt\/vila-plaszcz-3\/\"]}]}]}<\/script>\n<!-- \/ Yoast SEO plugin. -->","_links":{"self":[{"href":"https:\/\/torebunia.pl\/sklep\/wp-json\/wp\/v2\/product\/16400","targetHints":{"allow":["GET"]}}],"collection":[{"href":"https:\/\/torebunia.pl\/sklep\/wp-json\/wp\/v2\/product"}],"about":[{"href":"https:\/\/torebunia.pl\/sklep\/wp-json\/wp\/v2\/types\/product"}],"replies":[{"embeddable":true,"href":"https:\/\/torebunia.pl\/sklep\/wp-json\/wp\/v2\/comments?post=16400"}],"wp:featuredmedia":[{"embeddable":true,"href":"https:\/\/torebunia.pl\/sklep\/wp-json\/wp\/v2\/media\/16401"}],"wp:attachment":[{"href":"https:\/\/torebunia.pl\/sklep\/wp-json\/wp\/v2\/media?parent=16400"}],"curies":[{"name":"wp","href":"https:\/\/api.w.org\/{rel}","templated":true}]}}