{"id":1635,"date":"2020-12-09T09:16:02","date_gmt":"2020-12-09T09:16:02","guid":{"rendered":"https:\/\/torebunia.pl\/sklep\/produkt\/diesel-czapka\/"},"modified":"2021-01-25T14:07:11","modified_gmt":"2021-01-25T14:07:11","slug":"diesel-czapka","status":"publish","type":"product","link":"https:\/\/torebunia.pl\/sklep\/produkt\/diesel-czapka\/","title":{"rendered":"Diesel &#8211; Czapka"},"content":{"rendered":"<p>Parametry produktu:<\/p>\n<ul>\n<li>cena: <strong>299.9 PLN<\/strong><\/li>\n<li>marka: <strong>Diesel<\/strong><\/li>\n<li>p\u0142e\u0107: <strong>Female<\/strong><\/li>\n<li>kategoria: <strong>ONA \/ ON \/ Akcesoria \/ Czapki i kapelusze<\/strong><\/li>\n<li>kolor: <strong>czarny<\/strong><\/li>\n<\/ul>\n<p>Opis:<br \/>\nCzapka z kolekcji Diesel. Model wykonany z dzianiny z aplikacj\u0105. Wz\u00f3r: aplikacja Materia\u0142: bawe\u0142na Dzianina: \u015bredniej grubo\u015bci Sk\u0142ad: 100 % Bawe\u0142na ID produktu: 4900-CAU00N Kod producenta: A01472.0SBAJ<\/p>\n","protected":false},"excerpt":{"rendered":"<p>Parametry produktu: cena: 299.9 PLN marka: Diesel p\u0142e\u0107: Female kategoria: ONA \/ ON \/ Akcesoria \/ Czapki i kapelusze kolor: czarny Opis: Czapka z kolekcji Diesel. Model wykonany z dzianiny<\/p>\n","protected":false},"featured_media":1636,"comment_status":"closed","ping_status":"open","template":"","meta":[],"class_list":{"0":"post-1635","1":"product","2":"type-product","3":"status-publish","5":"hentry","6":"product_cat-akcesoria","7":"product_cat-czapki-i-kapelusze","8":"product_cat-on","9":"product_cat-ona","10":"product_tag-diesel","11":"product_tag-diesel-czapka"},"yoast_head":"<!-- This site is optimized with the Yoast SEO plugin v15.6.2 - https:\/\/yoast.com\/wordpress\/plugins\/seo\/ -->\n<title>Diesel - Czapka<\/title>\n<meta name=\"robots\" content=\"index, follow, max-snippet:-1, max-image-preview:large, max-video-preview:-1\" \/>\n<link rel=\"canonical\" href=\"https:\/\/torebunia.pl\/sklep\/produkt\/diesel-czapka\/\" \/>\n<meta property=\"og:locale\" content=\"pl_PL\" \/>\n<meta property=\"og:type\" content=\"article\" \/>\n<meta property=\"og:title\" content=\"Diesel - Czapka\" \/>\n<meta property=\"og:description\" content=\"Parametry produktu: cena: 299.9 PLN marka: Diesel p\u0142e\u0107: Female kategoria: ONA \/ ON \/ Akcesoria \/ Czapki i kapelusze kolor: czarny Opis: Czapka z kolekcji Diesel. Model wykonany z dzianiny\" \/>\n<meta property=\"og:url\" content=\"https:\/\/torebunia.pl\/sklep\/produkt\/diesel-czapka\/\" \/>\n<meta property=\"og:site_name\" content=\"Moje Blog\" \/>\n<meta property=\"article:modified_time\" content=\"2021-01-25T14:07:11+00:00\" \/>\n<meta property=\"og:image\" content=\"https:\/\/torebunia.pl\/sklep\/wp-content\/uploads\/2021\/01\/0ea6d9a68979d81de36b7b79049f3bd839d99e86.jpg\" \/>\n\t<meta property=\"og:image:width\" content=\"855\" \/>\n\t<meta property=\"og:image:height\" content=\"1290\" \/>\n<meta name=\"twitter:card\" content=\"summary_large_image\" \/>\n<script type=\"application\/ld+json\" class=\"yoast-schema-graph\">{\"@context\":\"https:\/\/schema.org\",\"@graph\":[{\"@type\":\"WebSite\",\"@id\":\"https:\/\/torebunia.pl\/sklep\/#website\",\"url\":\"https:\/\/torebunia.pl\/sklep\/\",\"name\":\"Moje Blog\",\"description\":\"Kolejna witryna WordPress\",\"potentialAction\":[{\"@type\":\"SearchAction\",\"target\":\"https:\/\/torebunia.pl\/sklep\/?s={search_term_string}\",\"query-input\":\"required name=search_term_string\"}],\"inLanguage\":\"pl-PL\"},{\"@type\":\"ImageObject\",\"@id\":\"https:\/\/torebunia.pl\/sklep\/produkt\/diesel-czapka\/#primaryimage\",\"inLanguage\":\"pl-PL\",\"url\":\"https:\/\/torebunia.pl\/sklep\/wp-content\/uploads\/2021\/01\/0ea6d9a68979d81de36b7b79049f3bd839d99e86.jpg\",\"width\":855,\"height\":1290,\"caption\":\"Diesel - Czapka\"},{\"@type\":\"WebPage\",\"@id\":\"https:\/\/torebunia.pl\/sklep\/produkt\/diesel-czapka\/#webpage\",\"url\":\"https:\/\/torebunia.pl\/sklep\/produkt\/diesel-czapka\/\",\"name\":\"Diesel - Czapka\",\"isPartOf\":{\"@id\":\"https:\/\/torebunia.pl\/sklep\/#website\"},\"primaryImageOfPage\":{\"@id\":\"https:\/\/torebunia.pl\/sklep\/produkt\/diesel-czapka\/#primaryimage\"},\"datePublished\":\"2020-12-09T09:16:02+00:00\",\"dateModified\":\"2021-01-25T14:07:11+00:00\",\"inLanguage\":\"pl-PL\",\"potentialAction\":[{\"@type\":\"ReadAction\",\"target\":[\"https:\/\/torebunia.pl\/sklep\/produkt\/diesel-czapka\/\"]}]}]}<\/script>\n<!-- \/ Yoast SEO plugin. -->","_links":{"self":[{"href":"https:\/\/torebunia.pl\/sklep\/wp-json\/wp\/v2\/product\/1635","targetHints":{"allow":["GET"]}}],"collection":[{"href":"https:\/\/torebunia.pl\/sklep\/wp-json\/wp\/v2\/product"}],"about":[{"href":"https:\/\/torebunia.pl\/sklep\/wp-json\/wp\/v2\/types\/product"}],"replies":[{"embeddable":true,"href":"https:\/\/torebunia.pl\/sklep\/wp-json\/wp\/v2\/comments?post=1635"}],"wp:featuredmedia":[{"embeddable":true,"href":"https:\/\/torebunia.pl\/sklep\/wp-json\/wp\/v2\/media\/1636"}],"wp:attachment":[{"href":"https:\/\/torebunia.pl\/sklep\/wp-json\/wp\/v2\/media?parent=1635"}],"curies":[{"name":"wp","href":"https:\/\/api.w.org\/{rel}","templated":true}]}}