{"id":1633,"date":"2020-08-20T23:37:07","date_gmt":"2020-08-20T23:37:07","guid":{"rendered":"https:\/\/torebunia.pl\/sklep\/produkt\/guess-jeans-kurtka-puchowa\/"},"modified":"2021-01-25T14:07:08","modified_gmt":"2021-01-25T14:07:08","slug":"guess-jeans-kurtka-puchowa","status":"publish","type":"product","link":"https:\/\/torebunia.pl\/sklep\/produkt\/guess-jeans-kurtka-puchowa\/","title":{"rendered":"Guess Jeans &#8211; Kurtka puchowa"},"content":{"rendered":"<p>Parametry produktu:<\/p>\n<ul>\n<li>cena: <strong>1299.0 PLN<\/strong><\/li>\n<li>marka: <strong>Guess<\/strong><\/li>\n<li>p\u0142e\u0107: <strong>Female<\/strong><\/li>\n<li>kategoria: <strong>ONA \/ Odzie\u017c \/ Kurtki i p\u0142aszcze \/ Kurtki d\u0142ugie<\/strong><\/li>\n<li>kolor: <strong>czarny<\/strong><\/li>\n<\/ul>\n<p>Opis:<br \/>\nKurtka puchowa z kolekcji Guess Jeans. Ocieplony model wykonany z g\u0142adkiego materia\u0142u. &#8211; Wype\u0142nienie z naturalnego puchu i pierza. &#8211; Kaptur z odpinanym sztucznym futerkiem. &#8211; Zapi\u0119cie na suwak. &#8211; Prosty fason. &#8211; Pikowany model. &#8211; Zapinane kieszenie. &#8211; Model na podszewce. &#8211; G\u0142adki materia\u0142. &#8211; D\u0142ugo\u015b\u0107 r\u0119kawa: 64 cm. &#8211; D\u0142ugo\u015b\u0107: 113 cm. &#8211; Szeroko\u015b\u0107 pod pachami: 49 cm. &#8211; Szeroko\u015b\u0107 w ramionach: 42 cm. &#8211; Wymiary podane dla rozmiaru: S. Podszewka: z podszewk\u0105 Kaptur: z kapturem Ocieplenie: puchowe lekkie Sk\u0142ad: Podszewka: 100 % Poliester, Wype\u0142nienie: 20 % Pierze, 80 % Puch, Materia\u0142 zasadniczy: 100 % Poliester ID produktu: 4900-KUD042 Kod producenta: W0BL93.WDAU0<\/p>\n","protected":false},"excerpt":{"rendered":"<p>Parametry produktu: cena: 1299.0 PLN marka: Guess p\u0142e\u0107: Female kategoria: ONA \/ Odzie\u017c \/ Kurtki i p\u0142aszcze \/ Kurtki d\u0142ugie kolor: czarny Opis: Kurtka puchowa z kolekcji Guess Jeans. Ocieplony<\/p>\n","protected":false},"featured_media":1634,"comment_status":"closed","ping_status":"open","template":"","meta":[],"class_list":{"0":"post-1633","1":"product","2":"type-product","3":"status-publish","5":"hentry","6":"product_cat-kurtki-dlugie","7":"product_cat-kurtki-i-plaszcze","8":"product_cat-odziez","9":"product_cat-ona","10":"product_tag-guess","11":"product_tag-guess-jeans-kurtka-puchowa"},"yoast_head":"<!-- This site is optimized with the Yoast SEO plugin v15.6.2 - https:\/\/yoast.com\/wordpress\/plugins\/seo\/ -->\n<title>Guess Jeans - Kurtka puchowa<\/title>\n<meta name=\"robots\" content=\"index, follow, max-snippet:-1, max-image-preview:large, max-video-preview:-1\" \/>\n<link rel=\"canonical\" href=\"https:\/\/torebunia.pl\/sklep\/produkt\/guess-jeans-kurtka-puchowa\/\" \/>\n<meta property=\"og:locale\" content=\"pl_PL\" \/>\n<meta property=\"og:type\" content=\"article\" \/>\n<meta property=\"og:title\" content=\"Guess Jeans - Kurtka puchowa\" \/>\n<meta property=\"og:description\" content=\"Parametry produktu: cena: 1299.0 PLN marka: Guess p\u0142e\u0107: Female kategoria: ONA \/ Odzie\u017c \/ Kurtki i p\u0142aszcze \/ Kurtki d\u0142ugie kolor: czarny Opis: Kurtka puchowa z kolekcji Guess Jeans. Ocieplony\" \/>\n<meta property=\"og:url\" content=\"https:\/\/torebunia.pl\/sklep\/produkt\/guess-jeans-kurtka-puchowa\/\" \/>\n<meta property=\"og:site_name\" content=\"Moje Blog\" \/>\n<meta property=\"article:modified_time\" content=\"2021-01-25T14:07:08+00:00\" \/>\n<meta property=\"og:image\" content=\"https:\/\/torebunia.pl\/sklep\/wp-content\/uploads\/2021\/01\/97a1d3c6f339cc69bd1f0e176f55ed20c5ccb9aa.jpg\" \/>\n\t<meta property=\"og:image:width\" content=\"855\" \/>\n\t<meta property=\"og:image:height\" content=\"1290\" \/>\n<meta name=\"twitter:card\" content=\"summary_large_image\" \/>\n<meta name=\"twitter:label1\" content=\"Est. reading time\">\n\t<meta name=\"twitter:data1\" content=\"1 minuta\">\n<script type=\"application\/ld+json\" class=\"yoast-schema-graph\">{\"@context\":\"https:\/\/schema.org\",\"@graph\":[{\"@type\":\"WebSite\",\"@id\":\"https:\/\/torebunia.pl\/sklep\/#website\",\"url\":\"https:\/\/torebunia.pl\/sklep\/\",\"name\":\"Moje Blog\",\"description\":\"Kolejna witryna WordPress\",\"potentialAction\":[{\"@type\":\"SearchAction\",\"target\":\"https:\/\/torebunia.pl\/sklep\/?s={search_term_string}\",\"query-input\":\"required name=search_term_string\"}],\"inLanguage\":\"pl-PL\"},{\"@type\":\"ImageObject\",\"@id\":\"https:\/\/torebunia.pl\/sklep\/produkt\/guess-jeans-kurtka-puchowa\/#primaryimage\",\"inLanguage\":\"pl-PL\",\"url\":\"https:\/\/torebunia.pl\/sklep\/wp-content\/uploads\/2021\/01\/97a1d3c6f339cc69bd1f0e176f55ed20c5ccb9aa.jpg\",\"width\":855,\"height\":1290,\"caption\":\"Guess Jeans - Kurtka puchowa\"},{\"@type\":\"WebPage\",\"@id\":\"https:\/\/torebunia.pl\/sklep\/produkt\/guess-jeans-kurtka-puchowa\/#webpage\",\"url\":\"https:\/\/torebunia.pl\/sklep\/produkt\/guess-jeans-kurtka-puchowa\/\",\"name\":\"Guess Jeans - Kurtka puchowa\",\"isPartOf\":{\"@id\":\"https:\/\/torebunia.pl\/sklep\/#website\"},\"primaryImageOfPage\":{\"@id\":\"https:\/\/torebunia.pl\/sklep\/produkt\/guess-jeans-kurtka-puchowa\/#primaryimage\"},\"datePublished\":\"2020-08-20T23:37:07+00:00\",\"dateModified\":\"2021-01-25T14:07:08+00:00\",\"inLanguage\":\"pl-PL\",\"potentialAction\":[{\"@type\":\"ReadAction\",\"target\":[\"https:\/\/torebunia.pl\/sklep\/produkt\/guess-jeans-kurtka-puchowa\/\"]}]}]}<\/script>\n<!-- \/ Yoast SEO plugin. -->","_links":{"self":[{"href":"https:\/\/torebunia.pl\/sklep\/wp-json\/wp\/v2\/product\/1633","targetHints":{"allow":["GET"]}}],"collection":[{"href":"https:\/\/torebunia.pl\/sklep\/wp-json\/wp\/v2\/product"}],"about":[{"href":"https:\/\/torebunia.pl\/sklep\/wp-json\/wp\/v2\/types\/product"}],"replies":[{"embeddable":true,"href":"https:\/\/torebunia.pl\/sklep\/wp-json\/wp\/v2\/comments?post=1633"}],"wp:featuredmedia":[{"embeddable":true,"href":"https:\/\/torebunia.pl\/sklep\/wp-json\/wp\/v2\/media\/1634"}],"wp:attachment":[{"href":"https:\/\/torebunia.pl\/sklep\/wp-json\/wp\/v2\/media?parent=1633"}],"curies":[{"name":"wp","href":"https:\/\/api.w.org\/{rel}","templated":true}]}}