{"id":16328,"date":"2020-12-16T21:45:48","date_gmt":"2020-12-16T21:45:48","guid":{"rendered":"https:\/\/torebunia.pl\/sklep\/produkt\/adidas-originals-nerka\/"},"modified":"2021-01-27T12:26:33","modified_gmt":"2021-01-27T12:26:33","slug":"adidas-originals-nerka","status":"publish","type":"product","link":"https:\/\/torebunia.pl\/sklep\/produkt\/adidas-originals-nerka\/","title":{"rendered":"adidas Originals &#8211; Nerka"},"content":{"rendered":"<p>Parametry produktu:<\/p>\n<ul>\n<li>cena: <strong>79.9 PLN<\/strong><\/li>\n<li>marka: <strong>adidas Originals<\/strong><\/li>\n<li>p\u0142e\u0107: <strong>Female<\/strong><\/li>\n<li>kategoria: <strong>ONA \/ Akcesoria \/ Torebki \/ Nerki i saszetki<\/strong><\/li>\n<li>kolor: <strong>r\u00f3\u017cowy<\/strong><\/li>\n<\/ul>\n<p>Opis:<br \/>\nMa\u0142a nerka z kolekcji adidas Originals. zapinany model wykonany z materia\u0142u tekstylnego. &#8211; Zapi\u0119cie na suwak. &#8211; Nie mie\u015bci formatu A4. &#8211; Nieodpinany d\u0142ugi pasek z regulacj\u0105. &#8211; Ozdobne detale. &#8211; G\u0142\u0119boko\u015b\u0107: 7 cm. &#8211; Wysoko\u015b\u0107: 11 cm. &#8211; Szeroko\u015b\u0107 u podstawy: 22 cm. Wz\u00f3r: nadruk Materia\u0142: tekstylny Wielko\u015b\u0107: nie mie\u015bci A4 Sk\u0142ad: Podszewka: 100 % Poliester, Materia\u0142 zasadniczy: 100 % Nylon ID produktu: 4900-TOD0WH Kod producenta: GD1650<\/p>\n","protected":false},"excerpt":{"rendered":"<p>Parametry produktu: cena: 79.9 PLN marka: adidas Originals p\u0142e\u0107: Female kategoria: ONA \/ Akcesoria \/ Torebki \/ Nerki i saszetki kolor: r\u00f3\u017cowy Opis: Ma\u0142a nerka z kolekcji adidas Originals. zapinany<\/p>\n","protected":false},"featured_media":16329,"comment_status":"closed","ping_status":"open","template":"","meta":[],"class_list":{"0":"post-16328","1":"product","2":"type-product","3":"status-publish","5":"hentry","6":"product_cat-akcesoria","7":"product_cat-nerki-i-saszetki","8":"product_cat-ona","9":"product_cat-torebki","10":"product_tag-adidas-originals","11":"product_tag-adidas-originals-nerka"},"yoast_head":"<!-- This site is optimized with the Yoast SEO plugin v15.6.2 - https:\/\/yoast.com\/wordpress\/plugins\/seo\/ -->\n<title>adidas Originals - Nerka<\/title>\n<meta name=\"robots\" content=\"index, follow, max-snippet:-1, max-image-preview:large, max-video-preview:-1\" \/>\n<link rel=\"canonical\" href=\"https:\/\/torebunia.pl\/sklep\/produkt\/adidas-originals-nerka\/\" \/>\n<meta property=\"og:locale\" content=\"pl_PL\" \/>\n<meta property=\"og:type\" content=\"article\" \/>\n<meta property=\"og:title\" content=\"adidas Originals - Nerka\" \/>\n<meta property=\"og:description\" content=\"Parametry produktu: cena: 79.9 PLN marka: adidas Originals p\u0142e\u0107: Female kategoria: ONA \/ Akcesoria \/ Torebki \/ Nerki i saszetki kolor: r\u00f3\u017cowy Opis: Ma\u0142a nerka z kolekcji adidas Originals. zapinany\" \/>\n<meta property=\"og:url\" content=\"https:\/\/torebunia.pl\/sklep\/produkt\/adidas-originals-nerka\/\" \/>\n<meta property=\"og:site_name\" content=\"Moje Blog\" \/>\n<meta property=\"article:modified_time\" content=\"2021-01-27T12:26:33+00:00\" \/>\n<meta property=\"og:image\" content=\"https:\/\/torebunia.pl\/sklep\/wp-content\/uploads\/2021\/01\/7245ec809593be3069c6fdbe8fbb092d265af40a.jpg\" \/>\n\t<meta property=\"og:image:width\" content=\"855\" \/>\n\t<meta property=\"og:image:height\" content=\"1290\" \/>\n<meta name=\"twitter:card\" content=\"summary_large_image\" \/>\n<script type=\"application\/ld+json\" class=\"yoast-schema-graph\">{\"@context\":\"https:\/\/schema.org\",\"@graph\":[{\"@type\":\"WebSite\",\"@id\":\"https:\/\/torebunia.pl\/sklep\/#website\",\"url\":\"https:\/\/torebunia.pl\/sklep\/\",\"name\":\"Moje Blog\",\"description\":\"Kolejna witryna WordPress\",\"potentialAction\":[{\"@type\":\"SearchAction\",\"target\":\"https:\/\/torebunia.pl\/sklep\/?s={search_term_string}\",\"query-input\":\"required name=search_term_string\"}],\"inLanguage\":\"pl-PL\"},{\"@type\":\"ImageObject\",\"@id\":\"https:\/\/torebunia.pl\/sklep\/produkt\/adidas-originals-nerka\/#primaryimage\",\"inLanguage\":\"pl-PL\",\"url\":\"https:\/\/torebunia.pl\/sklep\/wp-content\/uploads\/2021\/01\/7245ec809593be3069c6fdbe8fbb092d265af40a.jpg\",\"width\":855,\"height\":1290,\"caption\":\"adidas Originals - Nerka\"},{\"@type\":\"WebPage\",\"@id\":\"https:\/\/torebunia.pl\/sklep\/produkt\/adidas-originals-nerka\/#webpage\",\"url\":\"https:\/\/torebunia.pl\/sklep\/produkt\/adidas-originals-nerka\/\",\"name\":\"adidas Originals - Nerka\",\"isPartOf\":{\"@id\":\"https:\/\/torebunia.pl\/sklep\/#website\"},\"primaryImageOfPage\":{\"@id\":\"https:\/\/torebunia.pl\/sklep\/produkt\/adidas-originals-nerka\/#primaryimage\"},\"datePublished\":\"2020-12-16T21:45:48+00:00\",\"dateModified\":\"2021-01-27T12:26:33+00:00\",\"inLanguage\":\"pl-PL\",\"potentialAction\":[{\"@type\":\"ReadAction\",\"target\":[\"https:\/\/torebunia.pl\/sklep\/produkt\/adidas-originals-nerka\/\"]}]}]}<\/script>\n<!-- \/ Yoast SEO plugin. -->","_links":{"self":[{"href":"https:\/\/torebunia.pl\/sklep\/wp-json\/wp\/v2\/product\/16328","targetHints":{"allow":["GET"]}}],"collection":[{"href":"https:\/\/torebunia.pl\/sklep\/wp-json\/wp\/v2\/product"}],"about":[{"href":"https:\/\/torebunia.pl\/sklep\/wp-json\/wp\/v2\/types\/product"}],"replies":[{"embeddable":true,"href":"https:\/\/torebunia.pl\/sklep\/wp-json\/wp\/v2\/comments?post=16328"}],"wp:featuredmedia":[{"embeddable":true,"href":"https:\/\/torebunia.pl\/sklep\/wp-json\/wp\/v2\/media\/16329"}],"wp:attachment":[{"href":"https:\/\/torebunia.pl\/sklep\/wp-json\/wp\/v2\/media?parent=16328"}],"curies":[{"name":"wp","href":"https:\/\/api.w.org\/{rel}","templated":true}]}}