{"id":16240,"date":"2020-03-19T02:37:26","date_gmt":"2020-03-19T02:37:26","guid":{"rendered":"https:\/\/torebunia.pl\/sklep\/produkt\/fila-dres-3\/"},"modified":"2021-01-27T12:20:44","modified_gmt":"2021-01-27T12:20:44","slug":"fila-dres-3","status":"publish","type":"product","link":"https:\/\/torebunia.pl\/sklep\/produkt\/fila-dres-3\/","title":{"rendered":"Fila &#8211; Dres"},"content":{"rendered":"<p>Parametry produktu:<\/p>\n<ul>\n<li>cena: <strong>299.9 PLN<\/strong><\/li>\n<li>marka: <strong>Fila<\/strong><\/li>\n<li>p\u0142e\u0107: <strong>Female<\/strong><\/li>\n<li>kategoria: <strong>ONA \/ Odzie\u017c \/ Komplety<\/strong><\/li>\n<li>kolor: <strong>bia\u0142y<\/strong><\/li>\n<\/ul>\n<p>Opis:<br \/>\nKomplet dresowy z kolekcji Fila. Model wykonany z dzianiny. &#8211; R\u0119kawy wyko\u0144czone \u015bci\u0105gaczem. &#8211; D\u0142ugi r\u0119kaw. &#8211; Wsuwane kieszenie. &#8211; W talii elastyczny, szeroki panel. &#8211; Cienka, elastyczna dzianina. &#8211; Dopasowana nogawka. Wz\u00f3r: aplikacja Materia\u0142: dzianina ID produktu: 4901-DKD00O Kod producenta: FPS4013<\/p>\n","protected":false},"excerpt":{"rendered":"<p>Parametry produktu: cena: 299.9 PLN marka: Fila p\u0142e\u0107: Female kategoria: ONA \/ Odzie\u017c \/ Komplety kolor: bia\u0142y Opis: Komplet dresowy z kolekcji Fila. Model wykonany z dzianiny. &#8211; R\u0119kawy wyko\u0144czone<\/p>\n","protected":false},"featured_media":16241,"comment_status":"closed","ping_status":"open","template":"","meta":[],"class_list":{"0":"post-16240","1":"product","2":"type-product","3":"status-publish","5":"hentry","6":"product_cat-komplety","7":"product_cat-odziez","8":"product_cat-ona","9":"product_tag-fila","10":"product_tag-fila-dres"},"yoast_head":"<!-- This site is optimized with the Yoast SEO plugin v15.6.2 - https:\/\/yoast.com\/wordpress\/plugins\/seo\/ -->\n<title>Fila - Dres<\/title>\n<meta name=\"robots\" content=\"index, follow, max-snippet:-1, max-image-preview:large, max-video-preview:-1\" \/>\n<link rel=\"canonical\" href=\"https:\/\/torebunia.pl\/sklep\/produkt\/fila-dres-3\/\" \/>\n<meta property=\"og:locale\" content=\"pl_PL\" \/>\n<meta property=\"og:type\" content=\"article\" \/>\n<meta property=\"og:title\" content=\"Fila - Dres\" \/>\n<meta property=\"og:description\" content=\"Parametry produktu: cena: 299.9 PLN marka: Fila p\u0142e\u0107: Female kategoria: ONA \/ Odzie\u017c \/ Komplety kolor: bia\u0142y Opis: Komplet dresowy z kolekcji Fila. Model wykonany z dzianiny. &#8211; R\u0119kawy wyko\u0144czone\" \/>\n<meta property=\"og:url\" content=\"https:\/\/torebunia.pl\/sklep\/produkt\/fila-dres-3\/\" \/>\n<meta property=\"og:site_name\" content=\"Moje Blog\" \/>\n<meta property=\"article:modified_time\" content=\"2021-01-27T12:20:44+00:00\" \/>\n<meta property=\"og:image\" content=\"https:\/\/torebunia.pl\/sklep\/wp-content\/uploads\/2021\/01\/14c97360338681a4a2bd1c627eb4c2bf3b21ec13-1.jpg\" \/>\n\t<meta property=\"og:image:width\" content=\"855\" \/>\n\t<meta property=\"og:image:height\" content=\"1290\" \/>\n<meta name=\"twitter:card\" content=\"summary_large_image\" \/>\n<script type=\"application\/ld+json\" class=\"yoast-schema-graph\">{\"@context\":\"https:\/\/schema.org\",\"@graph\":[{\"@type\":\"WebSite\",\"@id\":\"https:\/\/torebunia.pl\/sklep\/#website\",\"url\":\"https:\/\/torebunia.pl\/sklep\/\",\"name\":\"Moje Blog\",\"description\":\"Kolejna witryna WordPress\",\"potentialAction\":[{\"@type\":\"SearchAction\",\"target\":\"https:\/\/torebunia.pl\/sklep\/?s={search_term_string}\",\"query-input\":\"required name=search_term_string\"}],\"inLanguage\":\"pl-PL\"},{\"@type\":\"ImageObject\",\"@id\":\"https:\/\/torebunia.pl\/sklep\/produkt\/fila-dres-3\/#primaryimage\",\"inLanguage\":\"pl-PL\",\"url\":\"https:\/\/torebunia.pl\/sklep\/wp-content\/uploads\/2021\/01\/14c97360338681a4a2bd1c627eb4c2bf3b21ec13-1.jpg\",\"width\":855,\"height\":1290,\"caption\":\"Fila - Dres\"},{\"@type\":\"WebPage\",\"@id\":\"https:\/\/torebunia.pl\/sklep\/produkt\/fila-dres-3\/#webpage\",\"url\":\"https:\/\/torebunia.pl\/sklep\/produkt\/fila-dres-3\/\",\"name\":\"Fila - Dres\",\"isPartOf\":{\"@id\":\"https:\/\/torebunia.pl\/sklep\/#website\"},\"primaryImageOfPage\":{\"@id\":\"https:\/\/torebunia.pl\/sklep\/produkt\/fila-dres-3\/#primaryimage\"},\"datePublished\":\"2020-03-19T02:37:26+00:00\",\"dateModified\":\"2021-01-27T12:20:44+00:00\",\"inLanguage\":\"pl-PL\",\"potentialAction\":[{\"@type\":\"ReadAction\",\"target\":[\"https:\/\/torebunia.pl\/sklep\/produkt\/fila-dres-3\/\"]}]}]}<\/script>\n<!-- \/ Yoast SEO plugin. -->","_links":{"self":[{"href":"https:\/\/torebunia.pl\/sklep\/wp-json\/wp\/v2\/product\/16240","targetHints":{"allow":["GET"]}}],"collection":[{"href":"https:\/\/torebunia.pl\/sklep\/wp-json\/wp\/v2\/product"}],"about":[{"href":"https:\/\/torebunia.pl\/sklep\/wp-json\/wp\/v2\/types\/product"}],"replies":[{"embeddable":true,"href":"https:\/\/torebunia.pl\/sklep\/wp-json\/wp\/v2\/comments?post=16240"}],"wp:featuredmedia":[{"embeddable":true,"href":"https:\/\/torebunia.pl\/sklep\/wp-json\/wp\/v2\/media\/16241"}],"wp:attachment":[{"href":"https:\/\/torebunia.pl\/sklep\/wp-json\/wp\/v2\/media?parent=16240"}],"curies":[{"name":"wp","href":"https:\/\/api.w.org\/{rel}","templated":true}]}}