{"id":16222,"date":"2020-08-25T07:31:31","date_gmt":"2020-08-25T07:31:31","guid":{"rendered":"https:\/\/torebunia.pl\/sklep\/produkt\/adidas-by-stella-mccartney-szorty\/"},"modified":"2021-01-27T12:19:45","modified_gmt":"2021-01-27T12:19:45","slug":"adidas-by-stella-mccartney-szorty","status":"publish","type":"product","link":"https:\/\/torebunia.pl\/sklep\/produkt\/adidas-by-stella-mccartney-szorty\/","title":{"rendered":"adidas by Stella McCartney &#8211; Szorty"},"content":{"rendered":"<p>Parametry produktu:<\/p>\n<ul>\n<li>cena: <strong>329.9 PLN<\/strong><\/li>\n<li>marka: <strong>adidas by Stella McCartney<\/strong><\/li>\n<li>p\u0142e\u0107: <strong>Female<\/strong><\/li>\n<li>kategoria: <strong>ONA \/ Odzie\u017c \/ Szorty<\/strong><\/li>\n<li>kolor: <strong>czarny<\/strong><\/li>\n<\/ul>\n<p>Opis:<br \/>\nSzorty z kolekcji adidas by Stella McCartney. Model wykonany z g\u0142adkiego materia\u0142u. &#8211; Ten produkt zosta\u0142 cz\u0119\u015bciowo uszyty z poliestru pochodz\u0105cego z recyklingu. &#8211; Lu\u017any model. &#8211; Wsuwane kieszenie. &#8211; Elastyczna listwa w pasie. &#8211; G\u0142adka tkanina. &#8211; Szeroko\u015b\u0107 w pasie: 33 cm. &#8211; Szeroko\u015b\u0107 w biodrach: 44 cm. &#8211; Wysoko\u015b\u0107 stanu: 30 cm. &#8211; Szeroko\u015b\u0107 nogawki: 21 cm. &#8211; D\u0142ugo\u015b\u0107: 37 cm. &#8211; Wymiary podane dla rozmiaru: S. Wz\u00f3r: g\u0142adkie Materia\u0142: tkanina Materia\u0142: z elastanem Okazje: sport Talia: high Sk\u0142ad: Materia\u0142 1: 14 % Elastan, 86 % Poliester z recyklingu, Materia\u0142 2: 9 % Elastan, 91 % Poliester z recyklingu ID produktu: 4891-SZD04K Kod producenta: FU0280<\/p>\n","protected":false},"excerpt":{"rendered":"<p>Parametry produktu: cena: 329.9 PLN marka: adidas by Stella McCartney p\u0142e\u0107: Female kategoria: ONA \/ Odzie\u017c \/ Szorty kolor: czarny Opis: Szorty z kolekcji adidas by Stella McCartney. Model wykonany<\/p>\n","protected":false},"featured_media":16223,"comment_status":"closed","ping_status":"open","template":"","meta":[],"class_list":{"0":"post-16222","1":"product","2":"type-product","3":"status-publish","5":"hentry","6":"product_cat-odziez","7":"product_cat-ona","8":"product_cat-szorty","9":"product_tag-adidas-by-stella-mccartney","10":"product_tag-adidas-by-stella-mccartney-szorty"},"yoast_head":"<!-- This site is optimized with the Yoast SEO plugin v15.6.2 - https:\/\/yoast.com\/wordpress\/plugins\/seo\/ -->\n<title>adidas by Stella McCartney - Szorty<\/title>\n<meta name=\"robots\" content=\"index, follow, max-snippet:-1, max-image-preview:large, max-video-preview:-1\" \/>\n<link rel=\"canonical\" href=\"https:\/\/torebunia.pl\/sklep\/produkt\/adidas-by-stella-mccartney-szorty\/\" \/>\n<meta property=\"og:locale\" content=\"pl_PL\" \/>\n<meta property=\"og:type\" content=\"article\" \/>\n<meta property=\"og:title\" content=\"adidas by Stella McCartney - Szorty\" \/>\n<meta property=\"og:description\" content=\"Parametry produktu: cena: 329.9 PLN marka: adidas by Stella McCartney p\u0142e\u0107: Female kategoria: ONA \/ Odzie\u017c \/ Szorty kolor: czarny Opis: Szorty z kolekcji adidas by Stella McCartney. Model wykonany\" \/>\n<meta property=\"og:url\" content=\"https:\/\/torebunia.pl\/sklep\/produkt\/adidas-by-stella-mccartney-szorty\/\" \/>\n<meta property=\"og:site_name\" content=\"Moje Blog\" \/>\n<meta property=\"article:modified_time\" content=\"2021-01-27T12:19:45+00:00\" \/>\n<meta property=\"og:image\" content=\"https:\/\/torebunia.pl\/sklep\/wp-content\/uploads\/2021\/01\/c71463331f8a505f8fd590afb49dae64dbd4f9ab.jpg\" \/>\n\t<meta property=\"og:image:width\" content=\"855\" \/>\n\t<meta property=\"og:image:height\" content=\"1290\" \/>\n<meta name=\"twitter:card\" content=\"summary_large_image\" \/>\n<meta name=\"twitter:label1\" content=\"Est. reading time\">\n\t<meta name=\"twitter:data1\" content=\"1 minuta\">\n<script type=\"application\/ld+json\" class=\"yoast-schema-graph\">{\"@context\":\"https:\/\/schema.org\",\"@graph\":[{\"@type\":\"WebSite\",\"@id\":\"https:\/\/torebunia.pl\/sklep\/#website\",\"url\":\"https:\/\/torebunia.pl\/sklep\/\",\"name\":\"Moje Blog\",\"description\":\"Kolejna witryna WordPress\",\"potentialAction\":[{\"@type\":\"SearchAction\",\"target\":\"https:\/\/torebunia.pl\/sklep\/?s={search_term_string}\",\"query-input\":\"required name=search_term_string\"}],\"inLanguage\":\"pl-PL\"},{\"@type\":\"ImageObject\",\"@id\":\"https:\/\/torebunia.pl\/sklep\/produkt\/adidas-by-stella-mccartney-szorty\/#primaryimage\",\"inLanguage\":\"pl-PL\",\"url\":\"https:\/\/torebunia.pl\/sklep\/wp-content\/uploads\/2021\/01\/c71463331f8a505f8fd590afb49dae64dbd4f9ab.jpg\",\"width\":855,\"height\":1290,\"caption\":\"adidas by Stella McCartney - Szorty\"},{\"@type\":\"WebPage\",\"@id\":\"https:\/\/torebunia.pl\/sklep\/produkt\/adidas-by-stella-mccartney-szorty\/#webpage\",\"url\":\"https:\/\/torebunia.pl\/sklep\/produkt\/adidas-by-stella-mccartney-szorty\/\",\"name\":\"adidas by Stella McCartney - Szorty\",\"isPartOf\":{\"@id\":\"https:\/\/torebunia.pl\/sklep\/#website\"},\"primaryImageOfPage\":{\"@id\":\"https:\/\/torebunia.pl\/sklep\/produkt\/adidas-by-stella-mccartney-szorty\/#primaryimage\"},\"datePublished\":\"2020-08-25T07:31:31+00:00\",\"dateModified\":\"2021-01-27T12:19:45+00:00\",\"inLanguage\":\"pl-PL\",\"potentialAction\":[{\"@type\":\"ReadAction\",\"target\":[\"https:\/\/torebunia.pl\/sklep\/produkt\/adidas-by-stella-mccartney-szorty\/\"]}]}]}<\/script>\n<!-- \/ Yoast SEO plugin. -->","_links":{"self":[{"href":"https:\/\/torebunia.pl\/sklep\/wp-json\/wp\/v2\/product\/16222","targetHints":{"allow":["GET"]}}],"collection":[{"href":"https:\/\/torebunia.pl\/sklep\/wp-json\/wp\/v2\/product"}],"about":[{"href":"https:\/\/torebunia.pl\/sklep\/wp-json\/wp\/v2\/types\/product"}],"replies":[{"embeddable":true,"href":"https:\/\/torebunia.pl\/sklep\/wp-json\/wp\/v2\/comments?post=16222"}],"wp:featuredmedia":[{"embeddable":true,"href":"https:\/\/torebunia.pl\/sklep\/wp-json\/wp\/v2\/media\/16223"}],"wp:attachment":[{"href":"https:\/\/torebunia.pl\/sklep\/wp-json\/wp\/v2\/media?parent=16222"}],"curies":[{"name":"wp","href":"https:\/\/api.w.org\/{rel}","templated":true}]}}